{"id":732899,"date":"2025-03-03T16:17:24","date_gmt":"2025-03-03T15:17:24","guid":{"rendered":"https:\/\/stoic-curie.212-227-153-4.plesk.page\/producto\/umlenkrolle-antal-einfach-50mm-fuer-leinen-bis-10mm\/"},"modified":"2026-02-24T23:34:37","modified_gmt":"2026-02-24T23:34:37","slug":"umlenkrolle-antal-einfach-50mm-fuer-leinen-bis-10mm","status":"publish","type":"product","link":"https:\/\/stoic-curie.212-227-153-4.plesk.page\/de\/product\/umlenkrolle-antal-einfach-50mm-fuer-leinen-bis-10mm\/","title":{"rendered":"Umlenkrolle Antal einfach 50mm f\u00fcr Leinen bis 10mm"},"content":{"rendered":"<p>Umlenkrolle Antal einfach 50mm f\u00fcr Leinen bis 10mm &#8211; <\/p>\n<p>Ein robustes, eines Teils aus Teflon beschichteter, oxidierter Aluminiumrahmen ohne Schrauben und Stifte. Komposite Faserrollen und doppelt selbstsperrende Kugellager, die keine Schmierung ben\u00f6tigen. Komplett mit Hochleistungs-Edelstahl-Drehkopf und -Sch\u00e4kel. Die hochwertigen Materialien garantieren hohe Arbeitsbelastungen und zus\u00e4tzliches geringes Gewicht.<\/p>\n","protected":false},"excerpt":{"rendered":"<p>Umlenkrolle Antal einfach 50mm f\u00fcr Leinen bis 10mm &#8211; Ein robustes, eines Teils aus Teflon beschichteter, oxidierter Aluminiumrahmen ohne Schrauben<\/p>\n","protected":false},"featured_media":5936714,"comment_status":"open","ping_status":"closed","template":"","meta":[],"product_brand":[2785],"product_cat":[1475],"product_tag":[],"class_list":{"0":"post-732899","1":"product","2":"type-product","3":"status-publish","4":"has-post-thumbnail","6":"product_brand-antal-de","7":"product_cat-antal-bloecke","9":"first","10":"instock","11":"shipping-taxable","12":"purchasable","13":"product-type-simple"},"_links":{"self":[{"href":"https:\/\/stoic-curie.212-227-153-4.plesk.page\/de\/wp-json\/wp\/v2\/product\/732899","targetHints":{"allow":["GET"]}}],"collection":[{"href":"https:\/\/stoic-curie.212-227-153-4.plesk.page\/de\/wp-json\/wp\/v2\/product"}],"about":[{"href":"https:\/\/stoic-curie.212-227-153-4.plesk.page\/de\/wp-json\/wp\/v2\/types\/product"}],"replies":[{"embeddable":true,"href":"https:\/\/stoic-curie.212-227-153-4.plesk.page\/de\/wp-json\/wp\/v2\/comments?post=732899"}],"version-history":[{"count":0,"href":"https:\/\/stoic-curie.212-227-153-4.plesk.page\/de\/wp-json\/wp\/v2\/product\/732899\/revisions"}],"wp:featuredmedia":[{"embeddable":true,"href":"https:\/\/stoic-curie.212-227-153-4.plesk.page\/de\/wp-json\/wp\/v2\/media\/5936714"}],"wp:attachment":[{"href":"https:\/\/stoic-curie.212-227-153-4.plesk.page\/de\/wp-json\/wp\/v2\/media?parent=732899"}],"wp:term":[{"taxonomy":"product_brand","embeddable":true,"href":"https:\/\/stoic-curie.212-227-153-4.plesk.page\/de\/wp-json\/wp\/v2\/product_brand?post=732899"},{"taxonomy":"product_cat","embeddable":true,"href":"https:\/\/stoic-curie.212-227-153-4.plesk.page\/de\/wp-json\/wp\/v2\/product_cat?post=732899"},{"taxonomy":"product_tag","embeddable":true,"href":"https:\/\/stoic-curie.212-227-153-4.plesk.page\/de\/wp-json\/wp\/v2\/product_tag?post=732899"}],"curies":[{"name":"wp","href":"https:\/\/api.w.org\/{rel}","templated":true}]}}