{"id":732907,"date":"2025-03-03T16:17:25","date_gmt":"2025-03-03T15:17:25","guid":{"rendered":"https:\/\/stoic-curie.212-227-153-4.plesk.page\/producto\/backenblock-single-antal-50mm-fuer-linien-bis-10mm\/"},"modified":"2026-02-24T23:34:37","modified_gmt":"2026-02-24T23:34:37","slug":"backenblock-single-antal-50mm-fuer-linien-bis-10mm","status":"publish","type":"product","link":"https:\/\/stoic-curie.212-227-153-4.plesk.page\/de\/product\/backenblock-single-antal-50mm-fuer-linien-bis-10mm\/","title":{"rendered":"Backenblock Single Antal 50mm f\u00fcr Linien bis 10mm"},"content":{"rendered":"<p>Backenblock Single Antal 50mm f\u00fcr Linien bis 10mm &#8211; <\/p>\n<p>Einteilige, teflonbeschichtete schwarze oxidierte Aluminiumrahmen, sehr robuste Bl\u00f6cke ohne Schrauben und Stifte. Verbundfaser-Rollen und doppelt selbsttragendes Kugellager, das keine Schmierung ben\u00f6tigt. Komplett mit hochfesten Edelstahlschrauben. Die hochwertigen Materialien garantieren hohe Arbeitslasten und zus\u00e4tzliches leichtes Gewicht.<\/p>\n","protected":false},"excerpt":{"rendered":"<p>Backenblock Single Antal 50mm f\u00fcr Linien bis 10mm &#8211; Einteilige, teflonbeschichtete schwarze oxidierte Aluminiumrahmen, sehr robuste Bl\u00f6cke ohne Schrauben und<\/p>\n","protected":false},"featured_media":2907346,"comment_status":"open","ping_status":"closed","template":"","meta":[],"product_brand":[2219,2785],"product_cat":[1475,1473],"product_tag":[],"class_list":{"0":"post-732907","1":"product","2":"type-product","3":"status-publish","4":"has-post-thumbnail","6":"product_brand-antal","7":"product_brand-antal-de","8":"product_cat-antal-bloecke","9":"product_cat-deck-organizer","11":"first","12":"instock","13":"shipping-taxable","14":"purchasable","15":"product-type-simple"},"_links":{"self":[{"href":"https:\/\/stoic-curie.212-227-153-4.plesk.page\/de\/wp-json\/wp\/v2\/product\/732907","targetHints":{"allow":["GET"]}}],"collection":[{"href":"https:\/\/stoic-curie.212-227-153-4.plesk.page\/de\/wp-json\/wp\/v2\/product"}],"about":[{"href":"https:\/\/stoic-curie.212-227-153-4.plesk.page\/de\/wp-json\/wp\/v2\/types\/product"}],"replies":[{"embeddable":true,"href":"https:\/\/stoic-curie.212-227-153-4.plesk.page\/de\/wp-json\/wp\/v2\/comments?post=732907"}],"version-history":[{"count":0,"href":"https:\/\/stoic-curie.212-227-153-4.plesk.page\/de\/wp-json\/wp\/v2\/product\/732907\/revisions"}],"wp:featuredmedia":[{"embeddable":true,"href":"https:\/\/stoic-curie.212-227-153-4.plesk.page\/de\/wp-json\/"}],"wp:attachment":[{"href":"https:\/\/stoic-curie.212-227-153-4.plesk.page\/de\/wp-json\/wp\/v2\/media?parent=732907"}],"wp:term":[{"taxonomy":"product_brand","embeddable":true,"href":"https:\/\/stoic-curie.212-227-153-4.plesk.page\/de\/wp-json\/wp\/v2\/product_brand?post=732907"},{"taxonomy":"product_cat","embeddable":true,"href":"https:\/\/stoic-curie.212-227-153-4.plesk.page\/de\/wp-json\/wp\/v2\/product_cat?post=732907"},{"taxonomy":"product_tag","embeddable":true,"href":"https:\/\/stoic-curie.212-227-153-4.plesk.page\/de\/wp-json\/wp\/v2\/product_tag?post=732907"}],"curies":[{"name":"wp","href":"https:\/\/api.w.org\/{rel}","templated":true}]}}