{"id":732916,"date":"2025-03-03T16:17:27","date_gmt":"2025-03-03T15:17:27","guid":{"rendered":"https:\/\/stoic-curie.212-227-153-4.plesk.page\/producto\/antal-power-grip-winschkurbel-doppelt-250-mm\/"},"modified":"2026-02-24T23:34:37","modified_gmt":"2026-02-24T23:34:37","slug":"antal-power-grip-winschkurbel-doppelt-250-mm","status":"publish","type":"product","link":"https:\/\/stoic-curie.212-227-153-4.plesk.page\/de\/product\/antal-power-grip-winschkurbel-doppelt-250-mm\/","title":{"rendered":"Antal Power-Grip Winschkurbel Doppelt 250 mm"},"content":{"rendered":"<p>Antal Power-Grip Winschkurbel Doppelt 250 mm &#8211; <\/p>\n<p>Extrem leichte schwarze Aluminium 250 mm (10&#8243;) Griffe. Verf\u00fcgbar mit Doppelgriff und neuem Kugelgriff. Der geschmiedete Aluminiumsgriffarm ist durch L\u00f6cher erleichtert und extrem leicht sowie resistent gegen die st\u00e4rksten Torsionen. Der Griff ist mit Gummi \u00fcberzogen, um einen festen Halt zu gew\u00e4hrleisten, und l\u00e4uft auf zwei Kugellagern, um die Effizienz zu steigern. Alle Modelle sind mit dem Schl\u00f6sersystem erh\u00e4ltlich, das den Griff automatisch auf der Winde verriegelt.<\/p>\n","protected":false},"excerpt":{"rendered":"<p>Antal Power-Grip Winschkurbel Doppelt 250 mm &#8211; Extrem leichte schwarze Aluminium 250 mm (10&#8243;) Griffe. Verf\u00fcgbar mit Doppelgriff und neuem<\/p>\n","protected":false},"featured_media":5936669,"comment_status":"open","ping_status":"closed","template":"","meta":[],"product_brand":[2785],"product_cat":[1486],"product_tag":[],"class_list":{"0":"post-732916","1":"product","2":"type-product","3":"status-publish","4":"has-post-thumbnail","6":"product_brand-antal-de","7":"product_cat-antal-winden","9":"first","10":"instock","11":"shipping-taxable","12":"purchasable","13":"product-type-simple"},"_links":{"self":[{"href":"https:\/\/stoic-curie.212-227-153-4.plesk.page\/de\/wp-json\/wp\/v2\/product\/732916","targetHints":{"allow":["GET"]}}],"collection":[{"href":"https:\/\/stoic-curie.212-227-153-4.plesk.page\/de\/wp-json\/wp\/v2\/product"}],"about":[{"href":"https:\/\/stoic-curie.212-227-153-4.plesk.page\/de\/wp-json\/wp\/v2\/types\/product"}],"replies":[{"embeddable":true,"href":"https:\/\/stoic-curie.212-227-153-4.plesk.page\/de\/wp-json\/wp\/v2\/comments?post=732916"}],"version-history":[{"count":0,"href":"https:\/\/stoic-curie.212-227-153-4.plesk.page\/de\/wp-json\/wp\/v2\/product\/732916\/revisions"}],"wp:featuredmedia":[{"embeddable":true,"href":"https:\/\/stoic-curie.212-227-153-4.plesk.page\/de\/wp-json\/wp\/v2\/media\/5936669"}],"wp:attachment":[{"href":"https:\/\/stoic-curie.212-227-153-4.plesk.page\/de\/wp-json\/wp\/v2\/media?parent=732916"}],"wp:term":[{"taxonomy":"product_brand","embeddable":true,"href":"https:\/\/stoic-curie.212-227-153-4.plesk.page\/de\/wp-json\/wp\/v2\/product_brand?post=732916"},{"taxonomy":"product_cat","embeddable":true,"href":"https:\/\/stoic-curie.212-227-153-4.plesk.page\/de\/wp-json\/wp\/v2\/product_cat?post=732916"},{"taxonomy":"product_tag","embeddable":true,"href":"https:\/\/stoic-curie.212-227-153-4.plesk.page\/de\/wp-json\/wp\/v2\/product_tag?post=732916"}],"curies":[{"name":"wp","href":"https:\/\/api.w.org\/{rel}","templated":true}]}}