{"id":732918,"date":"2025-03-03T16:17:27","date_gmt":"2025-03-03T15:17:27","guid":{"rendered":"https:\/\/stoic-curie.212-227-153-4.plesk.page\/producto\/antal-einzelblock-mit-wantenspanner-klemme-50-mm-10-mm-leine\/"},"modified":"2026-02-24T23:34:37","modified_gmt":"2026-02-24T23:34:37","slug":"antal-einzelblock-mit-wantenspanner-klemme-50-mm-10-mm-leine","status":"publish","type":"product","link":"https:\/\/stoic-curie.212-227-153-4.plesk.page\/de\/product\/antal-einzelblock-mit-wantenspanner-klemme-50-mm-10-mm-leine\/","title":{"rendered":"Antal Einzelblock mit Wantenspanner + Klemme 50 mm (10 mm Leine)"},"content":{"rendered":"<p>Antal Einzelblock mit Wantenspanner + Klemme 50 mm (10 mm Leine) &#8211; <\/p>\n<p>Ein St\u00fcck Teflon-beschichteter schwarzer oxidierter Aluminiumrahmen, sehr robuste Bl\u00f6cke ohne Schrauben und Stifte. Verbundfaser-Scheiben und doppelte selbstsichernde Kugellager, die keine Schmierung ben\u00f6tigen. Voll ausgestattet mit einem hochbelastbaren oberen Drehpunkt aus rostfreiem Stahl und einem Sch\u00e4kel. Die hochwertigen Materialien garantieren hohe Belastungen und zus\u00e4tzliches geringes Gewicht.<\/p>\n","protected":false},"excerpt":{"rendered":"<p>Antal Einzelblock mit Wantenspanner + Klemme 50 mm (10 mm Leine) &#8211; Ein St\u00fcck Teflon-beschichteter schwarzer oxidierter Aluminiumrahmen, sehr robuste<\/p>\n","protected":false},"featured_media":5936747,"comment_status":"open","ping_status":"closed","template":"","meta":[],"product_brand":[2785],"product_cat":[1475],"product_tag":[],"class_list":{"0":"post-732918","1":"product","2":"type-product","3":"status-publish","4":"has-post-thumbnail","6":"product_brand-antal-de","7":"product_cat-antal-bloecke","9":"first","10":"instock","11":"shipping-taxable","12":"purchasable","13":"product-type-simple"},"_links":{"self":[{"href":"https:\/\/stoic-curie.212-227-153-4.plesk.page\/de\/wp-json\/wp\/v2\/product\/732918","targetHints":{"allow":["GET"]}}],"collection":[{"href":"https:\/\/stoic-curie.212-227-153-4.plesk.page\/de\/wp-json\/wp\/v2\/product"}],"about":[{"href":"https:\/\/stoic-curie.212-227-153-4.plesk.page\/de\/wp-json\/wp\/v2\/types\/product"}],"replies":[{"embeddable":true,"href":"https:\/\/stoic-curie.212-227-153-4.plesk.page\/de\/wp-json\/wp\/v2\/comments?post=732918"}],"version-history":[{"count":0,"href":"https:\/\/stoic-curie.212-227-153-4.plesk.page\/de\/wp-json\/wp\/v2\/product\/732918\/revisions"}],"wp:featuredmedia":[{"embeddable":true,"href":"https:\/\/stoic-curie.212-227-153-4.plesk.page\/de\/wp-json\/wp\/v2\/media\/5936747"}],"wp:attachment":[{"href":"https:\/\/stoic-curie.212-227-153-4.plesk.page\/de\/wp-json\/wp\/v2\/media?parent=732918"}],"wp:term":[{"taxonomy":"product_brand","embeddable":true,"href":"https:\/\/stoic-curie.212-227-153-4.plesk.page\/de\/wp-json\/wp\/v2\/product_brand?post=732918"},{"taxonomy":"product_cat","embeddable":true,"href":"https:\/\/stoic-curie.212-227-153-4.plesk.page\/de\/wp-json\/wp\/v2\/product_cat?post=732918"},{"taxonomy":"product_tag","embeddable":true,"href":"https:\/\/stoic-curie.212-227-153-4.plesk.page\/de\/wp-json\/wp\/v2\/product_tag?post=732918"}],"curies":[{"name":"wp","href":"https:\/\/api.w.org\/{rel}","templated":true}]}}