{"id":732921,"date":"2025-03-03T16:17:28","date_gmt":"2025-03-03T15:17:28","guid":{"rendered":"https:\/\/stoic-curie.212-227-153-4.plesk.page\/producto\/antal-doppelrolle-mit-klemme-50-mm-10-mm-leine\/"},"modified":"2026-02-24T23:34:37","modified_gmt":"2026-02-24T23:34:37","slug":"antal-doppelrolle-mit-klemme-50-mm-10-mm-leine","status":"publish","type":"product","link":"https:\/\/stoic-curie.212-227-153-4.plesk.page\/de\/product\/antal-doppelrolle-mit-klemme-50-mm-10-mm-leine\/","title":{"rendered":"Antal Doppelrolle mit Klemme 50 mm (10 mm Leine)"},"content":{"rendered":"<p>Antal Doppelrolle mit Klemme 50 mm (10 mm Leine) &#8211; <\/p>\n<p>Ein einteiliger, teflonbeschichteter schwarzer, oxidierter Aluminiumrahmen, \u00e4u\u00dferst robuste Blende ohne Schrauben und Stifte. Verbundfaserrollen und doppelt selbstfangendes Kugellager, das keine Schmierung ben\u00f6tigt. Komplett mit hochfestem rostfreiem Stahl-Schnapper und Sch\u00e4keln. Die hochwertigen Materialien garantieren hohe Arbeitslasten und zus\u00e4tzliches Gewichtseinsparung.<\/p>\n","protected":false},"excerpt":{"rendered":"<p>Antal Doppelrolle mit Klemme 50 mm (10 mm Leine) &#8211; Ein einteiliger, teflonbeschichteter schwarzer, oxidierter Aluminiumrahmen, \u00e4u\u00dferst robuste Blende ohne<\/p>\n","protected":false},"featured_media":5936753,"comment_status":"open","ping_status":"closed","template":"","meta":[],"product_brand":[2785],"product_cat":[1475],"product_tag":[],"class_list":{"0":"post-732921","1":"product","2":"type-product","3":"status-publish","4":"has-post-thumbnail","6":"product_brand-antal-de","7":"product_cat-antal-bloecke","9":"first","10":"outofstock","11":"shipping-taxable","12":"purchasable","13":"product-type-simple"},"_links":{"self":[{"href":"https:\/\/stoic-curie.212-227-153-4.plesk.page\/de\/wp-json\/wp\/v2\/product\/732921","targetHints":{"allow":["GET"]}}],"collection":[{"href":"https:\/\/stoic-curie.212-227-153-4.plesk.page\/de\/wp-json\/wp\/v2\/product"}],"about":[{"href":"https:\/\/stoic-curie.212-227-153-4.plesk.page\/de\/wp-json\/wp\/v2\/types\/product"}],"replies":[{"embeddable":true,"href":"https:\/\/stoic-curie.212-227-153-4.plesk.page\/de\/wp-json\/wp\/v2\/comments?post=732921"}],"version-history":[{"count":0,"href":"https:\/\/stoic-curie.212-227-153-4.plesk.page\/de\/wp-json\/wp\/v2\/product\/732921\/revisions"}],"wp:featuredmedia":[{"embeddable":true,"href":"https:\/\/stoic-curie.212-227-153-4.plesk.page\/de\/wp-json\/wp\/v2\/media\/5936753"}],"wp:attachment":[{"href":"https:\/\/stoic-curie.212-227-153-4.plesk.page\/de\/wp-json\/wp\/v2\/media?parent=732921"}],"wp:term":[{"taxonomy":"product_brand","embeddable":true,"href":"https:\/\/stoic-curie.212-227-153-4.plesk.page\/de\/wp-json\/wp\/v2\/product_brand?post=732921"},{"taxonomy":"product_cat","embeddable":true,"href":"https:\/\/stoic-curie.212-227-153-4.plesk.page\/de\/wp-json\/wp\/v2\/product_cat?post=732921"},{"taxonomy":"product_tag","embeddable":true,"href":"https:\/\/stoic-curie.212-227-153-4.plesk.page\/de\/wp-json\/wp\/v2\/product_tag?post=732921"}],"curies":[{"name":"wp","href":"https:\/\/api.w.org\/{rel}","templated":true}]}}