{"id":732927,"date":"2025-03-03T16:17:30","date_gmt":"2025-03-03T15:17:30","guid":{"rendered":"https:\/\/stoic-curie.212-227-153-4.plesk.page\/producto\/umlenkrolle-antal-einfach-mit-schaekel-60mm-fuer-12mm-leinen\/"},"modified":"2026-02-24T23:34:37","modified_gmt":"2026-02-24T23:34:37","slug":"umlenkrolle-antal-einfach-mit-schaekel-60mm-fuer-12mm-leinen","status":"publish","type":"product","link":"https:\/\/stoic-curie.212-227-153-4.plesk.page\/de\/product\/umlenkrolle-antal-einfach-mit-schaekel-60mm-fuer-12mm-leinen\/","title":{"rendered":"Umlenkrolle Antal Einfach mit Sch\u00e4kel 60mm f\u00fcr 12mm Leinen"},"content":{"rendered":"<p>Umlenkrolle Antal Einfach mit Sch\u00e4kel 60mm f\u00fcr 12mm Leinen &#8211; <\/p>\n<p>Einteiliger, teflonbeschichteter, schwarzer oxidierter Aluminiumrahmen, sehr robuster Block ohne Schrauben und Stifte. Verbundfaser-Rollen und doppelte selbsthaltende Kugellager, die keine Schmierung ben\u00f6tigen. Ausgestattet mit einem hochfesten, schwenkbaren Edelstahl-Oberteil und einem Beschlag. Die hochwertigen Materialien garantieren hohe Arbeitslasten und zus\u00e4tzliches geringes Gewicht.<\/p>\n","protected":false},"excerpt":{"rendered":"<p>Umlenkrolle Antal Einfach mit Sch\u00e4kel 60mm f\u00fcr 12mm Leinen &#8211; Einteiliger, teflonbeschichteter, schwarzer oxidierter Aluminiumrahmen, sehr robuster Block ohne Schrauben<\/p>\n","protected":false},"featured_media":5936716,"comment_status":"open","ping_status":"closed","template":"","meta":[],"product_brand":[2785],"product_cat":[1475],"product_tag":[],"class_list":{"0":"post-732927","1":"product","2":"type-product","3":"status-publish","4":"has-post-thumbnail","6":"product_brand-antal-de","7":"product_cat-antal-bloecke","9":"first","10":"instock","11":"shipping-taxable","12":"purchasable","13":"product-type-simple"},"_links":{"self":[{"href":"https:\/\/stoic-curie.212-227-153-4.plesk.page\/de\/wp-json\/wp\/v2\/product\/732927","targetHints":{"allow":["GET"]}}],"collection":[{"href":"https:\/\/stoic-curie.212-227-153-4.plesk.page\/de\/wp-json\/wp\/v2\/product"}],"about":[{"href":"https:\/\/stoic-curie.212-227-153-4.plesk.page\/de\/wp-json\/wp\/v2\/types\/product"}],"replies":[{"embeddable":true,"href":"https:\/\/stoic-curie.212-227-153-4.plesk.page\/de\/wp-json\/wp\/v2\/comments?post=732927"}],"version-history":[{"count":0,"href":"https:\/\/stoic-curie.212-227-153-4.plesk.page\/de\/wp-json\/wp\/v2\/product\/732927\/revisions"}],"wp:featuredmedia":[{"embeddable":true,"href":"https:\/\/stoic-curie.212-227-153-4.plesk.page\/de\/wp-json\/wp\/v2\/media\/5936716"}],"wp:attachment":[{"href":"https:\/\/stoic-curie.212-227-153-4.plesk.page\/de\/wp-json\/wp\/v2\/media?parent=732927"}],"wp:term":[{"taxonomy":"product_brand","embeddable":true,"href":"https:\/\/stoic-curie.212-227-153-4.plesk.page\/de\/wp-json\/wp\/v2\/product_brand?post=732927"},{"taxonomy":"product_cat","embeddable":true,"href":"https:\/\/stoic-curie.212-227-153-4.plesk.page\/de\/wp-json\/wp\/v2\/product_cat?post=732927"},{"taxonomy":"product_tag","embeddable":true,"href":"https:\/\/stoic-curie.212-227-153-4.plesk.page\/de\/wp-json\/wp\/v2\/product_tag?post=732927"}],"curies":[{"name":"wp","href":"https:\/\/api.w.org\/{rel}","templated":true}]}}