{"id":732928,"date":"2025-03-03T16:17:30","date_gmt":"2025-03-03T15:17:30","guid":{"rendered":"https:\/\/stoic-curie.212-227-153-4.plesk.page\/producto\/fiddle-rollenblock-antal-60mm-fuer-12mm-leinen\/"},"modified":"2026-02-24T23:34:37","modified_gmt":"2026-02-24T23:34:37","slug":"fiddle-rollenblock-antal-60mm-fuer-12mm-leinen","status":"publish","type":"product","link":"https:\/\/stoic-curie.212-227-153-4.plesk.page\/de\/product\/fiddle-rollenblock-antal-60mm-fuer-12mm-leinen\/","title":{"rendered":"Fiddle Rollenblock Antal 60mm f\u00fcr 12mm Leinen"},"content":{"rendered":"<p>Fiddle Rollenblock Antal 60mm f\u00fcr 12mm Leinen &#8211; <\/p>\n<p>Ein st\u00fcck teflonbeschichteter schwarzer oxidirter Aluminiumrahmen, sehr robuste Bl\u00f6cke ohne Schrauben und Stifte. Kompositfaserrollen und doppelte selbsthaltende Kugellager, die keine Schmierung ben\u00f6tigen. Komplett mit hochbest\u00e4ndigem Edelstahl-Drehpunkt und Beschlag. Die hochwertigen Materialien garantieren hohe Arbeitslasten und zus\u00e4tzliches geringes Gewicht.<\/p>\n","protected":false},"excerpt":{"rendered":"<p>Fiddle Rollenblock Antal 60mm f\u00fcr 12mm Leinen &#8211; Ein st\u00fcck teflonbeschichteter schwarzer oxidirter Aluminiumrahmen, sehr robuste Bl\u00f6cke ohne Schrauben und<\/p>\n","protected":false},"featured_media":5936718,"comment_status":"open","ping_status":"closed","template":"","meta":[],"product_brand":[2785],"product_cat":[1475],"product_tag":[],"class_list":{"0":"post-732928","1":"product","2":"type-product","3":"status-publish","4":"has-post-thumbnail","6":"product_brand-antal-de","7":"product_cat-antal-bloecke","9":"first","10":"instock","11":"shipping-taxable","12":"purchasable","13":"product-type-simple"},"_links":{"self":[{"href":"https:\/\/stoic-curie.212-227-153-4.plesk.page\/de\/wp-json\/wp\/v2\/product\/732928","targetHints":{"allow":["GET"]}}],"collection":[{"href":"https:\/\/stoic-curie.212-227-153-4.plesk.page\/de\/wp-json\/wp\/v2\/product"}],"about":[{"href":"https:\/\/stoic-curie.212-227-153-4.plesk.page\/de\/wp-json\/wp\/v2\/types\/product"}],"replies":[{"embeddable":true,"href":"https:\/\/stoic-curie.212-227-153-4.plesk.page\/de\/wp-json\/wp\/v2\/comments?post=732928"}],"version-history":[{"count":0,"href":"https:\/\/stoic-curie.212-227-153-4.plesk.page\/de\/wp-json\/wp\/v2\/product\/732928\/revisions"}],"wp:featuredmedia":[{"embeddable":true,"href":"https:\/\/stoic-curie.212-227-153-4.plesk.page\/de\/wp-json\/wp\/v2\/media\/5936718"}],"wp:attachment":[{"href":"https:\/\/stoic-curie.212-227-153-4.plesk.page\/de\/wp-json\/wp\/v2\/media?parent=732928"}],"wp:term":[{"taxonomy":"product_brand","embeddable":true,"href":"https:\/\/stoic-curie.212-227-153-4.plesk.page\/de\/wp-json\/wp\/v2\/product_brand?post=732928"},{"taxonomy":"product_cat","embeddable":true,"href":"https:\/\/stoic-curie.212-227-153-4.plesk.page\/de\/wp-json\/wp\/v2\/product_cat?post=732928"},{"taxonomy":"product_tag","embeddable":true,"href":"https:\/\/stoic-curie.212-227-153-4.plesk.page\/de\/wp-json\/wp\/v2\/product_tag?post=732928"}],"curies":[{"name":"wp","href":"https:\/\/api.w.org\/{rel}","templated":true}]}}