{"id":732936,"date":"2025-03-03T16:17:33","date_gmt":"2025-03-03T15:17:33","guid":{"rendered":"https:\/\/stoic-curie.212-227-153-4.plesk.page\/producto\/doppelrolle-antal-60mm-fuer-12mm-leine-2\/"},"modified":"2026-02-24T23:34:37","modified_gmt":"2026-02-24T23:34:37","slug":"doppelrolle-antal-60mm-fuer-12mm-leine-2","status":"publish","type":"product","link":"https:\/\/stoic-curie.212-227-153-4.plesk.page\/de\/product\/doppelrolle-antal-60mm-fuer-12mm-leine-2\/","title":{"rendered":"Doppelrolle Antal 60mm f\u00fcr 12mm Leine"},"content":{"rendered":"<p>Doppelrolle Antal 60mm f\u00fcr 12mm Leine &#8211; <\/p>\n<p>Ein einteiliges, teflonbeschichtetes schwarzes, oxidiertes Aluminiumgestell, das sehr robust ist und keine Schrauben oder Stifte ben\u00f6tigt. Kompositfasern und doppelt selbsthaltende Kugellager, die keine Schmierung ben\u00f6tigen. Ausgestattet mit hochbest\u00e4ndigen Schrauben aus rostfreiem Stahl. Die hochwertigen Materialien gew\u00e4hrleisten hohe Belastungen und ein zus\u00e4tzlich leichtes Gewicht.<\/p>\n","protected":false},"excerpt":{"rendered":"<p>Doppelrolle Antal 60mm f\u00fcr 12mm Leine &#8211; Ein einteiliges, teflonbeschichtetes schwarzes, oxidiertes Aluminiumgestell, das sehr robust ist und keine Schrauben<\/p>\n","protected":false},"featured_media":5936730,"comment_status":"open","ping_status":"closed","template":"","meta":[],"product_brand":[2785],"product_cat":[1475,1473],"product_tag":[],"class_list":{"0":"post-732936","1":"product","2":"type-product","3":"status-publish","4":"has-post-thumbnail","6":"product_brand-antal-de","7":"product_cat-antal-bloecke","8":"product_cat-deck-organizer","10":"first","11":"instock","12":"shipping-taxable","13":"purchasable","14":"product-type-simple"},"_links":{"self":[{"href":"https:\/\/stoic-curie.212-227-153-4.plesk.page\/de\/wp-json\/wp\/v2\/product\/732936","targetHints":{"allow":["GET"]}}],"collection":[{"href":"https:\/\/stoic-curie.212-227-153-4.plesk.page\/de\/wp-json\/wp\/v2\/product"}],"about":[{"href":"https:\/\/stoic-curie.212-227-153-4.plesk.page\/de\/wp-json\/wp\/v2\/types\/product"}],"replies":[{"embeddable":true,"href":"https:\/\/stoic-curie.212-227-153-4.plesk.page\/de\/wp-json\/wp\/v2\/comments?post=732936"}],"version-history":[{"count":0,"href":"https:\/\/stoic-curie.212-227-153-4.plesk.page\/de\/wp-json\/wp\/v2\/product\/732936\/revisions"}],"wp:featuredmedia":[{"embeddable":true,"href":"https:\/\/stoic-curie.212-227-153-4.plesk.page\/de\/wp-json\/wp\/v2\/media\/5936730"}],"wp:attachment":[{"href":"https:\/\/stoic-curie.212-227-153-4.plesk.page\/de\/wp-json\/wp\/v2\/media?parent=732936"}],"wp:term":[{"taxonomy":"product_brand","embeddable":true,"href":"https:\/\/stoic-curie.212-227-153-4.plesk.page\/de\/wp-json\/wp\/v2\/product_brand?post=732936"},{"taxonomy":"product_cat","embeddable":true,"href":"https:\/\/stoic-curie.212-227-153-4.plesk.page\/de\/wp-json\/wp\/v2\/product_cat?post=732936"},{"taxonomy":"product_tag","embeddable":true,"href":"https:\/\/stoic-curie.212-227-153-4.plesk.page\/de\/wp-json\/wp\/v2\/product_tag?post=732936"}],"curies":[{"name":"wp","href":"https:\/\/api.w.org\/{rel}","templated":true}]}}