{"id":732943,"date":"2025-03-03T16:17:34","date_gmt":"2025-03-03T15:17:34","guid":{"rendered":"https:\/\/stoic-curie.212-227-153-4.plesk.page\/producto\/antal-doppelblock-mit-wantenspanner-klemme-60-mm-fuer-12-mm-leinen\/"},"modified":"2026-02-24T23:34:37","modified_gmt":"2026-02-24T23:34:37","slug":"antal-doppelblock-mit-wantenspanner-klemme-60-mm-fuer-12-mm-leinen","status":"publish","type":"product","link":"https:\/\/stoic-curie.212-227-153-4.plesk.page\/de\/product\/antal-doppelblock-mit-wantenspanner-klemme-60-mm-fuer-12-mm-leinen\/","title":{"rendered":"Antal Doppelblock mit Wantenspanner + Klemme 60 mm f\u00fcr 12 mm Leinen"},"content":{"rendered":"<p>Antal Doppelblock mit Wantenspanner + Klemme 60 mm f\u00fcr 12 mm Leinen &#8211; <\/p>\n<p>Ein teflonbeschichteter schwarzer, oxidierter Aluminiumrahmen, sehr robuste Bl\u00f6cke ohne Schrauben und Stifte. Verbundfaser-Rollen und doppelt selbsthaltende Kugellager, die keine Schmierung ben\u00f6tigen. Komplett mit einem hochbelastbaren schwenkbaren oberen Teil und einem Sch\u00e4kelsystem aus rostfreiem Stahl. Die hochwertigen Materialien garantieren hohe Arbeitslasten und zus\u00e4tzliches geringes Gewicht.<\/p>\n","protected":false},"excerpt":{"rendered":"<p>Antal Doppelblock mit Wantenspanner + Klemme 60 mm f\u00fcr 12 mm Leinen &#8211; Ein teflonbeschichteter schwarzer, oxidierter Aluminiumrahmen, sehr robuste<\/p>\n","protected":false},"featured_media":5936769,"comment_status":"open","ping_status":"closed","template":"","meta":[],"product_brand":[2785],"product_cat":[1475],"product_tag":[],"class_list":{"0":"post-732943","1":"product","2":"type-product","3":"status-publish","4":"has-post-thumbnail","6":"product_brand-antal-de","7":"product_cat-antal-bloecke","9":"first","10":"outofstock","11":"shipping-taxable","12":"purchasable","13":"product-type-simple"},"_links":{"self":[{"href":"https:\/\/stoic-curie.212-227-153-4.plesk.page\/de\/wp-json\/wp\/v2\/product\/732943","targetHints":{"allow":["GET"]}}],"collection":[{"href":"https:\/\/stoic-curie.212-227-153-4.plesk.page\/de\/wp-json\/wp\/v2\/product"}],"about":[{"href":"https:\/\/stoic-curie.212-227-153-4.plesk.page\/de\/wp-json\/wp\/v2\/types\/product"}],"replies":[{"embeddable":true,"href":"https:\/\/stoic-curie.212-227-153-4.plesk.page\/de\/wp-json\/wp\/v2\/comments?post=732943"}],"version-history":[{"count":0,"href":"https:\/\/stoic-curie.212-227-153-4.plesk.page\/de\/wp-json\/wp\/v2\/product\/732943\/revisions"}],"wp:featuredmedia":[{"embeddable":true,"href":"https:\/\/stoic-curie.212-227-153-4.plesk.page\/de\/wp-json\/wp\/v2\/media\/5936769"}],"wp:attachment":[{"href":"https:\/\/stoic-curie.212-227-153-4.plesk.page\/de\/wp-json\/wp\/v2\/media?parent=732943"}],"wp:term":[{"taxonomy":"product_brand","embeddable":true,"href":"https:\/\/stoic-curie.212-227-153-4.plesk.page\/de\/wp-json\/wp\/v2\/product_brand?post=732943"},{"taxonomy":"product_cat","embeddable":true,"href":"https:\/\/stoic-curie.212-227-153-4.plesk.page\/de\/wp-json\/wp\/v2\/product_cat?post=732943"},{"taxonomy":"product_tag","embeddable":true,"href":"https:\/\/stoic-curie.212-227-153-4.plesk.page\/de\/wp-json\/wp\/v2\/product_tag?post=732943"}],"curies":[{"name":"wp","href":"https:\/\/api.w.org\/{rel}","templated":true}]}}