{"id":732945,"date":"2025-03-03T16:17:35","date_gmt":"2025-03-03T15:17:35","guid":{"rendered":"https:\/\/stoic-curie.212-227-153-4.plesk.page\/producto\/dreifachrolle-antal-60mm-mit-nocken-und-talje-fuer-12mm-leine\/"},"modified":"2026-02-24T23:34:37","modified_gmt":"2026-02-24T23:34:37","slug":"dreifachrolle-antal-60mm-mit-nocken-und-talje-fuer-12mm-leine","status":"publish","type":"product","link":"https:\/\/stoic-curie.212-227-153-4.plesk.page\/de\/product\/dreifachrolle-antal-60mm-mit-nocken-und-talje-fuer-12mm-leine\/","title":{"rendered":"Dreifachrolle Antal 60mm mit Nocken und Talje f\u00fcr 12mm Leine"},"content":{"rendered":"<p>Dreifachrolle Antal 60mm mit Nocken und Talje f\u00fcr 12mm Leine &#8211; <\/p>\n<p>Einteiliger, teflonbeschichteter schwarzer oxidierter Aluminiumrahmen, sehr robuster Block ohne Schrauben und Stifte. Kompositefaserrollen und doppelte, selbstfangende Kugellager, die keine Schmierung ben\u00f6tigen. Komplett mit einem hochbest\u00e4ndigen, drehbaren Edelstahloberteil und einem Sch\u00e4kelsystem. Die hochwertigen Materialien garantieren hohe Arbeitslasten und zus\u00e4tzliches leichtes Gewicht.<\/p>\n","protected":false},"excerpt":{"rendered":"<p>Dreifachrolle Antal 60mm mit Nocken und Talje f\u00fcr 12mm Leine &#8211; Einteiliger, teflonbeschichteter schwarzer oxidierter Aluminiumrahmen, sehr robuster Block ohne<\/p>\n","protected":false},"featured_media":5936773,"comment_status":"open","ping_status":"closed","template":"","meta":[],"product_brand":[2785],"product_cat":[1475],"product_tag":[],"class_list":{"0":"post-732945","1":"product","2":"type-product","3":"status-publish","4":"has-post-thumbnail","6":"product_brand-antal-de","7":"product_cat-antal-bloecke","9":"first","10":"instock","11":"shipping-taxable","12":"purchasable","13":"product-type-simple"},"_links":{"self":[{"href":"https:\/\/stoic-curie.212-227-153-4.plesk.page\/de\/wp-json\/wp\/v2\/product\/732945","targetHints":{"allow":["GET"]}}],"collection":[{"href":"https:\/\/stoic-curie.212-227-153-4.plesk.page\/de\/wp-json\/wp\/v2\/product"}],"about":[{"href":"https:\/\/stoic-curie.212-227-153-4.plesk.page\/de\/wp-json\/wp\/v2\/types\/product"}],"replies":[{"embeddable":true,"href":"https:\/\/stoic-curie.212-227-153-4.plesk.page\/de\/wp-json\/wp\/v2\/comments?post=732945"}],"version-history":[{"count":0,"href":"https:\/\/stoic-curie.212-227-153-4.plesk.page\/de\/wp-json\/wp\/v2\/product\/732945\/revisions"}],"wp:featuredmedia":[{"embeddable":true,"href":"https:\/\/stoic-curie.212-227-153-4.plesk.page\/de\/wp-json\/wp\/v2\/media\/5936773"}],"wp:attachment":[{"href":"https:\/\/stoic-curie.212-227-153-4.plesk.page\/de\/wp-json\/wp\/v2\/media?parent=732945"}],"wp:term":[{"taxonomy":"product_brand","embeddable":true,"href":"https:\/\/stoic-curie.212-227-153-4.plesk.page\/de\/wp-json\/wp\/v2\/product_brand?post=732945"},{"taxonomy":"product_cat","embeddable":true,"href":"https:\/\/stoic-curie.212-227-153-4.plesk.page\/de\/wp-json\/wp\/v2\/product_cat?post=732945"},{"taxonomy":"product_tag","embeddable":true,"href":"https:\/\/stoic-curie.212-227-153-4.plesk.page\/de\/wp-json\/wp\/v2\/product_tag?post=732945"}],"curies":[{"name":"wp","href":"https:\/\/api.w.org\/{rel}","templated":true}]}}