{"id":732948,"date":"2025-03-03T16:17:35","date_gmt":"2025-03-03T15:17:35","guid":{"rendered":"https:\/\/stoic-curie.212-227-153-4.plesk.page\/producto\/genua-schlitten-antal-40-mm\/"},"modified":"2026-02-24T23:34:37","modified_gmt":"2026-02-24T23:34:37","slug":"genua-schlitten-antal-40-mm","status":"publish","type":"product","link":"https:\/\/stoic-curie.212-227-153-4.plesk.page\/de\/product\/genua-schlitten-antal-40-mm\/","title":{"rendered":"Genua-Schlitten Antal 40 mm"},"content":{"rendered":"<p>Genua-Schlitten Antal 40 mm &#8211; <\/p>\n<p>Schwarz polierter Aluminiumwagen mit schwenkbaren (\u00c2\u00b150\u00c2\u00b0) 316 Edelstahl-Scheibenbasis und gleitenden Nylon-Eins\u00e4tzen mit niedriger Reibung. Aluminium-Scheibe mit 2 Seitenkugellagern. 316 Edelstahlstift mit Arretierposition. Becket f\u00fcr Fernsteuerleitung. SWL 3800 Kg. T-Schiene mit 100 mm Abstand zwischen den L\u00f6chern. Hochbest\u00e4ndiges anodisiertes Aluminium. Montage mit 8 mm Schrauben.<\/p>\n","protected":false},"excerpt":{"rendered":"<p>Genua-Schlitten Antal 40 mm &#8211; Schwarz polierter Aluminiumwagen mit schwenkbaren (\u00c2\u00b150\u00c2\u00b0) 316 Edelstahl-Scheibenbasis und gleitenden Nylon-Eins\u00e4tzen mit niedriger Reibung. Aluminium-Scheibe<\/p>\n","protected":false},"featured_media":5936784,"comment_status":"open","ping_status":"closed","template":"","meta":[],"product_brand":[2785],"product_cat":[1472],"product_tag":[],"class_list":{"0":"post-732948","1":"product","2":"type-product","3":"status-publish","4":"has-post-thumbnail","6":"product_brand-antal-de","7":"product_cat-segelbootsysteme-fuer-genua-schlitten","9":"first","10":"instock","11":"shipping-taxable","12":"purchasable","13":"product-type-simple"},"_links":{"self":[{"href":"https:\/\/stoic-curie.212-227-153-4.plesk.page\/de\/wp-json\/wp\/v2\/product\/732948","targetHints":{"allow":["GET"]}}],"collection":[{"href":"https:\/\/stoic-curie.212-227-153-4.plesk.page\/de\/wp-json\/wp\/v2\/product"}],"about":[{"href":"https:\/\/stoic-curie.212-227-153-4.plesk.page\/de\/wp-json\/wp\/v2\/types\/product"}],"replies":[{"embeddable":true,"href":"https:\/\/stoic-curie.212-227-153-4.plesk.page\/de\/wp-json\/wp\/v2\/comments?post=732948"}],"version-history":[{"count":0,"href":"https:\/\/stoic-curie.212-227-153-4.plesk.page\/de\/wp-json\/wp\/v2\/product\/732948\/revisions"}],"wp:featuredmedia":[{"embeddable":true,"href":"https:\/\/stoic-curie.212-227-153-4.plesk.page\/de\/wp-json\/wp\/v2\/media\/5936784"}],"wp:attachment":[{"href":"https:\/\/stoic-curie.212-227-153-4.plesk.page\/de\/wp-json\/wp\/v2\/media?parent=732948"}],"wp:term":[{"taxonomy":"product_brand","embeddable":true,"href":"https:\/\/stoic-curie.212-227-153-4.plesk.page\/de\/wp-json\/wp\/v2\/product_brand?post=732948"},{"taxonomy":"product_cat","embeddable":true,"href":"https:\/\/stoic-curie.212-227-153-4.plesk.page\/de\/wp-json\/wp\/v2\/product_cat?post=732948"},{"taxonomy":"product_tag","embeddable":true,"href":"https:\/\/stoic-curie.212-227-153-4.plesk.page\/de\/wp-json\/wp\/v2\/product_tag?post=732948"}],"curies":[{"name":"wp","href":"https:\/\/api.w.org\/{rel}","templated":true}]}}