{"id":732949,"date":"2025-03-03T16:17:35","date_gmt":"2025-03-03T15:17:35","guid":{"rendered":"https:\/\/stoic-curie.212-227-153-4.plesk.page\/producto\/horizontalrolle-antal-einzeln-70mm-fuer-leinen-bis-zu-12mm\/"},"modified":"2026-02-24T23:34:37","modified_gmt":"2026-02-24T23:34:37","slug":"horizontalrolle-antal-einzeln-70mm-fuer-leinen-bis-zu-12mm","status":"publish","type":"product","link":"https:\/\/stoic-curie.212-227-153-4.plesk.page\/de\/product\/horizontalrolle-antal-einzeln-70mm-fuer-leinen-bis-zu-12mm\/","title":{"rendered":"Horizontalrolle Antal einzeln 70mm f\u00fcr Leinen bis zu 12mm"},"content":{"rendered":"<p>Horizontalrolle Antal einzeln 70mm f\u00fcr Leinen bis zu 12mm &#8211; <\/p>\n<p>Ein teflonbeschichteter schwarzer, oxidierter Aluminiumrahmen, sehr robuster Block ohne Schrauben und Stifte. Kompositfaserrollen und doppelte selbsthaltende Kugellager, die keine Schmierung ben\u00f6tigen. Komplett mit hochbest\u00e4ndigen Schrauben aus Edelstahl. Die hochwertigen Materialien gew\u00e4hrleisten hohe Belastungen und zus\u00e4tzliches geringes Gewicht.<\/p>\n","protected":false},"excerpt":{"rendered":"<p>Horizontalrolle Antal einzeln 70mm f\u00fcr Leinen bis zu 12mm &#8211; Ein teflonbeschichteter schwarzer, oxidierter Aluminiumrahmen, sehr robuster Block ohne Schrauben<\/p>\n","protected":false},"featured_media":5936788,"comment_status":"open","ping_status":"closed","template":"","meta":[],"product_brand":[2785],"product_cat":[1475,1473],"product_tag":[],"class_list":{"0":"post-732949","1":"product","2":"type-product","3":"status-publish","4":"has-post-thumbnail","6":"product_brand-antal-de","7":"product_cat-antal-bloecke","8":"product_cat-deck-organizer","10":"first","11":"instock","12":"shipping-taxable","13":"purchasable","14":"product-type-simple"},"_links":{"self":[{"href":"https:\/\/stoic-curie.212-227-153-4.plesk.page\/de\/wp-json\/wp\/v2\/product\/732949","targetHints":{"allow":["GET"]}}],"collection":[{"href":"https:\/\/stoic-curie.212-227-153-4.plesk.page\/de\/wp-json\/wp\/v2\/product"}],"about":[{"href":"https:\/\/stoic-curie.212-227-153-4.plesk.page\/de\/wp-json\/wp\/v2\/types\/product"}],"replies":[{"embeddable":true,"href":"https:\/\/stoic-curie.212-227-153-4.plesk.page\/de\/wp-json\/wp\/v2\/comments?post=732949"}],"version-history":[{"count":0,"href":"https:\/\/stoic-curie.212-227-153-4.plesk.page\/de\/wp-json\/wp\/v2\/product\/732949\/revisions"}],"wp:featuredmedia":[{"embeddable":true,"href":"https:\/\/stoic-curie.212-227-153-4.plesk.page\/de\/wp-json\/wp\/v2\/media\/5936788"}],"wp:attachment":[{"href":"https:\/\/stoic-curie.212-227-153-4.plesk.page\/de\/wp-json\/wp\/v2\/media?parent=732949"}],"wp:term":[{"taxonomy":"product_brand","embeddable":true,"href":"https:\/\/stoic-curie.212-227-153-4.plesk.page\/de\/wp-json\/wp\/v2\/product_brand?post=732949"},{"taxonomy":"product_cat","embeddable":true,"href":"https:\/\/stoic-curie.212-227-153-4.plesk.page\/de\/wp-json\/wp\/v2\/product_cat?post=732949"},{"taxonomy":"product_tag","embeddable":true,"href":"https:\/\/stoic-curie.212-227-153-4.plesk.page\/de\/wp-json\/wp\/v2\/product_tag?post=732949"}],"curies":[{"name":"wp","href":"https:\/\/api.w.org\/{rel}","templated":true}]}}