{"id":732951,"date":"2025-03-03T16:17:36","date_gmt":"2025-03-03T15:17:36","guid":{"rendered":"https:\/\/stoic-curie.212-227-153-4.plesk.page\/producto\/snatch-block-antal-40mm-fuer-12mm-leinen\/"},"modified":"2026-02-24T23:34:37","modified_gmt":"2026-02-24T23:34:37","slug":"snatch-block-antal-40mm-fuer-12mm-leinen","status":"publish","type":"product","link":"https:\/\/stoic-curie.212-227-153-4.plesk.page\/de\/product\/snatch-block-antal-40mm-fuer-12mm-leinen\/","title":{"rendered":"Snatch Block Antal 40mm f\u00fcr 12mm Leinen"},"content":{"rendered":"<p>Snatch Block Antal 40mm f\u00fcr 12mm Leinen &#8211; <\/p>\n<p>Die Wangenplatte dreht sich um die Scheibenachse, wodurch der Block ge\u00f6ffnet werden kann. Eine Sicherheitskugel verhindert, dass der Block sich \u00f6ffnet, und eine verstellbare Schraube erm\u00f6glicht das Sperren der Kugel. Es gibt einen Beckett f\u00fcr die \u201eH\u00e4ngeleine\u201c. Material: Scheibe mit Hauptlager aus Verbundfaser und doppelseitigem Kugellager. Hartanodisierte und teflonbeschichtete Aluminium-Wangenplatten mit seitlichen Gummischutzvorrichtungen (gelbes Gummi an der drehenden Wangenplatte).<\/p>\n","protected":false},"excerpt":{"rendered":"<p>Snatch Block Antal 40mm f\u00fcr 12mm Leinen &#8211; Die Wangenplatte dreht sich um die Scheibenachse, wodurch der Block ge\u00f6ffnet werden<\/p>\n","protected":false},"featured_media":5936791,"comment_status":"open","ping_status":"closed","template":"","meta":[],"product_brand":[2785],"product_cat":[1475],"product_tag":[],"class_list":{"0":"post-732951","1":"product","2":"type-product","3":"status-publish","4":"has-post-thumbnail","6":"product_brand-antal-de","7":"product_cat-antal-bloecke","9":"first","10":"instock","11":"shipping-taxable","12":"purchasable","13":"product-type-simple"},"_links":{"self":[{"href":"https:\/\/stoic-curie.212-227-153-4.plesk.page\/de\/wp-json\/wp\/v2\/product\/732951","targetHints":{"allow":["GET"]}}],"collection":[{"href":"https:\/\/stoic-curie.212-227-153-4.plesk.page\/de\/wp-json\/wp\/v2\/product"}],"about":[{"href":"https:\/\/stoic-curie.212-227-153-4.plesk.page\/de\/wp-json\/wp\/v2\/types\/product"}],"replies":[{"embeddable":true,"href":"https:\/\/stoic-curie.212-227-153-4.plesk.page\/de\/wp-json\/wp\/v2\/comments?post=732951"}],"version-history":[{"count":0,"href":"https:\/\/stoic-curie.212-227-153-4.plesk.page\/de\/wp-json\/wp\/v2\/product\/732951\/revisions"}],"wp:featuredmedia":[{"embeddable":true,"href":"https:\/\/stoic-curie.212-227-153-4.plesk.page\/de\/wp-json\/wp\/v2\/media\/5936791"}],"wp:attachment":[{"href":"https:\/\/stoic-curie.212-227-153-4.plesk.page\/de\/wp-json\/wp\/v2\/media?parent=732951"}],"wp:term":[{"taxonomy":"product_brand","embeddable":true,"href":"https:\/\/stoic-curie.212-227-153-4.plesk.page\/de\/wp-json\/wp\/v2\/product_brand?post=732951"},{"taxonomy":"product_cat","embeddable":true,"href":"https:\/\/stoic-curie.212-227-153-4.plesk.page\/de\/wp-json\/wp\/v2\/product_cat?post=732951"},{"taxonomy":"product_tag","embeddable":true,"href":"https:\/\/stoic-curie.212-227-153-4.plesk.page\/de\/wp-json\/wp\/v2\/product_tag?post=732951"}],"curies":[{"name":"wp","href":"https:\/\/api.w.org\/{rel}","templated":true}]}}