{"id":732953,"date":"2025-03-03T16:17:36","date_gmt":"2025-03-03T15:17:36","guid":{"rendered":"https:\/\/stoic-curie.212-227-153-4.plesk.page\/producto\/stopper-antal-v-cam-814-einzel-8\/"},"modified":"2026-02-24T23:34:37","modified_gmt":"2026-02-24T23:34:37","slug":"stopper-antal-v-cam-814-einzel-8","status":"publish","type":"product","link":"https:\/\/stoic-curie.212-227-153-4.plesk.page\/de\/product\/stopper-antal-v-cam-814-einzel-8\/","title":{"rendered":"Stopper Antal V-Cam 814 Einzel 8<10mm"},"content":{"rendered":"<p>Stopper Antal V-Cam 814 Einzel 8<10mm - \n\n<p>Der Antal V-CAM 814 Stopper bietet eine erh\u00f6hte Haltekraft und verursacht keine Besch\u00e4digungen an der Leinenabdeckung. Ideal f\u00fcr Verbundlinien wie Kevlar, Vectran und Spectra. Hervorragend geeignet f\u00fcr Polyester. Geh\u00e4use aus UV-best\u00e4ndigem, stahlverst\u00e4rktem Harz, Aluminiumfu\u00df, V-CAM aus Stahl und ausrichtende Buchse. Er kann vollst\u00e4ndig zerlegt werden, um eine einfache Wartung und Reparatur zu erm\u00f6glichen. Die Leinenr\u00fcckholung kann bei geschlossenem Hebel erfolgen und kann in der neuen Position automatisch blockiert werden.<\/p>\n","protected":false},"excerpt":{"rendered":"<p>Stopper Antal V-Cam 814 Einzel 8<\/p>\n","protected":false},"featured_media":5936794,"comment_status":"open","ping_status":"closed","template":"","meta":[],"product_brand":[2785],"product_cat":[1485],"product_tag":[],"class_list":{"0":"post-732953","1":"product","2":"type-product","3":"status-publish","4":"has-post-thumbnail","6":"product_brand-antal-de","7":"product_cat-stopper-und-klemmen","9":"first","10":"instock","11":"shipping-taxable","12":"purchasable","13":"product-type-simple"},"_links":{"self":[{"href":"https:\/\/stoic-curie.212-227-153-4.plesk.page\/de\/wp-json\/wp\/v2\/product\/732953","targetHints":{"allow":["GET"]}}],"collection":[{"href":"https:\/\/stoic-curie.212-227-153-4.plesk.page\/de\/wp-json\/wp\/v2\/product"}],"about":[{"href":"https:\/\/stoic-curie.212-227-153-4.plesk.page\/de\/wp-json\/wp\/v2\/types\/product"}],"replies":[{"embeddable":true,"href":"https:\/\/stoic-curie.212-227-153-4.plesk.page\/de\/wp-json\/wp\/v2\/comments?post=732953"}],"version-history":[{"count":0,"href":"https:\/\/stoic-curie.212-227-153-4.plesk.page\/de\/wp-json\/wp\/v2\/product\/732953\/revisions"}],"wp:featuredmedia":[{"embeddable":true,"href":"https:\/\/stoic-curie.212-227-153-4.plesk.page\/de\/wp-json\/wp\/v2\/media\/5936794"}],"wp:attachment":[{"href":"https:\/\/stoic-curie.212-227-153-4.plesk.page\/de\/wp-json\/wp\/v2\/media?parent=732953"}],"wp:term":[{"taxonomy":"product_brand","embeddable":true,"href":"https:\/\/stoic-curie.212-227-153-4.plesk.page\/de\/wp-json\/wp\/v2\/product_brand?post=732953"},{"taxonomy":"product_cat","embeddable":true,"href":"https:\/\/stoic-curie.212-227-153-4.plesk.page\/de\/wp-json\/wp\/v2\/product_cat?post=732953"},{"taxonomy":"product_tag","embeddable":true,"href":"https:\/\/stoic-curie.212-227-153-4.plesk.page\/de\/wp-json\/wp\/v2\/product_tag?post=732953"}],"curies":[{"name":"wp","href":"https:\/\/api.w.org\/{rel}","templated":true}]}}