{"id":732958,"date":"2025-03-03T16:17:37","date_gmt":"2025-03-03T15:17:37","guid":{"rendered":"https:\/\/stoic-curie.212-227-153-4.plesk.page\/producto\/stopper-antal-v-cam-814-dreifach-10\/"},"modified":"2026-02-24T23:34:37","modified_gmt":"2026-02-24T23:34:37","slug":"stopper-antal-v-cam-814-dreifach-10","status":"publish","type":"product","link":"https:\/\/stoic-curie.212-227-153-4.plesk.page\/de\/product\/stopper-antal-v-cam-814-dreifach-10\/","title":{"rendered":"Stopper Antal V-Cam 814 Dreifach 10<12 mm"},"content":{"rendered":"<p>Stopper Antal V-Cam 814 Dreifach 10<12 mm - \n\n<p>Der Antal V-CAM 814 Stopper bietet eine erh\u00f6hte Haltekraft und verursacht keine Besch\u00e4digungen der Leinenabdeckung. Ideal f\u00fcr Verbundleine wie Kevlar, Vectran und Spectra. Ausgezeichnet f\u00fcr Polyester. Der Geh\u00e4use aus UV-best\u00e4ndigem, verst\u00e4rktem Stahlharz, Aluminium-Basis, Stahl-V-Cam und ausrichtendem Buchsen. Er kann vollst\u00e4ndig zerlegt werden, um eine einfache Wartung und Reparatur zu erm\u00f6glichen. Die R\u00fcckholung der Leine kann mit geschlossenem Hebel erfolgen und wird automatisch in der neuen Position blockiert.<\/p>\n","protected":false},"excerpt":{"rendered":"<p>Stopper Antal V-Cam 814 Dreifach 10<\/p>\n","protected":false},"featured_media":5936794,"comment_status":"open","ping_status":"closed","template":"","meta":[],"product_brand":[2785],"product_cat":[1485],"product_tag":[],"class_list":{"0":"post-732958","1":"product","2":"type-product","3":"status-publish","4":"has-post-thumbnail","6":"product_brand-antal-de","7":"product_cat-stopper-und-klemmen","9":"first","10":"instock","11":"shipping-taxable","12":"purchasable","13":"product-type-simple"},"_links":{"self":[{"href":"https:\/\/stoic-curie.212-227-153-4.plesk.page\/de\/wp-json\/wp\/v2\/product\/732958","targetHints":{"allow":["GET"]}}],"collection":[{"href":"https:\/\/stoic-curie.212-227-153-4.plesk.page\/de\/wp-json\/wp\/v2\/product"}],"about":[{"href":"https:\/\/stoic-curie.212-227-153-4.plesk.page\/de\/wp-json\/wp\/v2\/types\/product"}],"replies":[{"embeddable":true,"href":"https:\/\/stoic-curie.212-227-153-4.plesk.page\/de\/wp-json\/wp\/v2\/comments?post=732958"}],"version-history":[{"count":0,"href":"https:\/\/stoic-curie.212-227-153-4.plesk.page\/de\/wp-json\/wp\/v2\/product\/732958\/revisions"}],"wp:featuredmedia":[{"embeddable":true,"href":"https:\/\/stoic-curie.212-227-153-4.plesk.page\/de\/wp-json\/wp\/v2\/media\/5936794"}],"wp:attachment":[{"href":"https:\/\/stoic-curie.212-227-153-4.plesk.page\/de\/wp-json\/wp\/v2\/media?parent=732958"}],"wp:term":[{"taxonomy":"product_brand","embeddable":true,"href":"https:\/\/stoic-curie.212-227-153-4.plesk.page\/de\/wp-json\/wp\/v2\/product_brand?post=732958"},{"taxonomy":"product_cat","embeddable":true,"href":"https:\/\/stoic-curie.212-227-153-4.plesk.page\/de\/wp-json\/wp\/v2\/product_cat?post=732958"},{"taxonomy":"product_tag","embeddable":true,"href":"https:\/\/stoic-curie.212-227-153-4.plesk.page\/de\/wp-json\/wp\/v2\/product_tag?post=732958"}],"curies":[{"name":"wp","href":"https:\/\/api.w.org\/{rel}","templated":true}]}}