{"id":732970,"date":"2025-03-03T16:17:39","date_gmt":"2025-03-03T15:17:39","guid":{"rendered":"https:\/\/stoic-curie.212-227-153-4.plesk.page\/producto\/edelstahl-propellerwelle-35mm-x-180cm\/"},"modified":"2026-02-24T23:34:37","modified_gmt":"2026-02-24T23:34:37","slug":"edelstahl-propellerwelle-35mm-x-180cm","status":"publish","type":"product","link":"https:\/\/stoic-curie.212-227-153-4.plesk.page\/de\/product\/edelstahl-propellerwelle-35mm-x-180cm\/","title":{"rendered":"Edelstahl Propellerwelle 35mm x 180cm"},"content":{"rendered":"<p>Edelstahl Propellerwelle 35mm x 180cm &#8211; <\/p>\n<p>Propellerwellen aus Duplex-Edelstahl bieten im Vergleich zu standardm\u00e4\u00dfigem AISI 316-A4 au\u00dfergew\u00f6hnliche mechanische Festigkeit und Korrosionsbest\u00e4ndigkeit. Jede Welle durchl\u00e4uft einen sorgf\u00e4ltigen Zieh- und Schleifprozess, der eine konische Bearbeitung und eine Standard-Nut umfasst. Ein Ende der Welle ist mit einem 1:10-Konus und einer Nut versehen. Diese Wellen werden aus F51-Duplex-Edelstahl gefertigt, der im Vergleich zu 316-Edelstahl eine \u00fcberlegene Festigkeit bietet, wodurch die Verwendung einer kleineren vorhandenen Wellen- und Heckausr\u00fcstungsgr\u00f6\u00dfe erm\u00f6glicht wird.<\/p>\n<p>Die Exalto-Propellerwelle wird aus hochwertigem 1.4462-Duplex-Edelstahl hergestellt, der bemerkenswerte Haltbarkeit und Korrosionsbest\u00e4ndigkeit gew\u00e4hrleistet, was sie besonders geeignet f\u00fcr marine Antriebssysteme macht. Jede Welle ist pr\u00e4zise bearbeitet und konstruiert, wobei essentielle Komponenten wie ein Schl\u00fcssel, eine Sicherungs-Unterlegscheibe und eine Verkleidungs-Mutter mit integriertem Anodenschutz f\u00fcr verbesserten Schutz enthalten sind. Der 1:10-Konus entspricht den ISO 4566-Normen, was Zuverl\u00e4ssigkeit und hohe Leistung auch unter anspruchsvollen Bedingungen gew\u00e4hrleistet.<\/p>\n<p>Diese Propellerwelle ist in verschiedenen Durchmessern und L\u00e4ngen erh\u00e4ltlich, darunter Optionen mit 25mm, 30mm, 35mm und 40mm Durchmesser, mit L\u00e4ngen von 1200mm bis 2000mm. Diese Auswahl erm\u00f6glicht eine ma\u00dfgeschneiderte Anpassung an die Spezifikationen Ihres Schiffes. Dar\u00fcber hinaus k\u00f6nnen auf Anfrage ma\u00dfgefertigte Wellen mit unterschiedlichen Kegelungen oder Doppelseiten hergestellt werden, um zus\u00e4tzliche Flexibilit\u00e4t f\u00fcr spezialisierte Anwendungen zu bieten.<\/p>\n<p>Mit ihrer robusten Konstruktion und einfachen Installation bietet die Exalto-Propellerwelle eine langlebige und effiziente L\u00f6sung f\u00fcr die marine Antriebstechnik. Sie stellt eine hervorragende Wahl f\u00fcr Yachtbesitzer dar, die ein zuverl\u00e4ssiges und hochwertiges Bauteil f\u00fcr das Antriebssystem ihres Schiffs suchen.<\/p>\n<p><strong>Hauptmerkmale:<\/strong><\/p>\n<ul>\n<li><strong>Material:<\/strong> Hergestellt aus 1.4462-Duplex-Edelstahl, der \u00fcberlegene Korrosionsbest\u00e4ndigkeit und Festigkeit bietet.<\/li>\n<li><strong>Pr\u00e4zise Bearbeitung:<\/strong> Vollst\u00e4ndig bearbeitet mit hochwertigen Toleranzen, um optimale Leistung und Langlebigkeit zu gew\u00e4hrleisten.<\/li>\n<li><strong>ISO 4566 Konus:<\/strong> 1:10-Konus, der internationalen Standards entspricht und verbesserte Zuverl\u00e4ssigkeit bietet.<\/li>\n<li><strong>Ma\u00dfanfertigungen:<\/strong> Auf Anfrage sind ma\u00dfgeschneiderte Durchmesser, L\u00e4ngen, Konusformen und Doppelseitenkonfigurationen erh\u00e4ltlich.<\/li>\n<li><strong>Komplettset:<\/strong> Enth\u00e4lt Schl\u00fcssel, Sicherungs-Unterlegscheibe und Verkleidungs-Mutter mit integriertem Anodenschutz f\u00fcr eine einfache Installation und zus\u00e4tzlichen Schutz.<\/li>\n<li><strong>Haltbarkeit:<\/strong> F\u00fcr langlebige Leistung konstruiert, was sie ideal f\u00fcr sowohl Freizeit- als auch kommerzielle Schiffe macht.<\/li>\n<\/ul>\n","protected":false},"excerpt":{"rendered":"<p>Edelstahl Propellerwelle 35mm x 180cm &#8211; Propellerwellen aus Duplex-Edelstahl bieten im Vergleich zu standardm\u00e4\u00dfigem AISI 316-A4 au\u00dfergew\u00f6hnliche mechanische Festigkeit und<\/p>\n","protected":false},"featured_media":5936807,"comment_status":"open","ping_status":"closed","template":"","meta":[],"product_brand":[2930],"product_cat":[1499],"product_tag":[],"class_list":{"0":"post-732970","1":"product","2":"type-product","3":"status-publish","4":"has-post-thumbnail","6":"product_brand-exalto-marine-de","7":"product_cat-propellerwellen","9":"first","10":"instock","11":"shipping-taxable","12":"purchasable","13":"product-type-simple"},"_links":{"self":[{"href":"https:\/\/stoic-curie.212-227-153-4.plesk.page\/de\/wp-json\/wp\/v2\/product\/732970","targetHints":{"allow":["GET"]}}],"collection":[{"href":"https:\/\/stoic-curie.212-227-153-4.plesk.page\/de\/wp-json\/wp\/v2\/product"}],"about":[{"href":"https:\/\/stoic-curie.212-227-153-4.plesk.page\/de\/wp-json\/wp\/v2\/types\/product"}],"replies":[{"embeddable":true,"href":"https:\/\/stoic-curie.212-227-153-4.plesk.page\/de\/wp-json\/wp\/v2\/comments?post=732970"}],"version-history":[{"count":0,"href":"https:\/\/stoic-curie.212-227-153-4.plesk.page\/de\/wp-json\/wp\/v2\/product\/732970\/revisions"}],"wp:featuredmedia":[{"embeddable":true,"href":"https:\/\/stoic-curie.212-227-153-4.plesk.page\/de\/wp-json\/wp\/v2\/media\/5936807"}],"wp:attachment":[{"href":"https:\/\/stoic-curie.212-227-153-4.plesk.page\/de\/wp-json\/wp\/v2\/media?parent=732970"}],"wp:term":[{"taxonomy":"product_brand","embeddable":true,"href":"https:\/\/stoic-curie.212-227-153-4.plesk.page\/de\/wp-json\/wp\/v2\/product_brand?post=732970"},{"taxonomy":"product_cat","embeddable":true,"href":"https:\/\/stoic-curie.212-227-153-4.plesk.page\/de\/wp-json\/wp\/v2\/product_cat?post=732970"},{"taxonomy":"product_tag","embeddable":true,"href":"https:\/\/stoic-curie.212-227-153-4.plesk.page\/de\/wp-json\/wp\/v2\/product_tag?post=732970"}],"curies":[{"name":"wp","href":"https:\/\/api.w.org\/{rel}","templated":true}]}}