{"id":732972,"date":"2025-03-03T16:17:40","date_gmt":"2025-03-03T15:17:40","guid":{"rendered":"https:\/\/stoic-curie.212-227-153-4.plesk.page\/producto\/edelstahl-propellerwelle-40mm-x-200cm\/"},"modified":"2026-02-24T23:34:37","modified_gmt":"2026-02-24T23:34:37","slug":"edelstahl-propellerwelle-40mm-x-200cm","status":"publish","type":"product","link":"https:\/\/stoic-curie.212-227-153-4.plesk.page\/de\/product\/edelstahl-propellerwelle-40mm-x-200cm\/","title":{"rendered":"Edelstahl Propellerwelle 40mm x 200cm"},"content":{"rendered":"<p>Edelstahl Propellerwelle 40mm x 200cm &#8211; <\/p>\n<p style=\"color: rgb(34, 34, 34); font-family: Arial, Helvetica, sans-serif; font-size: small;\">Propellerwellen aus Duplex-Edelstahl bieten im Vergleich zu Standard AISI 316-A4 \u00fcberlegene mechanische Festigkeit und Korrosionsbest\u00e4ndigkeit. Jede Welle wird mit konischer Bearbeitung gezogen und geschliffen und verf\u00fcgt \u00fcber eine Standard-Nut. Ein Ende der Welle ist mit einer 1:10-Konizit\u00e4t und einer Nut bearbeitet. Diese Wellen sind aus F51 Duplex-Edelstahl gefertigt, der eine h\u00f6here Festigkeit gegen\u00fcber 316-Edelstahl bietet und die Verwendung einer kleineren vorhandenen Welle und Heckantrieb erm\u00f6glicht.<\/p>\n<p style=\"color: rgb(34, 34, 34); font-family: Arial, Helvetica, sans-serif; font-size: small;\">Die Exalto Propellerwelle wird aus hochwertigem 1.4462 Duplex-Edelstahl gefertigt, was au\u00dfergew\u00f6hnliche Haltbarkeit und Korrosionsbest\u00e4ndigkeit gew\u00e4hrleistet und sie ideal f\u00fcr maritimes Antriebssysteme macht. Jede Welle ist voll bearbeitet und pr\u00e4zise konstruiert, einschlie\u00dflich wesentlicher Komponenten wie einem Schl\u00fcssel, einer Sicherungsunterlegscheibe und einer Verkleidungsunterlegscheibe mit integriertem Anoden f\u00fcr zus\u00e4tzlichen Schutz. Der 1:10-Konizit\u00e4t entspricht den ISO 4566-Normen und garantiert Zuverl\u00e4ssigkeit und hohe Leistung unter herausfordernden Bedingungen.<\/p>\n<p style=\"color: rgb(34, 34, 34); font-family: Arial, Helvetica, sans-serif; font-size: small;\">Diese Propellerwelle ist in einer Vielzahl von Durchmessern und L\u00e4ngen erh\u00e4ltlich, einschlie\u00dflich Optionen mit 25 mm, 30 mm, 35 mm und 40 mm Durchmesser, mit L\u00e4ngen von 1200 mm bis 2000 mm. Diese Auswahl erm\u00f6glicht eine ma\u00dfgeschneiderte Anpassung an die Spezifikationen Ihres Fahrzeugs. Au\u00dferdem k\u00f6nnen auf Anfrage ma\u00dfgefertigte Wellen mit unterschiedlichen Konizit\u00e4ten oder dualen Enden hergestellt werden, was zus\u00e4tzliche Flexibilit\u00e4t f\u00fcr spezielle Anwendungen bietet.<\/p>\n<p style=\"color: rgb(34, 34, 34); font-family: Arial, Helvetica, sans-serif; font-size: small;\">Mit ihrer robusten Bauweise und einfachen Installation bietet die Exalto-Propellerwelle eine langlebige und effiziente L\u00f6sung f\u00fcr den maritimen Antrieb. Sie ist eine hervorragende Wahl f\u00fcr Yachtbesitzer, die ein zuverl\u00e4ssiges und qualitativ hochwertiges Bauteil f\u00fcr das Antriebssystem ihres Fahrzeugs suchen.<\/p>\n<p style=\"color: rgb(34, 34, 34); font-family: Arial, Helvetica, sans-serif; font-size: small;\"><strong>Hauptmerkmale:<\/strong><\/p>\n<ul style=\"color: rgb(34, 34, 34); font-family: Arial, Helvetica, sans-serif; font-size: small;\">\n<li><strong>Material:<\/strong> Hergestellt aus 1.4462 Duplex-Edelstahl, der \u00fcberlegene Korrosionsbest\u00e4ndigkeit und Festigkeit bietet.<\/li>\n<li><strong>Pr\u00e4zisionsbearbeitung:<\/strong> Vollst\u00e4ndig bearbeitet mit hochwertigen Toleranzen, um optimale Leistung und Haltbarkeit zu gew\u00e4hrleisten.<\/li>\n<li><strong>ISO 4566 Konizit\u00e4t:<\/strong> 1:10-Konizit\u00e4t, die entworfen wurde, um internationale Standards f\u00fcr hohe Zuverl\u00e4ssigkeit zu erf\u00fcllen.<\/li>\n<li><strong>Sonderanfertigungen:<\/strong> Sonderdurchmesser, L\u00e4ngen, Konizit\u00e4ten und duale Endkonfigurationen auf Anfrage erh\u00e4ltlich.<\/li>\n<li><strong>Komplettpaket:<\/strong> Enth\u00e4lt Schl\u00fcssel, Sicherungsunterlegscheibe und Verkleidungsunterlegscheibe mit integrierter Anode f\u00fcr einfache Installation und zus\u00e4tzlichen Schutz.<\/li>\n<li><strong>Haltbarkeit:<\/strong> Entwickelt f\u00fcr langfristige Leistung, was sie zu einer idealen Wahl f\u00fcr sowohl Freizeit- als auch Handelsfahrzeuge macht.<\/li>\n<\/ul>\n","protected":false},"excerpt":{"rendered":"<p>Edelstahl Propellerwelle 40mm x 200cm &#8211; Propellerwellen aus Duplex-Edelstahl bieten im Vergleich zu Standard AISI 316-A4 \u00fcberlegene mechanische Festigkeit und<\/p>\n","protected":false},"featured_media":5936807,"comment_status":"open","ping_status":"closed","template":"","meta":[],"product_brand":[2930],"product_cat":[1499],"product_tag":[],"class_list":{"0":"post-732972","1":"product","2":"type-product","3":"status-publish","4":"has-post-thumbnail","6":"product_brand-exalto-marine-de","7":"product_cat-propellerwellen","9":"first","10":"instock","11":"shipping-taxable","12":"purchasable","13":"product-type-simple"},"_links":{"self":[{"href":"https:\/\/stoic-curie.212-227-153-4.plesk.page\/de\/wp-json\/wp\/v2\/product\/732972","targetHints":{"allow":["GET"]}}],"collection":[{"href":"https:\/\/stoic-curie.212-227-153-4.plesk.page\/de\/wp-json\/wp\/v2\/product"}],"about":[{"href":"https:\/\/stoic-curie.212-227-153-4.plesk.page\/de\/wp-json\/wp\/v2\/types\/product"}],"replies":[{"embeddable":true,"href":"https:\/\/stoic-curie.212-227-153-4.plesk.page\/de\/wp-json\/wp\/v2\/comments?post=732972"}],"version-history":[{"count":0,"href":"https:\/\/stoic-curie.212-227-153-4.plesk.page\/de\/wp-json\/wp\/v2\/product\/732972\/revisions"}],"wp:featuredmedia":[{"embeddable":true,"href":"https:\/\/stoic-curie.212-227-153-4.plesk.page\/de\/wp-json\/wp\/v2\/media\/5936807"}],"wp:attachment":[{"href":"https:\/\/stoic-curie.212-227-153-4.plesk.page\/de\/wp-json\/wp\/v2\/media?parent=732972"}],"wp:term":[{"taxonomy":"product_brand","embeddable":true,"href":"https:\/\/stoic-curie.212-227-153-4.plesk.page\/de\/wp-json\/wp\/v2\/product_brand?post=732972"},{"taxonomy":"product_cat","embeddable":true,"href":"https:\/\/stoic-curie.212-227-153-4.plesk.page\/de\/wp-json\/wp\/v2\/product_cat?post=732972"},{"taxonomy":"product_tag","embeddable":true,"href":"https:\/\/stoic-curie.212-227-153-4.plesk.page\/de\/wp-json\/wp\/v2\/product_tag?post=732972"}],"curies":[{"name":"wp","href":"https:\/\/api.w.org\/{rel}","templated":true}]}}