{"id":732989,"date":"2025-03-03T16:17:43","date_gmt":"2025-03-03T15:17:43","guid":{"rendered":"https:\/\/stoic-curie.212-227-153-4.plesk.page\/producto\/schwimmendes-schwarzes-geflecht-18-mm-x-100-m\/"},"modified":"2026-02-24T23:34:38","modified_gmt":"2026-02-24T23:34:38","slug":"schwimmendes-schwarzes-geflecht-18-mm-x-100-m","status":"publish","type":"product","link":"https:\/\/stoic-curie.212-227-153-4.plesk.page\/de\/product\/schwimmendes-schwarzes-geflecht-18-mm-x-100-m\/","title":{"rendered":"Schwimmendes schwarzes Geflecht 18 mm x 100 m"},"content":{"rendered":"<p>Schwimmendes schwarzes Geflecht 18 mm x 100 m &#8211; <\/p>\n<p>Widerstandsf\u00e4hige und leichte geflochtene Leine f\u00fcr Lifelines, Handl\u00e4ufe, Rettungsringe, tempor\u00e4re Moorings usw. 3-fach geflochten &#8211; 100% Polyethylen. Schwimmend.<\/p>\n","protected":false},"excerpt":{"rendered":"<p>Schwimmendes schwarzes Geflecht 18 mm x 100 m &#8211; Widerstandsf\u00e4hige und leichte geflochtene Leine f\u00fcr Lifelines, Handl\u00e4ufe, Rettungsringe, tempor\u00e4re Moorings<\/p>\n","protected":false},"featured_media":5936819,"comment_status":"open","ping_status":"closed","template":"","meta":[],"product_brand":[3100],"product_cat":[1334],"product_tag":[],"class_list":{"0":"post-732989","1":"product","2":"type-product","3":"status-publish","4":"has-post-thumbnail","6":"product_brand-marco-benvenuti-de","7":"product_cat-schwimmendes-seil","9":"first","10":"instock","11":"shipping-taxable","12":"purchasable","13":"product-type-simple"},"_links":{"self":[{"href":"https:\/\/stoic-curie.212-227-153-4.plesk.page\/de\/wp-json\/wp\/v2\/product\/732989","targetHints":{"allow":["GET"]}}],"collection":[{"href":"https:\/\/stoic-curie.212-227-153-4.plesk.page\/de\/wp-json\/wp\/v2\/product"}],"about":[{"href":"https:\/\/stoic-curie.212-227-153-4.plesk.page\/de\/wp-json\/wp\/v2\/types\/product"}],"replies":[{"embeddable":true,"href":"https:\/\/stoic-curie.212-227-153-4.plesk.page\/de\/wp-json\/wp\/v2\/comments?post=732989"}],"version-history":[{"count":0,"href":"https:\/\/stoic-curie.212-227-153-4.plesk.page\/de\/wp-json\/wp\/v2\/product\/732989\/revisions"}],"wp:featuredmedia":[{"embeddable":true,"href":"https:\/\/stoic-curie.212-227-153-4.plesk.page\/de\/wp-json\/wp\/v2\/media\/5936819"}],"wp:attachment":[{"href":"https:\/\/stoic-curie.212-227-153-4.plesk.page\/de\/wp-json\/wp\/v2\/media?parent=732989"}],"wp:term":[{"taxonomy":"product_brand","embeddable":true,"href":"https:\/\/stoic-curie.212-227-153-4.plesk.page\/de\/wp-json\/wp\/v2\/product_brand?post=732989"},{"taxonomy":"product_cat","embeddable":true,"href":"https:\/\/stoic-curie.212-227-153-4.plesk.page\/de\/wp-json\/wp\/v2\/product_cat?post=732989"},{"taxonomy":"product_tag","embeddable":true,"href":"https:\/\/stoic-curie.212-227-153-4.plesk.page\/de\/wp-json\/wp\/v2\/product_tag?post=732989"}],"curies":[{"name":"wp","href":"https:\/\/api.w.org\/{rel}","templated":true}]}}