{"id":732996,"date":"2025-03-03T16:17:44","date_gmt":"2025-03-03T15:17:44","guid":{"rendered":"https:\/\/stoic-curie.212-227-153-4.plesk.page\/producto\/windschutzscheibenwischer-mtm-w40hd-24v\/"},"modified":"2026-02-24T23:34:38","modified_gmt":"2026-02-24T23:34:38","slug":"windschutzscheibenwischer-mtm-w40hd-24v","status":"publish","type":"product","link":"https:\/\/stoic-curie.212-227-153-4.plesk.page\/de\/product\/windschutzscheibenwischer-mtm-w40hd-24v\/","title":{"rendered":"Windschutzscheibenwischer MTM W40hd 24v"},"content":{"rendered":"<p>Windschutzscheibenwischer MTM W40hd 24v &#8211; <\/p>\n<p>W40 HD Wischer f\u00fcr mittelgro\u00dfe bis gro\u00dfe Boote. 35 Nm wasserdichter Motor mit 2 Geschwindigkeiten (langsam 30 Wischvorg\u00e4nge pro Minute und schnell 45 Wischvorg\u00e4nge pro Minute), Wischwinkel 70\u00b0 und automatische Selbstparkfunktion nach links. Unverpackter Mechanismus f\u00fcr eine einfache Schmierung. Effektive Gewindewellenl\u00e4nge von 60 mm mit konisch geripptem Anschlussdurchmesser von 9-7 mm. Komplett mit einem Pantograph-Wischerarm und einem Edelstahlblatt.<\/p>\n","protected":false},"excerpt":{"rendered":"<p>Windschutzscheibenwischer MTM W40hd 24v &#8211; W40 HD Wischer f\u00fcr mittelgro\u00dfe bis gro\u00dfe Boote. 35 Nm wasserdichter Motor mit 2 Geschwindigkeiten<\/p>\n","protected":false},"featured_media":5936831,"comment_status":"open","ping_status":"closed","template":"","meta":[],"product_brand":[3235],"product_cat":[1448],"product_tag":[],"class_list":{"0":"post-732996","1":"product","2":"type-product","3":"status-publish","4":"has-post-thumbnail","6":"product_brand-osculati-de","7":"product_cat-scheibenwischer","9":"first","10":"instock","11":"shipping-taxable","12":"purchasable","13":"product-type-simple"},"_links":{"self":[{"href":"https:\/\/stoic-curie.212-227-153-4.plesk.page\/de\/wp-json\/wp\/v2\/product\/732996","targetHints":{"allow":["GET"]}}],"collection":[{"href":"https:\/\/stoic-curie.212-227-153-4.plesk.page\/de\/wp-json\/wp\/v2\/product"}],"about":[{"href":"https:\/\/stoic-curie.212-227-153-4.plesk.page\/de\/wp-json\/wp\/v2\/types\/product"}],"replies":[{"embeddable":true,"href":"https:\/\/stoic-curie.212-227-153-4.plesk.page\/de\/wp-json\/wp\/v2\/comments?post=732996"}],"version-history":[{"count":0,"href":"https:\/\/stoic-curie.212-227-153-4.plesk.page\/de\/wp-json\/wp\/v2\/product\/732996\/revisions"}],"wp:featuredmedia":[{"embeddable":true,"href":"https:\/\/stoic-curie.212-227-153-4.plesk.page\/de\/wp-json\/wp\/v2\/media\/5936831"}],"wp:attachment":[{"href":"https:\/\/stoic-curie.212-227-153-4.plesk.page\/de\/wp-json\/wp\/v2\/media?parent=732996"}],"wp:term":[{"taxonomy":"product_brand","embeddable":true,"href":"https:\/\/stoic-curie.212-227-153-4.plesk.page\/de\/wp-json\/wp\/v2\/product_brand?post=732996"},{"taxonomy":"product_cat","embeddable":true,"href":"https:\/\/stoic-curie.212-227-153-4.plesk.page\/de\/wp-json\/wp\/v2\/product_cat?post=732996"},{"taxonomy":"product_tag","embeddable":true,"href":"https:\/\/stoic-curie.212-227-153-4.plesk.page\/de\/wp-json\/wp\/v2\/product_tag?post=732996"}],"curies":[{"name":"wp","href":"https:\/\/api.w.org\/{rel}","templated":true}]}}