{"id":732997,"date":"2025-03-03T16:17:44","date_gmt":"2025-03-03T15:17:44","guid":{"rendered":"https:\/\/stoic-curie.212-227-153-4.plesk.page\/producto\/edelstahl-pantograph-arme-mtm-w40-ausziehbar-450-550mm\/"},"modified":"2026-02-24T23:34:38","modified_gmt":"2026-02-24T23:34:38","slug":"edelstahl-pantograph-arme-mtm-w40-ausziehbar-450-550mm","status":"publish","type":"product","link":"https:\/\/stoic-curie.212-227-153-4.plesk.page\/de\/product\/edelstahl-pantograph-arme-mtm-w40-ausziehbar-450-550mm\/","title":{"rendered":"Edelstahl-Pantograph-Arme MTM W40 ausziehbar 450-550mm"},"content":{"rendered":"<p>Edelstahl-Pantograph-Arme MTM W40 ausziehbar 450-550mm &#8211; <\/p>\n<p>W40 HD Scheibenwischer f\u00fcr mittelgro\u00dfe bis gro\u00dfe Boote. 35 Nm wasserdichter Motor mit 2 Geschwindigkeiten (langsam 30 Wischvorg\u00e4nge\/Minute und schnell 45 Wischvorg\u00e4nge\/Minute), Wischwinkel 70\u00b0 und automatische linke Selbstparkfunktion. Offenes Mechanismus f\u00fcr eine einfache Schmierung. 60 mm effektive Gewindestangenl\u00e4nge mit konisch gerippter Befestigung von 9-7 mm. Zu kombinieren mit einem Pantograph-Wischerarm und einer Edelstahlklinge.<\/p>\n","protected":false},"excerpt":{"rendered":"<p>Edelstahl-Pantograph-Arme MTM W40 ausziehbar 450-550mm &#8211; W40 HD Scheibenwischer f\u00fcr mittelgro\u00dfe bis gro\u00dfe Boote. 35 Nm wasserdichter Motor mit 2<\/p>\n","protected":false},"featured_media":5936833,"comment_status":"open","ping_status":"closed","template":"","meta":[],"product_brand":[3235],"product_cat":[1448],"product_tag":[],"class_list":{"0":"post-732997","1":"product","2":"type-product","3":"status-publish","4":"has-post-thumbnail","6":"product_brand-osculati-de","7":"product_cat-scheibenwischer","9":"first","10":"instock","11":"shipping-taxable","12":"purchasable","13":"product-type-simple"},"_links":{"self":[{"href":"https:\/\/stoic-curie.212-227-153-4.plesk.page\/de\/wp-json\/wp\/v2\/product\/732997","targetHints":{"allow":["GET"]}}],"collection":[{"href":"https:\/\/stoic-curie.212-227-153-4.plesk.page\/de\/wp-json\/wp\/v2\/product"}],"about":[{"href":"https:\/\/stoic-curie.212-227-153-4.plesk.page\/de\/wp-json\/wp\/v2\/types\/product"}],"replies":[{"embeddable":true,"href":"https:\/\/stoic-curie.212-227-153-4.plesk.page\/de\/wp-json\/wp\/v2\/comments?post=732997"}],"version-history":[{"count":0,"href":"https:\/\/stoic-curie.212-227-153-4.plesk.page\/de\/wp-json\/wp\/v2\/product\/732997\/revisions"}],"wp:featuredmedia":[{"embeddable":true,"href":"https:\/\/stoic-curie.212-227-153-4.plesk.page\/de\/wp-json\/wp\/v2\/media\/5936833"}],"wp:attachment":[{"href":"https:\/\/stoic-curie.212-227-153-4.plesk.page\/de\/wp-json\/wp\/v2\/media?parent=732997"}],"wp:term":[{"taxonomy":"product_brand","embeddable":true,"href":"https:\/\/stoic-curie.212-227-153-4.plesk.page\/de\/wp-json\/wp\/v2\/product_brand?post=732997"},{"taxonomy":"product_cat","embeddable":true,"href":"https:\/\/stoic-curie.212-227-153-4.plesk.page\/de\/wp-json\/wp\/v2\/product_cat?post=732997"},{"taxonomy":"product_tag","embeddable":true,"href":"https:\/\/stoic-curie.212-227-153-4.plesk.page\/de\/wp-json\/wp\/v2\/product_tag?post=732997"}],"curies":[{"name":"wp","href":"https:\/\/api.w.org\/{rel}","templated":true}]}}