{"id":733001,"date":"2025-03-03T16:17:45","date_gmt":"2025-03-03T15:17:45","guid":{"rendered":"https:\/\/stoic-curie.212-227-153-4.plesk.page\/producto\/edelstahl-pantograph-fuer-mtm-w70hd-650-800mm\/"},"modified":"2026-02-24T23:34:38","modified_gmt":"2026-02-24T23:34:38","slug":"edelstahl-pantograph-fuer-mtm-w70hd-650-800mm","status":"publish","type":"product","link":"https:\/\/stoic-curie.212-227-153-4.plesk.page\/de\/product\/edelstahl-pantograph-fuer-mtm-w70hd-650-800mm\/","title":{"rendered":"Edelstahl-Pantograph f\u00fcr MTM W70HD 650-800mm"},"content":{"rendered":"<p>Edelstahl-Pantograph f\u00fcr MTM W70HD 650-800mm &#8211; <\/p>\n<p>W70 HD Wischer f\u00fcr gro\u00dfe Boote. Wasserdichter Motor mit einem Drehmoment von bis zu 35 Nm. Schwenkbereich von 70\u00b0. Automatisches Selbstparken nach links. 2 Geschwindigkeiten: Langsam 30 Wischbewegungen\/Minute und Schnell 45 Wischbewegungen\/Minute. Geh\u00e4usemechanismus f\u00fcr einfache Schmierung. Effektive Gewindestangenl\u00e4nge von 60 mm. 60 mm Achsabstand. Sollte mit einem Pantograph-Wischerarm und einer Edelstahlklinge kombiniert werden.<\/p>\n","protected":false},"excerpt":{"rendered":"<p>Edelstahl-Pantograph f\u00fcr MTM W70HD 650-800mm &#8211; W70 HD Wischer f\u00fcr gro\u00dfe Boote. Wasserdichter Motor mit einem Drehmoment von bis zu<\/p>\n","protected":false},"featured_media":5936833,"comment_status":"open","ping_status":"closed","template":"","meta":[],"product_brand":[3235],"product_cat":[1448],"product_tag":[],"class_list":{"0":"post-733001","1":"product","2":"type-product","3":"status-publish","4":"has-post-thumbnail","6":"product_brand-osculati-de","7":"product_cat-scheibenwischer","9":"first","10":"instock","11":"shipping-taxable","12":"purchasable","13":"product-type-simple"},"_links":{"self":[{"href":"https:\/\/stoic-curie.212-227-153-4.plesk.page\/de\/wp-json\/wp\/v2\/product\/733001","targetHints":{"allow":["GET"]}}],"collection":[{"href":"https:\/\/stoic-curie.212-227-153-4.plesk.page\/de\/wp-json\/wp\/v2\/product"}],"about":[{"href":"https:\/\/stoic-curie.212-227-153-4.plesk.page\/de\/wp-json\/wp\/v2\/types\/product"}],"replies":[{"embeddable":true,"href":"https:\/\/stoic-curie.212-227-153-4.plesk.page\/de\/wp-json\/wp\/v2\/comments?post=733001"}],"version-history":[{"count":0,"href":"https:\/\/stoic-curie.212-227-153-4.plesk.page\/de\/wp-json\/wp\/v2\/product\/733001\/revisions"}],"wp:featuredmedia":[{"embeddable":true,"href":"https:\/\/stoic-curie.212-227-153-4.plesk.page\/de\/wp-json\/wp\/v2\/media\/5936833"}],"wp:attachment":[{"href":"https:\/\/stoic-curie.212-227-153-4.plesk.page\/de\/wp-json\/wp\/v2\/media?parent=733001"}],"wp:term":[{"taxonomy":"product_brand","embeddable":true,"href":"https:\/\/stoic-curie.212-227-153-4.plesk.page\/de\/wp-json\/wp\/v2\/product_brand?post=733001"},{"taxonomy":"product_cat","embeddable":true,"href":"https:\/\/stoic-curie.212-227-153-4.plesk.page\/de\/wp-json\/wp\/v2\/product_cat?post=733001"},{"taxonomy":"product_tag","embeddable":true,"href":"https:\/\/stoic-curie.212-227-153-4.plesk.page\/de\/wp-json\/wp\/v2\/product_tag?post=733001"}],"curies":[{"name":"wp","href":"https:\/\/api.w.org\/{rel}","templated":true}]}}