{"id":733011,"date":"2025-03-03T16:17:47","date_gmt":"2025-03-03T15:17:47","guid":{"rendered":"https:\/\/stoic-curie.212-227-153-4.plesk.page\/producto\/luftfanfare-marco-500mm-24v\/"},"modified":"2026-02-24T23:34:38","modified_gmt":"2026-02-24T23:34:38","slug":"luftfanfare-marco-500mm-24v","status":"publish","type":"product","link":"https:\/\/stoic-curie.212-227-153-4.plesk.page\/de\/product\/luftfanfare-marco-500mm-24v\/","title":{"rendered":"Luftfanfare Marco 500mm 24V"},"content":{"rendered":"<p>Luftfanfare Marco 500mm 24V &#8211; <\/p>\n<p>Komposit- und verchromtes Messinggeh\u00e4use elektrisch betriebenes Luftkompressorhorn. Verchromte Messingtrumpete. Kompressor, Luftschl\u00e4uche, Armaturen und Zubeh\u00f6r inklusive.<\/p>\n","protected":false},"excerpt":{"rendered":"<p>Luftfanfare Marco 500mm 24V &#8211; Komposit- und verchromtes Messinggeh\u00e4use elektrisch betriebenes Luftkompressorhorn. Verchromte Messingtrumpete. Kompressor, Luftschl\u00e4uche, Armaturen und Zubeh\u00f6r inklusive.<\/p>\n","protected":false},"featured_media":5936859,"comment_status":"open","ping_status":"closed","template":"","meta":[],"product_brand":[3095],"product_cat":[1460],"product_tag":[],"class_list":{"0":"post-733011","1":"product","2":"type-product","3":"status-publish","4":"has-post-thumbnail","6":"product_brand-marco-de","7":"product_cat-bootshoerner","9":"first","10":"instock","11":"shipping-taxable","12":"purchasable","13":"product-type-simple"},"_links":{"self":[{"href":"https:\/\/stoic-curie.212-227-153-4.plesk.page\/de\/wp-json\/wp\/v2\/product\/733011","targetHints":{"allow":["GET"]}}],"collection":[{"href":"https:\/\/stoic-curie.212-227-153-4.plesk.page\/de\/wp-json\/wp\/v2\/product"}],"about":[{"href":"https:\/\/stoic-curie.212-227-153-4.plesk.page\/de\/wp-json\/wp\/v2\/types\/product"}],"replies":[{"embeddable":true,"href":"https:\/\/stoic-curie.212-227-153-4.plesk.page\/de\/wp-json\/wp\/v2\/comments?post=733011"}],"version-history":[{"count":0,"href":"https:\/\/stoic-curie.212-227-153-4.plesk.page\/de\/wp-json\/wp\/v2\/product\/733011\/revisions"}],"wp:featuredmedia":[{"embeddable":true,"href":"https:\/\/stoic-curie.212-227-153-4.plesk.page\/de\/wp-json\/wp\/v2\/media\/5936859"}],"wp:attachment":[{"href":"https:\/\/stoic-curie.212-227-153-4.plesk.page\/de\/wp-json\/wp\/v2\/media?parent=733011"}],"wp:term":[{"taxonomy":"product_brand","embeddable":true,"href":"https:\/\/stoic-curie.212-227-153-4.plesk.page\/de\/wp-json\/wp\/v2\/product_brand?post=733011"},{"taxonomy":"product_cat","embeddable":true,"href":"https:\/\/stoic-curie.212-227-153-4.plesk.page\/de\/wp-json\/wp\/v2\/product_cat?post=733011"},{"taxonomy":"product_tag","embeddable":true,"href":"https:\/\/stoic-curie.212-227-153-4.plesk.page\/de\/wp-json\/wp\/v2\/product_tag?post=733011"}],"curies":[{"name":"wp","href":"https:\/\/api.w.org\/{rel}","templated":true}]}}