{"id":733015,"date":"2025-03-03T16:17:48","date_gmt":"2025-03-03T15:17:48","guid":{"rendered":"https:\/\/stoic-curie.212-227-153-4.plesk.page\/producto\/elektrische-hupe-hurricane-verchromt-24v\/"},"modified":"2026-02-24T23:34:38","modified_gmt":"2026-02-24T23:34:38","slug":"elektrische-hupe-hurricane-verchromt-24v","status":"publish","type":"product","link":"https:\/\/stoic-curie.212-227-153-4.plesk.page\/de\/product\/elektrische-hupe-hurricane-verchromt-24v\/","title":{"rendered":"Elektrische Hupe Hurricane verchromt 24V"},"content":{"rendered":"<p>Elektrische Hupe Hurricane verchromt 24V &#8211; <\/p>\n<p>Tecnopolymer-Bauform, versenkbares elektro-pneumatisches Kompressorkorn. Ausgestattet mit einem integrierten Kompressor, der typischerweise einen maritimen, tiefen Ton und einen au\u00dfergew\u00f6hnlich kr\u00e4ftigen Klang erzeugt.<\/p>\n","protected":false},"excerpt":{"rendered":"<p>Elektrische Hupe Hurricane verchromt 24V &#8211; Tecnopolymer-Bauform, versenkbares elektro-pneumatisches Kompressorkorn. Ausgestattet mit einem integrierten Kompressor, der typischerweise einen maritimen, tiefen<\/p>\n","protected":false},"featured_media":5936861,"comment_status":"open","ping_status":"closed","template":"","meta":[],"product_brand":[3095],"product_cat":[1460],"product_tag":[],"class_list":{"0":"post-733015","1":"product","2":"type-product","3":"status-publish","4":"has-post-thumbnail","6":"product_brand-marco-de","7":"product_cat-bootshoerner","9":"first","10":"instock","11":"shipping-taxable","12":"purchasable","13":"product-type-simple"},"_links":{"self":[{"href":"https:\/\/stoic-curie.212-227-153-4.plesk.page\/de\/wp-json\/wp\/v2\/product\/733015","targetHints":{"allow":["GET"]}}],"collection":[{"href":"https:\/\/stoic-curie.212-227-153-4.plesk.page\/de\/wp-json\/wp\/v2\/product"}],"about":[{"href":"https:\/\/stoic-curie.212-227-153-4.plesk.page\/de\/wp-json\/wp\/v2\/types\/product"}],"replies":[{"embeddable":true,"href":"https:\/\/stoic-curie.212-227-153-4.plesk.page\/de\/wp-json\/wp\/v2\/comments?post=733015"}],"version-history":[{"count":0,"href":"https:\/\/stoic-curie.212-227-153-4.plesk.page\/de\/wp-json\/wp\/v2\/product\/733015\/revisions"}],"wp:featuredmedia":[{"embeddable":true,"href":"https:\/\/stoic-curie.212-227-153-4.plesk.page\/de\/wp-json\/wp\/v2\/media\/5936861"}],"wp:attachment":[{"href":"https:\/\/stoic-curie.212-227-153-4.plesk.page\/de\/wp-json\/wp\/v2\/media?parent=733015"}],"wp:term":[{"taxonomy":"product_brand","embeddable":true,"href":"https:\/\/stoic-curie.212-227-153-4.plesk.page\/de\/wp-json\/wp\/v2\/product_brand?post=733015"},{"taxonomy":"product_cat","embeddable":true,"href":"https:\/\/stoic-curie.212-227-153-4.plesk.page\/de\/wp-json\/wp\/v2\/product_cat?post=733015"},{"taxonomy":"product_tag","embeddable":true,"href":"https:\/\/stoic-curie.212-227-153-4.plesk.page\/de\/wp-json\/wp\/v2\/product_tag?post=733015"}],"curies":[{"name":"wp","href":"https:\/\/api.w.org\/{rel}","templated":true}]}}