{"id":733019,"date":"2025-03-03T16:17:48","date_gmt":"2025-03-03T15:17:48","guid":{"rendered":"https:\/\/stoic-curie.212-227-153-4.plesk.page\/producto\/graue-bootsabdeckungen-verstellbar-von-427-bis-488-cm-180-cm\/"},"modified":"2026-02-24T23:34:38","modified_gmt":"2026-02-24T23:34:38","slug":"graue-bootsabdeckungen-verstellbar-von-427-bis-488-cm-180-cm","status":"publish","type":"product","link":"https:\/\/stoic-curie.212-227-153-4.plesk.page\/de\/product\/graue-bootsabdeckungen-verstellbar-von-427-bis-488-cm-180-cm\/","title":{"rendered":"Graue Bootsabdeckungen verstellbar von 427 bis 488 cm (180 cm)"},"content":{"rendered":"<p>Graue Bootsabdeckungen verstellbar von 427 bis 488 cm (180 cm) &#8211; <\/p>\n<p>Hochwertige Bootsabdeckungen aus 100 % wasserdichtem, PVC-beschichtetem Gewebe. UV-best\u00e4ndig reflektieren sie das Sonnenlicht dank der silbernen Farbe (au\u00dfer bei den Gr\u00f6\u00dfen XL-XXL-XXXL in blauer Farbe). Ausgestattet mit einem inneren elastischen G\u00fcrtel, der perfekt an die Form des Bootes anpasst, und mit doppelten N\u00e4hten f\u00fcr maximale Haltbarkeit. Die D-f\u00f6rmigen, kratzfesten Ringe und das Seil sorgen f\u00fcr eine sichere Befestigung.<\/p>\n","protected":false},"excerpt":{"rendered":"<p>Graue Bootsabdeckungen verstellbar von 427 bis 488 cm (180 cm) &#8211; Hochwertige Bootsabdeckungen aus 100 % wasserdichtem, PVC-beschichtetem Gewebe. UV-best\u00e4ndig<\/p>\n","protected":false},"featured_media":5936863,"comment_status":"open","ping_status":"closed","template":"","meta":[],"product_brand":[3235],"product_cat":[1396],"product_tag":[],"class_list":{"0":"post-733019","1":"product","2":"type-product","3":"status-publish","4":"has-post-thumbnail","6":"product_brand-osculati-de","7":"product_cat-bootabdeckungen","9":"first","10":"instock","11":"shipping-taxable","12":"purchasable","13":"product-type-simple"},"_links":{"self":[{"href":"https:\/\/stoic-curie.212-227-153-4.plesk.page\/de\/wp-json\/wp\/v2\/product\/733019","targetHints":{"allow":["GET"]}}],"collection":[{"href":"https:\/\/stoic-curie.212-227-153-4.plesk.page\/de\/wp-json\/wp\/v2\/product"}],"about":[{"href":"https:\/\/stoic-curie.212-227-153-4.plesk.page\/de\/wp-json\/wp\/v2\/types\/product"}],"replies":[{"embeddable":true,"href":"https:\/\/stoic-curie.212-227-153-4.plesk.page\/de\/wp-json\/wp\/v2\/comments?post=733019"}],"version-history":[{"count":0,"href":"https:\/\/stoic-curie.212-227-153-4.plesk.page\/de\/wp-json\/wp\/v2\/product\/733019\/revisions"}],"wp:featuredmedia":[{"embeddable":true,"href":"https:\/\/stoic-curie.212-227-153-4.plesk.page\/de\/wp-json\/wp\/v2\/media\/5936863"}],"wp:attachment":[{"href":"https:\/\/stoic-curie.212-227-153-4.plesk.page\/de\/wp-json\/wp\/v2\/media?parent=733019"}],"wp:term":[{"taxonomy":"product_brand","embeddable":true,"href":"https:\/\/stoic-curie.212-227-153-4.plesk.page\/de\/wp-json\/wp\/v2\/product_brand?post=733019"},{"taxonomy":"product_cat","embeddable":true,"href":"https:\/\/stoic-curie.212-227-153-4.plesk.page\/de\/wp-json\/wp\/v2\/product_cat?post=733019"},{"taxonomy":"product_tag","embeddable":true,"href":"https:\/\/stoic-curie.212-227-153-4.plesk.page\/de\/wp-json\/wp\/v2\/product_tag?post=733019"}],"curies":[{"name":"wp","href":"https:\/\/api.w.org\/{rel}","templated":true}]}}