{"id":733023,"date":"2025-03-03T16:17:49","date_gmt":"2025-03-03T15:17:49","guid":{"rendered":"https:\/\/stoic-curie.212-227-153-4.plesk.page\/producto\/bootsabdeckungen-xl-blau-und-einstellbar-von-580-bis-650-cm\/"},"modified":"2026-02-24T23:34:38","modified_gmt":"2026-02-24T23:34:38","slug":"bootsabdeckungen-xl-blau-und-einstellbar-von-580-bis-650-cm","status":"publish","type":"product","link":"https:\/\/stoic-curie.212-227-153-4.plesk.page\/de\/product\/bootsabdeckungen-xl-blau-und-einstellbar-von-580-bis-650-cm\/","title":{"rendered":"Bootsabdeckungen XL Blau und einstellbar von 580 bis 650 cm"},"content":{"rendered":"<p>Bootsabdeckungen XL Blau und einstellbar von 580 bis 650 cm &#8211; <\/p>\n<p>Premium-Qualit\u00e4t Bootshaus-Abdeckungen aus 100% wasserdichten PVC-beschichteten Stoffen. UV-best\u00e4ndig, reflektieren sie das Sonnenlicht dank der silbernen Farbe (au\u00dfer bei den XL-XXL-XXXL Gr\u00f6\u00dfen in blauer Farbe). Ausgestattet mit einem inneren elastischen G\u00fcrtel, der perfekt auf die Form des Boots passt, und mit doppelt gen\u00e4hten N\u00e4hten f\u00fcr die beste Haltbarkeit. Die D-f\u00f6rmigen kratzfesten Ringe und das Seil sorgen f\u00fcr eine sichere Befestigung.<\/p>\n","protected":false},"excerpt":{"rendered":"<p>Bootsabdeckungen XL Blau und einstellbar von 580 bis 650 cm &#8211; Premium-Qualit\u00e4t Bootshaus-Abdeckungen aus 100% wasserdichten PVC-beschichteten Stoffen. UV-best\u00e4ndig, reflektieren<\/p>\n","protected":false},"featured_media":5936863,"comment_status":"open","ping_status":"closed","template":"","meta":[],"product_brand":[3235],"product_cat":[1396],"product_tag":[],"class_list":{"0":"post-733023","1":"product","2":"type-product","3":"status-publish","4":"has-post-thumbnail","6":"product_brand-osculati-de","7":"product_cat-bootabdeckungen","9":"first","10":"instock","11":"shipping-taxable","12":"purchasable","13":"product-type-simple"},"_links":{"self":[{"href":"https:\/\/stoic-curie.212-227-153-4.plesk.page\/de\/wp-json\/wp\/v2\/product\/733023","targetHints":{"allow":["GET"]}}],"collection":[{"href":"https:\/\/stoic-curie.212-227-153-4.plesk.page\/de\/wp-json\/wp\/v2\/product"}],"about":[{"href":"https:\/\/stoic-curie.212-227-153-4.plesk.page\/de\/wp-json\/wp\/v2\/types\/product"}],"replies":[{"embeddable":true,"href":"https:\/\/stoic-curie.212-227-153-4.plesk.page\/de\/wp-json\/wp\/v2\/comments?post=733023"}],"version-history":[{"count":0,"href":"https:\/\/stoic-curie.212-227-153-4.plesk.page\/de\/wp-json\/wp\/v2\/product\/733023\/revisions"}],"wp:featuredmedia":[{"embeddable":true,"href":"https:\/\/stoic-curie.212-227-153-4.plesk.page\/de\/wp-json\/wp\/v2\/media\/5936863"}],"wp:attachment":[{"href":"https:\/\/stoic-curie.212-227-153-4.plesk.page\/de\/wp-json\/wp\/v2\/media?parent=733023"}],"wp:term":[{"taxonomy":"product_brand","embeddable":true,"href":"https:\/\/stoic-curie.212-227-153-4.plesk.page\/de\/wp-json\/wp\/v2\/product_brand?post=733023"},{"taxonomy":"product_cat","embeddable":true,"href":"https:\/\/stoic-curie.212-227-153-4.plesk.page\/de\/wp-json\/wp\/v2\/product_cat?post=733023"},{"taxonomy":"product_tag","embeddable":true,"href":"https:\/\/stoic-curie.212-227-153-4.plesk.page\/de\/wp-json\/wp\/v2\/product_tag?post=733023"}],"curies":[{"name":"wp","href":"https:\/\/api.w.org\/{rel}","templated":true}]}}