{"id":733033,"date":"2025-03-03T16:17:51","date_gmt":"2025-03-03T15:17:51","guid":{"rendered":"https:\/\/stoic-curie.212-227-153-4.plesk.page\/producto\/universelle-segelbootpropeller-mit-zwei-blaettern-17x12\/"},"modified":"2026-02-24T23:34:38","modified_gmt":"2026-02-24T23:34:38","slug":"universelle-segelbootpropeller-mit-zwei-blaettern-17x12","status":"publish","type":"product","link":"https:\/\/stoic-curie.212-227-153-4.plesk.page\/de\/product\/universelle-segelbootpropeller-mit-zwei-blaettern-17x12\/","title":{"rendered":"Universelle Segelbootpropeller mit zwei Bl\u00e4ttern 17X12"},"content":{"rendered":"<p>Universelle Segelbootpropeller mit zwei Bl\u00e4ttern 17X12 &#8211; <\/p>\n<p>2-bl\u00e4ttrige Propeller aus Aluminiumlegierung mit Sail Drive-Typ. Dynamisch ausgewogen, korrosions- und schlagfest. Gerippte Buchse mit 17 Rillen. Wichtig: Saildrive-Propeller m\u00fcssen gem\u00e4\u00df den Anweisungen des Herstellers wie Volvo, Yanmar, Bukh, Nanni usw. mit Originalzubeh\u00f6r montiert werden.<\/p>\n","protected":false},"excerpt":{"rendered":"<p>Universelle Segelbootpropeller mit zwei Bl\u00e4ttern 17X12 &#8211; 2-bl\u00e4ttrige Propeller aus Aluminiumlegierung mit Sail Drive-Typ. Dynamisch ausgewogen, korrosions- und schlagfest. Gerippte<\/p>\n","protected":false},"featured_media":5936857,"comment_status":"open","ping_status":"closed","template":"","meta":[],"product_brand":[2915],"product_cat":[1542,1529,1526],"product_tag":[],"class_list":{"0":"post-733033","1":"product","2":"type-product","3":"status-publish","4":"has-post-thumbnail","6":"product_brand-eliche-radice-de","7":"product_cat-marine-ersatzteile-fuer-volvo-penta","8":"product_cat-marine-ersatzteile-fuer-yanmar","9":"product_cat-propeller-fuer-saildrive","11":"first","12":"instock","13":"shipping-taxable","14":"purchasable","15":"product-type-simple"},"_links":{"self":[{"href":"https:\/\/stoic-curie.212-227-153-4.plesk.page\/de\/wp-json\/wp\/v2\/product\/733033","targetHints":{"allow":["GET"]}}],"collection":[{"href":"https:\/\/stoic-curie.212-227-153-4.plesk.page\/de\/wp-json\/wp\/v2\/product"}],"about":[{"href":"https:\/\/stoic-curie.212-227-153-4.plesk.page\/de\/wp-json\/wp\/v2\/types\/product"}],"replies":[{"embeddable":true,"href":"https:\/\/stoic-curie.212-227-153-4.plesk.page\/de\/wp-json\/wp\/v2\/comments?post=733033"}],"version-history":[{"count":0,"href":"https:\/\/stoic-curie.212-227-153-4.plesk.page\/de\/wp-json\/wp\/v2\/product\/733033\/revisions"}],"wp:featuredmedia":[{"embeddable":true,"href":"https:\/\/stoic-curie.212-227-153-4.plesk.page\/de\/wp-json\/wp\/v2\/media\/5936857"}],"wp:attachment":[{"href":"https:\/\/stoic-curie.212-227-153-4.plesk.page\/de\/wp-json\/wp\/v2\/media?parent=733033"}],"wp:term":[{"taxonomy":"product_brand","embeddable":true,"href":"https:\/\/stoic-curie.212-227-153-4.plesk.page\/de\/wp-json\/wp\/v2\/product_brand?post=733033"},{"taxonomy":"product_cat","embeddable":true,"href":"https:\/\/stoic-curie.212-227-153-4.plesk.page\/de\/wp-json\/wp\/v2\/product_cat?post=733033"},{"taxonomy":"product_tag","embeddable":true,"href":"https:\/\/stoic-curie.212-227-153-4.plesk.page\/de\/wp-json\/wp\/v2\/product_tag?post=733033"}],"curies":[{"name":"wp","href":"https:\/\/api.w.org\/{rel}","templated":true}]}}