{"id":733049,"date":"2025-03-03T16:17:54","date_gmt":"2025-03-03T15:17:54","guid":{"rendered":"https:\/\/stoic-curie.212-227-153-4.plesk.page\/producto\/abdeckungen-fendress-fuer-aussenborder-grau-60-x-35-x-35-cm\/"},"modified":"2026-02-24T23:34:38","modified_gmt":"2026-02-24T23:34:38","slug":"abdeckungen-fendress-fuer-aussenborder-grau-60-x-35-x-35-cm","status":"publish","type":"product","link":"https:\/\/stoic-curie.212-227-153-4.plesk.page\/de\/product\/abdeckungen-fendress-fuer-aussenborder-grau-60-x-35-x-35-cm\/","title":{"rendered":"Abdeckungen Fendress f\u00fcr Au\u00dfenborder Grau 60 x 35 x 35 cm"},"content":{"rendered":"<p>Abdeckungen Fendress f\u00fcr Au\u00dfenborder Grau 60 x 35 x 35 cm &#8211; <\/p>\n<p>Premium-Qualit\u00e4t Au\u00dfenbordmotorabdeckungen, hergestellt aus dem gleichen Stoff, der f\u00fcr weiche und robuste Fendress Fenderabdeckungen verwendet wird. Sch\u00fctzt vor Abrieb, Wettereinfl\u00fcssen, St\u00f6\u00dfen, Kratzern, UV-Strahlen, und kann sogar w\u00e4hrend der Fahrt an der Au\u00dfenbordmaschine bleiben. Fenboard Covers bestehen aus atmungsaktivem Stoff (bildet keine Kondensation) und verblassen nicht. Maschinenwaschbar und schnelltrocknend. Mit der Fendboard-Abdeckung bleibt Ihr Au\u00dfenbordmotor l\u00e4nger wie neu.<\/p>\n","protected":false},"excerpt":{"rendered":"<p>Abdeckungen Fendress f\u00fcr Au\u00dfenborder Grau 60 x 35 x 35 cm &#8211; Premium-Qualit\u00e4t Au\u00dfenbordmotorabdeckungen, hergestellt aus dem gleichen Stoff, der<\/p>\n","protected":false},"featured_media":5936878,"comment_status":"open","ping_status":"closed","template":"","meta":[],"product_brand":[2935],"product_cat":[1396,1540],"product_tag":[],"class_list":{"0":"post-733049","1":"product","2":"type-product","3":"status-publish","4":"has-post-thumbnail","6":"product_brand-fendress-de","7":"product_cat-bootabdeckungen","8":"product_cat-zubehoer-fuer-aussenborder","10":"first","11":"instock","12":"shipping-taxable","13":"purchasable","14":"product-type-simple"},"_links":{"self":[{"href":"https:\/\/stoic-curie.212-227-153-4.plesk.page\/de\/wp-json\/wp\/v2\/product\/733049","targetHints":{"allow":["GET"]}}],"collection":[{"href":"https:\/\/stoic-curie.212-227-153-4.plesk.page\/de\/wp-json\/wp\/v2\/product"}],"about":[{"href":"https:\/\/stoic-curie.212-227-153-4.plesk.page\/de\/wp-json\/wp\/v2\/types\/product"}],"replies":[{"embeddable":true,"href":"https:\/\/stoic-curie.212-227-153-4.plesk.page\/de\/wp-json\/wp\/v2\/comments?post=733049"}],"version-history":[{"count":0,"href":"https:\/\/stoic-curie.212-227-153-4.plesk.page\/de\/wp-json\/wp\/v2\/product\/733049\/revisions"}],"wp:featuredmedia":[{"embeddable":true,"href":"https:\/\/stoic-curie.212-227-153-4.plesk.page\/de\/wp-json\/wp\/v2\/media\/5936878"}],"wp:attachment":[{"href":"https:\/\/stoic-curie.212-227-153-4.plesk.page\/de\/wp-json\/wp\/v2\/media?parent=733049"}],"wp:term":[{"taxonomy":"product_brand","embeddable":true,"href":"https:\/\/stoic-curie.212-227-153-4.plesk.page\/de\/wp-json\/wp\/v2\/product_brand?post=733049"},{"taxonomy":"product_cat","embeddable":true,"href":"https:\/\/stoic-curie.212-227-153-4.plesk.page\/de\/wp-json\/wp\/v2\/product_cat?post=733049"},{"taxonomy":"product_tag","embeddable":true,"href":"https:\/\/stoic-curie.212-227-153-4.plesk.page\/de\/wp-json\/wp\/v2\/product_tag?post=733049"}],"curies":[{"name":"wp","href":"https:\/\/api.w.org\/{rel}","templated":true}]}}