{"id":733055,"date":"2025-03-03T16:17:55","date_gmt":"2025-03-03T15:17:55","guid":{"rendered":"https:\/\/stoic-curie.212-227-153-4.plesk.page\/producto\/aluminium-propeller-solas-12-1x9\/"},"modified":"2026-02-24T23:34:38","modified_gmt":"2026-02-24T23:34:38","slug":"aluminium-propeller-solas-12-1x9","status":"publish","type":"product","link":"https:\/\/stoic-curie.212-227-153-4.plesk.page\/de\/product\/aluminium-propeller-solas-12-1x9\/","title":{"rendered":"Aluminium Propeller Solas 12.1X9"},"content":{"rendered":"<p>Aluminium Propeller Solas 12.1X9 &#8211; <\/p>\n<p>Aluminium Solas-Propeller f\u00fcr Au\u00dfenbordmotoren. Die hochwertige Bauqualit\u00e4t erm\u00f6glicht es Solas-Propellern, jede Art von originalem Propeller problemlos zu ersetzen. Plus = Erh\u00f6hte Blattoberfl\u00e4che Propeller L = R\u00fcckw\u00e4rtsdrehender Propeller (gegen den Uhrzeigersinn) = Ab angegebenem Jahr (inklusive)<\/p>\n","protected":false},"excerpt":{"rendered":"<p>Aluminium Propeller Solas 12.1X9 &#8211; Aluminium Solas-Propeller f\u00fcr Au\u00dfenbordmotoren. Die hochwertige Bauqualit\u00e4t erm\u00f6glicht es Solas-Propellern, jede Art von originalem Propeller<\/p>\n","protected":false},"featured_media":5936916,"comment_status":"open","ping_status":"closed","template":"","meta":[],"product_brand":[3410],"product_cat":[1544,1516],"product_tag":[],"class_list":{"0":"post-733055","1":"product","2":"type-product","3":"status-publish","4":"has-post-thumbnail","6":"product_brand-solas-de","7":"product_cat-marine-ersatzteile-fuer-yamaha","8":"product_cat-propeller-fuer-aussenbordmotoren","10":"first","11":"outofstock","12":"shipping-taxable","13":"purchasable","14":"product-type-simple"},"_links":{"self":[{"href":"https:\/\/stoic-curie.212-227-153-4.plesk.page\/de\/wp-json\/wp\/v2\/product\/733055","targetHints":{"allow":["GET"]}}],"collection":[{"href":"https:\/\/stoic-curie.212-227-153-4.plesk.page\/de\/wp-json\/wp\/v2\/product"}],"about":[{"href":"https:\/\/stoic-curie.212-227-153-4.plesk.page\/de\/wp-json\/wp\/v2\/types\/product"}],"replies":[{"embeddable":true,"href":"https:\/\/stoic-curie.212-227-153-4.plesk.page\/de\/wp-json\/wp\/v2\/comments?post=733055"}],"version-history":[{"count":0,"href":"https:\/\/stoic-curie.212-227-153-4.plesk.page\/de\/wp-json\/wp\/v2\/product\/733055\/revisions"}],"wp:featuredmedia":[{"embeddable":true,"href":"https:\/\/stoic-curie.212-227-153-4.plesk.page\/de\/wp-json\/wp\/v2\/media\/5936916"}],"wp:attachment":[{"href":"https:\/\/stoic-curie.212-227-153-4.plesk.page\/de\/wp-json\/wp\/v2\/media?parent=733055"}],"wp:term":[{"taxonomy":"product_brand","embeddable":true,"href":"https:\/\/stoic-curie.212-227-153-4.plesk.page\/de\/wp-json\/wp\/v2\/product_brand?post=733055"},{"taxonomy":"product_cat","embeddable":true,"href":"https:\/\/stoic-curie.212-227-153-4.plesk.page\/de\/wp-json\/wp\/v2\/product_cat?post=733055"},{"taxonomy":"product_tag","embeddable":true,"href":"https:\/\/stoic-curie.212-227-153-4.plesk.page\/de\/wp-json\/wp\/v2\/product_tag?post=733055"}],"curies":[{"name":"wp","href":"https:\/\/api.w.org\/{rel}","templated":true}]}}