{"id":733057,"date":"2025-03-03T16:17:55","date_gmt":"2025-03-03T15:17:55","guid":{"rendered":"https:\/\/stoic-curie.212-227-153-4.plesk.page\/producto\/aluminium-propeller-solas-11-4x12\/"},"modified":"2026-02-24T23:34:38","modified_gmt":"2026-02-24T23:34:38","slug":"aluminium-propeller-solas-11-4x12","status":"publish","type":"product","link":"https:\/\/stoic-curie.212-227-153-4.plesk.page\/de\/product\/aluminium-propeller-solas-11-4x12\/","title":{"rendered":"Aluminium Propeller Solas 11.4X12"},"content":{"rendered":"<p>Aluminium Propeller Solas 11.4X12 &#8211; <\/p>\n<p>Aluminium Solas Propeller f\u00fcr Au\u00dfenbordmotoren. Die \u00fcberlegene Bauqualit\u00e4t erm\u00f6glicht es, Solas-Propeller problemlos mit jedem Typ von Originalpropeller zu ersetzen. Plus = Vergr\u00f6\u00dferte Blattoberfl\u00e4che Propeller L = R\u00fcckw\u00e4rtspropeller (gegen den Uhrzeigersinn) = Ab angegebenem Jahr (inklusive)<\/p>\n","protected":false},"excerpt":{"rendered":"<p>Aluminium Propeller Solas 11.4X12 &#8211; Aluminium Solas Propeller f\u00fcr Au\u00dfenbordmotoren. Die \u00fcberlegene Bauqualit\u00e4t erm\u00f6glicht es, Solas-Propeller problemlos mit jedem Typ<\/p>\n","protected":false},"featured_media":5936916,"comment_status":"open","ping_status":"closed","template":"","meta":[],"product_brand":[3410],"product_cat":[1544,1516],"product_tag":[],"class_list":{"0":"post-733057","1":"product","2":"type-product","3":"status-publish","4":"has-post-thumbnail","6":"product_brand-solas-de","7":"product_cat-marine-ersatzteile-fuer-yamaha","8":"product_cat-propeller-fuer-aussenbordmotoren","10":"first","11":"instock","12":"shipping-taxable","13":"purchasable","14":"product-type-simple"},"_links":{"self":[{"href":"https:\/\/stoic-curie.212-227-153-4.plesk.page\/de\/wp-json\/wp\/v2\/product\/733057","targetHints":{"allow":["GET"]}}],"collection":[{"href":"https:\/\/stoic-curie.212-227-153-4.plesk.page\/de\/wp-json\/wp\/v2\/product"}],"about":[{"href":"https:\/\/stoic-curie.212-227-153-4.plesk.page\/de\/wp-json\/wp\/v2\/types\/product"}],"replies":[{"embeddable":true,"href":"https:\/\/stoic-curie.212-227-153-4.plesk.page\/de\/wp-json\/wp\/v2\/comments?post=733057"}],"version-history":[{"count":0,"href":"https:\/\/stoic-curie.212-227-153-4.plesk.page\/de\/wp-json\/wp\/v2\/product\/733057\/revisions"}],"wp:featuredmedia":[{"embeddable":true,"href":"https:\/\/stoic-curie.212-227-153-4.plesk.page\/de\/wp-json\/wp\/v2\/media\/5936916"}],"wp:attachment":[{"href":"https:\/\/stoic-curie.212-227-153-4.plesk.page\/de\/wp-json\/wp\/v2\/media?parent=733057"}],"wp:term":[{"taxonomy":"product_brand","embeddable":true,"href":"https:\/\/stoic-curie.212-227-153-4.plesk.page\/de\/wp-json\/wp\/v2\/product_brand?post=733057"},{"taxonomy":"product_cat","embeddable":true,"href":"https:\/\/stoic-curie.212-227-153-4.plesk.page\/de\/wp-json\/wp\/v2\/product_cat?post=733057"},{"taxonomy":"product_tag","embeddable":true,"href":"https:\/\/stoic-curie.212-227-153-4.plesk.page\/de\/wp-json\/wp\/v2\/product_tag?post=733057"}],"curies":[{"name":"wp","href":"https:\/\/api.w.org\/{rel}","templated":true}]}}