{"id":733064,"date":"2025-03-03T16:17:56","date_gmt":"2025-03-03T15:17:56","guid":{"rendered":"https:\/\/stoic-curie.212-227-153-4.plesk.page\/producto\/aluminium-propeller-solas-3-blaetter-125-x-14\/"},"modified":"2026-02-24T23:34:38","modified_gmt":"2026-02-24T23:34:38","slug":"aluminium-propeller-solas-3-blaetter-125-x-14","status":"publish","type":"product","link":"https:\/\/stoic-curie.212-227-153-4.plesk.page\/de\/product\/aluminium-propeller-solas-3-blaetter-125-x-14\/","title":{"rendered":"Aluminium Propeller Solas 3 Bl\u00e4tter 12,5 x 14"},"content":{"rendered":"<p>Aluminium Propeller Solas 3 Bl\u00e4tter 12,5 x 14 &#8211; <\/p>\n<p>Aluminium-Solas-Propeller f\u00fcr Au\u00dfenbordmotoren. Die \u00fcberlegene Bauqualit\u00e4t erm\u00f6glicht es, Solas-Propeller problemlos durch jeden Typ von Originalpropeller zu ersetzen.<br \/>Plus = Erh\u00f6hte Blatthochfl\u00e4che des Propellers<br \/>L = R\u00fcckw\u00e4rtslaufender Propeller (gegen den Uhrzeigersinn)<br \/>= Ab angegebenem Jahr (inklusive)<\/p>\n","protected":false},"excerpt":{"rendered":"<p>Aluminium Propeller Solas 3 Bl\u00e4tter 12,5 x 14 &#8211; Aluminium-Solas-Propeller f\u00fcr Au\u00dfenbordmotoren. Die \u00fcberlegene Bauqualit\u00e4t erm\u00f6glicht es, Solas-Propeller problemlos durch<\/p>\n","protected":false},"featured_media":5936916,"comment_status":"open","ping_status":"closed","template":"","meta":[],"product_brand":[3410],"product_cat":[1534,1516],"product_tag":[],"class_list":{"0":"post-733064","1":"product","2":"type-product","3":"status-publish","4":"has-post-thumbnail","6":"product_brand-solas-de","7":"product_cat-marine-ersatzteile-fuer-johnson-und-evinrude","8":"product_cat-propeller-fuer-aussenbordmotoren","10":"first","11":"outofstock","12":"shipping-taxable","13":"purchasable","14":"product-type-simple"},"_links":{"self":[{"href":"https:\/\/stoic-curie.212-227-153-4.plesk.page\/de\/wp-json\/wp\/v2\/product\/733064","targetHints":{"allow":["GET"]}}],"collection":[{"href":"https:\/\/stoic-curie.212-227-153-4.plesk.page\/de\/wp-json\/wp\/v2\/product"}],"about":[{"href":"https:\/\/stoic-curie.212-227-153-4.plesk.page\/de\/wp-json\/wp\/v2\/types\/product"}],"replies":[{"embeddable":true,"href":"https:\/\/stoic-curie.212-227-153-4.plesk.page\/de\/wp-json\/wp\/v2\/comments?post=733064"}],"version-history":[{"count":0,"href":"https:\/\/stoic-curie.212-227-153-4.plesk.page\/de\/wp-json\/wp\/v2\/product\/733064\/revisions"}],"wp:featuredmedia":[{"embeddable":true,"href":"https:\/\/stoic-curie.212-227-153-4.plesk.page\/de\/wp-json\/wp\/v2\/media\/5936916"}],"wp:attachment":[{"href":"https:\/\/stoic-curie.212-227-153-4.plesk.page\/de\/wp-json\/wp\/v2\/media?parent=733064"}],"wp:term":[{"taxonomy":"product_brand","embeddable":true,"href":"https:\/\/stoic-curie.212-227-153-4.plesk.page\/de\/wp-json\/wp\/v2\/product_brand?post=733064"},{"taxonomy":"product_cat","embeddable":true,"href":"https:\/\/stoic-curie.212-227-153-4.plesk.page\/de\/wp-json\/wp\/v2\/product_cat?post=733064"},{"taxonomy":"product_tag","embeddable":true,"href":"https:\/\/stoic-curie.212-227-153-4.plesk.page\/de\/wp-json\/wp\/v2\/product_tag?post=733064"}],"curies":[{"name":"wp","href":"https:\/\/api.w.org\/{rel}","templated":true}]}}