{"id":733068,"date":"2025-03-03T16:17:57","date_gmt":"2025-03-03T15:17:57","guid":{"rendered":"https:\/\/stoic-curie.212-227-153-4.plesk.page\/producto\/mega-fender-schwarz-760x230mm\/"},"modified":"2026-02-24T23:34:38","modified_gmt":"2026-02-24T23:34:38","slug":"mega-fender-schwarz-760x230mm","status":"publish","type":"product","link":"https:\/\/stoic-curie.212-227-153-4.plesk.page\/de\/product\/mega-fender-schwarz-760x230mm\/","title":{"rendered":"MegaFender Fendress 760 x 230mm"},"content":{"rendered":"<p>MegaFender Fendress 760 x 230mm &#8211; <\/p>\n<p style=\"color: rgb(34, 34, 34); font-family: Arial, Helvetica, sans-serif; font-size: small;\">Die Fendress Mega-Fender sind fachm\u00e4nnisch konzipiert, um gro\u00dfe Boote und Mega-Yachten zu sch\u00fctzen. Dank ihrer leichten Konstruktion lassen sie sich einfach handhaben, w\u00e4hrend das fortschrittliche Ventilsystem und die au\u00dfergew\u00f6hnliche Flexibilit\u00e4t ein unkompliziertes Entleeren und Verstauen, selbst in engen Bereichen, erm\u00f6glichen.<\/p>\n<p style=\"color: rgb(34, 34, 34); font-family: Arial, Helvetica, sans-serif; font-size: small;\">Diese Fender sind auf Langlebigkeit ausgelegt und verf\u00fcgen \u00fcber robuste Riemenringe aus Edelstahl und mit Kevlar\u00ae verst\u00e4rkte Riemen, die eine Zugfestigkeit von bis zu 3,5 Tonnen bieten. Sie kombinieren erfolgreich ein leichtes Design mit bemerkenswerter St\u00e4rke.<\/p>\n<p style=\"color: rgb(34, 34, 34); font-family: Arial, Helvetica, sans-serif; font-size: small;\">Zu den Hauptmerkmalen geh\u00f6ren:<\/p>\n<ul style=\"color: rgb(34, 34, 34); font-family: Arial, Helvetica, sans-serif; font-size: small;\">\n<li>Verst\u00e4rkte Streifen f\u00fcr zus\u00e4tzliche Langlebigkeit<\/li>\n<li>Einfach zu handhaben f\u00fcr verbesserte Benutzerfreundlichkeit<\/li>\n<li>Edelstahl-D-Ringe f\u00fcr sichere Befestigung<\/li>\n<li>Standard-Wasserdichtventil f\u00fcr m\u00fcheloses Aufblasen und Entleeren<\/li>\n<\/ul>\n<p style=\"color: rgb(34, 34, 34); font-family: Arial, Helvetica, sans-serif; font-size: small;\">Mit Mega-Fendern k\u00f6nnen Bootsbesitzer sicher sein, dass ihre Fahrzeuge gut gesch\u00fctzt sind.<\/p>\n<p style=\"color: rgb(34, 34, 34); font-family: Arial, Helvetica, sans-serif; font-size: small;\">Die aufblasbaren Fender von Fendress werden im Fernen Osten hergestellt und von Superyacht-Crews f\u00fcr ihr leichtes, kompaktes Design und ihre au\u00dfergew\u00f6hnliche Haltbarkeit hochgesch\u00e4tzt. Sie bestehen aus einer Mischung aus konsolidiertem PVC und Kevlar-Verst\u00e4rkung, die sie widerstandsf\u00e4hig gegen Durchstiche und Abnutzung macht.<\/p>\n<p style=\"color: rgb(34, 34, 34); font-family: Arial, Helvetica, sans-serif; font-size: small;\">Die wichtigsten Merkmale der aufblasbaren Fender von Fendress sind:<\/p>\n<ul style=\"color: rgb(34, 34, 34); font-family: Arial, Helvetica, sans-serif; font-size: small;\">\n<li>Leicht und kompakt: Diese Fender sind deutlich leichter als herk\u00f6mmliche Gummifender, was die Handhabung und Lagerung erleichtert.<\/li>\n<li>Robust und langlebig: Die Kombination aus konsolidiertem PVC und Kevlar-Verst\u00e4rkung bietet hervorragenden Schutz gegen Durchstiche und Abrieb.<\/li>\n<li>Einfach zu aufblasen und zu entleeren: Sie k\u00f6nnen mit jeder Standardpumpe aufgeblasen und schnell f\u00fcr eine bequeme Lagerung entleert werden.<\/li>\n<li>In verschiedenen Gr\u00f6\u00dfen erh\u00e4ltlich: Fendress-Fender gibt es in mehreren Gr\u00f6\u00dfen, um eine Vielzahl von Fahrzeugen anzupassen.<\/li>\n<\/ul>\n<p style=\"color: rgb(34, 34, 34); font-family: Arial, Helvetica, sans-serif; font-size: small;\">Zusammenfassend sind die aufblasbaren Fender von Fendress eine ausgezeichnete Wahl f\u00fcr Superyacht-Crews, die eine leichte, langlebige und benutzerfreundliche L\u00f6sung f\u00fcr aufblasbare Fender suchen.<\/p>\n","protected":false},"excerpt":{"rendered":"<p>MegaFender Fendress 760 x 230mm &#8211; Die Fendress Mega-Fender sind fachm\u00e4nnisch konzipiert, um gro\u00dfe Boote und Mega-Yachten zu sch\u00fctzen. Dank<\/p>\n","protected":false},"featured_media":5936924,"comment_status":"open","ping_status":"closed","template":"","meta":[],"product_brand":[2935],"product_cat":[1561],"product_tag":[],"class_list":{"0":"post-733068","1":"product","2":"type-product","3":"status-publish","4":"has-post-thumbnail","6":"product_brand-fendress-de","7":"product_cat-fender","9":"first","10":"instock","11":"shipping-taxable","12":"purchasable","13":"product-type-simple"},"_links":{"self":[{"href":"https:\/\/stoic-curie.212-227-153-4.plesk.page\/de\/wp-json\/wp\/v2\/product\/733068","targetHints":{"allow":["GET"]}}],"collection":[{"href":"https:\/\/stoic-curie.212-227-153-4.plesk.page\/de\/wp-json\/wp\/v2\/product"}],"about":[{"href":"https:\/\/stoic-curie.212-227-153-4.plesk.page\/de\/wp-json\/wp\/v2\/types\/product"}],"replies":[{"embeddable":true,"href":"https:\/\/stoic-curie.212-227-153-4.plesk.page\/de\/wp-json\/wp\/v2\/comments?post=733068"}],"version-history":[{"count":0,"href":"https:\/\/stoic-curie.212-227-153-4.plesk.page\/de\/wp-json\/wp\/v2\/product\/733068\/revisions"}],"wp:featuredmedia":[{"embeddable":true,"href":"https:\/\/stoic-curie.212-227-153-4.plesk.page\/de\/wp-json\/wp\/v2\/media\/5936924"}],"wp:attachment":[{"href":"https:\/\/stoic-curie.212-227-153-4.plesk.page\/de\/wp-json\/wp\/v2\/media?parent=733068"}],"wp:term":[{"taxonomy":"product_brand","embeddable":true,"href":"https:\/\/stoic-curie.212-227-153-4.plesk.page\/de\/wp-json\/wp\/v2\/product_brand?post=733068"},{"taxonomy":"product_cat","embeddable":true,"href":"https:\/\/stoic-curie.212-227-153-4.plesk.page\/de\/wp-json\/wp\/v2\/product_cat?post=733068"},{"taxonomy":"product_tag","embeddable":true,"href":"https:\/\/stoic-curie.212-227-153-4.plesk.page\/de\/wp-json\/wp\/v2\/product_tag?post=733068"}],"curies":[{"name":"wp","href":"https:\/\/api.w.org\/{rel}","templated":true}]}}