{"id":733069,"date":"2025-03-03T16:17:57","date_gmt":"2025-03-03T15:17:57","guid":{"rendered":"https:\/\/stoic-curie.212-227-153-4.plesk.page\/producto\/mega-fender-schwarz-910x360mm\/"},"modified":"2026-02-24T23:34:38","modified_gmt":"2026-02-24T23:34:38","slug":"mega-fender-schwarz-910x360mm","status":"publish","type":"product","link":"https:\/\/stoic-curie.212-227-153-4.plesk.page\/de\/product\/mega-fender-schwarz-910x360mm\/","title":{"rendered":"MegaFender Fendress 910 x 360mm"},"content":{"rendered":"<p>MegaFender Fendress 910 x 360mm &#8211; <\/p>\n<p style=\"color: rgb(34, 34, 34); font-family: Arial, Helvetica, sans-serif; font-size: small;\">Fendress Mega Fenders sind meisterhaft gefertigt, um gro\u00dfe Boote und Mega-Yachten zu sch\u00fctzen. Ihr leichtes Design macht sie einfach zu handhaben, w\u00e4hrend das innovative Ventilsystem und die bemerkenswerte Flexibilit\u00e4t eine einfache Entleerung und Lagerung, selbst in engen R\u00e4umen, erm\u00f6glichen.<\/p>\n<p style=\"color: rgb(34, 34, 34); font-family: Arial, Helvetica, sans-serif; font-size: small;\">Diese Fender sind auf Langlebigkeit ausgelegt und verf\u00fcgen \u00fcber robuste Ringe aus rostfreiem Edelstahl sowie Kevlar\u00ae-verst\u00e4rkte Riemen, die eine Zugfestigkeit von bis zu 3,5 Tonnen bieten. Sie vereinen eine leichte Struktur mit beeindruckender St\u00e4rke.<\/p>\n<p style=\"color: rgb(34, 34, 34); font-family: Arial, Helvetica, sans-serif; font-size: small;\">Bemerkenswerte Merkmale sind:<\/p>\n<ul style=\"color: rgb(34, 34, 34); font-family: Arial, Helvetica, sans-serif; font-size: small;\">\n<li>Verst\u00e4rkte Streifen f\u00fcr erh\u00f6hte Haltbarkeit<\/li>\n<li>Einfache Handhabung f\u00fcr bessere Benutzerfreundlichkeit<\/li>\n<li>Ringe aus rostfreiem Edelstahl f\u00fcr sicheren Halt<\/li>\n<li>Standard-Wasserdichtes Ventil f\u00fcr m\u00fcheloses Aufblasen und Entleeren<\/li>\n<\/ul>\n<p style=\"color: rgb(34, 34, 34); font-family: Arial, Helvetica, sans-serif; font-size: small;\">Mit den Mega Fenders k\u00f6nnen Bootseigner sicher sein, dass ihre Schiffe gut gesch\u00fctzt sind.<\/p>\n<p style=\"color: rgb(34, 34, 34); font-family: Arial, Helvetica, sans-serif; font-size: small;\">Die aufblasbaren Fender von Fendress werden im Fernen Osten hergestellt und von Superyacht-Crews aufgrund ihres leichten, kompakten Designs und au\u00dfergew\u00f6hnlichen Haltbarkeit sehr gesch\u00e4tzt. Sie bestehen aus einer Mischung aus konsolidiertem PVC und Kevlar-Verst\u00e4rkung, was sie widerstandsf\u00e4hig gegen Durchstiche und Abrieb macht.<\/p>\n<p style=\"color: rgb(34, 34, 34); font-family: Arial, Helvetica, sans-serif; font-size: small;\">Die Hauptmerkmale der aufblasbaren Fender von Fendress sind:<\/p>\n<ul style=\"color: rgb(34, 34, 34); font-family: Arial, Helvetica, sans-serif; font-size: small;\">\n<li>Leicht und kompakt: Diese Fender sind deutlich leichter als herk\u00f6mmliche Gummifender, was Handhabung und Lagerung erleichtert.<\/li>\n<li>Stark und langlebig: Die Kombination aus konsolidiertem PVC und Kevlar-Verst\u00e4rkung bietet hervorragenden Schutz gegen Durchstiche und Abnutzung.<\/li>\n<li>Einfache Inflation und Entleerung: Sie k\u00f6nnen mit jeder Standardpumpe aufgeblasen werden und lassen sich schnell entleeren, um eine einfache Lagerung zu erm\u00f6glichen.<\/li>\n<li>In verschiedenen Gr\u00f6\u00dfen erh\u00e4ltlich: Fendress Fender sind in mehreren Gr\u00f6\u00dfen erh\u00e4ltlich, um verschiedenen Booten gerecht zu werden.<\/li>\n<\/ul>\n<p style=\"color: rgb(34, 34, 34); font-family: Arial, Helvetica, sans-serif; font-size: small;\">Zusammenfassend sind die aufblasbaren Fender von Fendress eine hervorragende Wahl f\u00fcr Superyacht-Crews, die eine leichte, langlebige und benutzerfreundliche L\u00f6sung f\u00fcr aufblasbare Fender suchen.<\/p>\n","protected":false},"excerpt":{"rendered":"<p>MegaFender Fendress 910 x 360mm &#8211; Fendress Mega Fenders sind meisterhaft gefertigt, um gro\u00dfe Boote und Mega-Yachten zu sch\u00fctzen. Ihr<\/p>\n","protected":false},"featured_media":5936924,"comment_status":"open","ping_status":"closed","template":"","meta":[],"product_brand":[2935],"product_cat":[1561],"product_tag":[],"class_list":{"0":"post-733069","1":"product","2":"type-product","3":"status-publish","4":"has-post-thumbnail","6":"product_brand-fendress-de","7":"product_cat-fender","9":"first","10":"instock","11":"shipping-taxable","12":"purchasable","13":"product-type-simple"},"_links":{"self":[{"href":"https:\/\/stoic-curie.212-227-153-4.plesk.page\/de\/wp-json\/wp\/v2\/product\/733069","targetHints":{"allow":["GET"]}}],"collection":[{"href":"https:\/\/stoic-curie.212-227-153-4.plesk.page\/de\/wp-json\/wp\/v2\/product"}],"about":[{"href":"https:\/\/stoic-curie.212-227-153-4.plesk.page\/de\/wp-json\/wp\/v2\/types\/product"}],"replies":[{"embeddable":true,"href":"https:\/\/stoic-curie.212-227-153-4.plesk.page\/de\/wp-json\/wp\/v2\/comments?post=733069"}],"version-history":[{"count":0,"href":"https:\/\/stoic-curie.212-227-153-4.plesk.page\/de\/wp-json\/wp\/v2\/product\/733069\/revisions"}],"wp:featuredmedia":[{"embeddable":true,"href":"https:\/\/stoic-curie.212-227-153-4.plesk.page\/de\/wp-json\/wp\/v2\/media\/5936924"}],"wp:attachment":[{"href":"https:\/\/stoic-curie.212-227-153-4.plesk.page\/de\/wp-json\/wp\/v2\/media?parent=733069"}],"wp:term":[{"taxonomy":"product_brand","embeddable":true,"href":"https:\/\/stoic-curie.212-227-153-4.plesk.page\/de\/wp-json\/wp\/v2\/product_brand?post=733069"},{"taxonomy":"product_cat","embeddable":true,"href":"https:\/\/stoic-curie.212-227-153-4.plesk.page\/de\/wp-json\/wp\/v2\/product_cat?post=733069"},{"taxonomy":"product_tag","embeddable":true,"href":"https:\/\/stoic-curie.212-227-153-4.plesk.page\/de\/wp-json\/wp\/v2\/product_tag?post=733069"}],"curies":[{"name":"wp","href":"https:\/\/api.w.org\/{rel}","templated":true}]}}