{"id":733070,"date":"2025-03-03T16:17:58","date_gmt":"2025-03-03T15:17:58","guid":{"rendered":"https:\/\/stoic-curie.212-227-153-4.plesk.page\/producto\/mega-fender-schwarz-1070x460mm\/"},"modified":"2026-02-24T23:34:38","modified_gmt":"2026-02-24T23:34:38","slug":"mega-fender-schwarz-1070x460mm","status":"publish","type":"product","link":"https:\/\/stoic-curie.212-227-153-4.plesk.page\/de\/product\/mega-fender-schwarz-1070x460mm\/","title":{"rendered":"MegaFender Fendress 1070 x 460mm"},"content":{"rendered":"<p>MegaFender Fendress 1070 x 460mm &#8211; <\/p>\n<p style=\"color: rgb(34, 34, 34); font-family: Arial, Helvetica, sans-serif; font-size: small;\">Die Fendress Mega Fenders sind sorgf\u00e4ltig entworfen, um gro\u00dfe Boote und Megayachten zu sch\u00fctzen. Ihre leichte Konstruktion macht sie einfach zu handhaben, w\u00e4hrend das fortschrittliche Ventilsystem und die beeindruckende Flexibilit\u00e4t eine einfache Entleerung und Lagerung selbst in engen Bereichen erm\u00f6glichen.<\/p>\n<p style=\"color: rgb(34, 34, 34); font-family: Arial, Helvetica, sans-serif; font-size: small;\">Diese Fender sind auf Langlebigkeit ausgelegt und verf\u00fcgen \u00fcber robuste Ringe aus rostfreiem Stahl und Kevlar\u00ae-verst\u00e4rkte Gurte, die eine Zugfestigkeit von bis zu 3,5 Tonnen bieten. Sie vereinen ein leichtes Design mit erheblicher St\u00e4rke.<\/p>\n<p style=\"color: rgb(34, 34, 34); font-family: Arial, Helvetica, sans-serif; font-size: small;\">Bemerkenswerte Merkmale umfassen:<\/p>\n<ul style=\"color: rgb(34, 34, 34); font-family: Arial, Helvetica, sans-serif; font-size: small;\">\n<li>Verst\u00e4rkungen f\u00fcr erh\u00f6hte Haltbarkeit<\/li>\n<li>Einfache Handhabung f\u00fcr verbesserte Benutzerfreundlichkeit<\/li>\n<li>Rostfreie D-Ringe f\u00fcr sichere Befestigung<\/li>\n<li>Standard-Wasserfestventil f\u00fcr einfaches Aufblasen und Entleeren<\/li>\n<\/ul>\n<p style=\"color: rgb(34, 34, 34); font-family: Arial, Helvetica, sans-serif; font-size: small;\">Mit Mega Fenders k\u00f6nnen Bootsbesitzer sicher sein, dass ihre Fahrzeuge gut gesch\u00fctzt sind.<\/p>\n<p style=\"color: rgb(34, 34, 34); font-family: Arial, Helvetica, sans-serif; font-size: small;\">Die aufblasbaren Fender von Fendress werden im Fernen Osten hergestellt und sind bei Besatzungen von Superyachten wegen ihres leichten, kompakten Designs und ihrer au\u00dfergew\u00f6hnlichen Haltbarkeit sehr gesch\u00e4tzt. Sie bestehen aus einer Kombination aus konsolidiertem PVC und Kevlar-Verst\u00e4rkung, was sie resistent gegen Durchstiche und Abnutzung macht.<\/p>\n<p style=\"color: rgb(34, 34, 34); font-family: Arial, Helvetica, sans-serif; font-size: small;\">Die Hauptmerkmale der aufblasbaren Fender von Fendress sind:<\/p>\n<ul style=\"color: rgb(34, 34, 34); font-family: Arial, Helvetica, sans-serif; font-size: small;\">\n<li>Leicht und kompakt: Diese Fender sind wesentlich leichter als traditionelle Gummi-Fender, was Handhabung und Lagerung wesentlich einfacher macht.<\/li>\n<li>Stark und langlebig: Die Mischung aus konsolidiertem PVC und Kevlar-Verst\u00e4rkung bietet hervorragenden Schutz gegen Durchstiche und Abrieb.<\/li>\n<li>Einfach aufzublasen und zu entleeren: Sie k\u00f6nnen mit jeder Standardpumpe aufgeblasen und schnell entleert werden, um die Lagerung zu erleichtern.<\/li>\n<li>In verschiedenen Gr\u00f6\u00dfen erh\u00e4ltlich: Fendress-Fender sind in unterschiedlichen Gr\u00f6\u00dfen erh\u00e4ltlich, um eine Vielzahl von Booten zu ber\u00fccksichtigen.<\/li>\n<\/ul>\n<p style=\"color: rgb(34, 34, 34); font-family: Arial, Helvetica, sans-serif; font-size: small;\">Zusammenfassend sind die aufblasbaren Fender von Fendress eine ausgezeichnete Wahl f\u00fcr Besatzungen von Superyachten, die nach einer leichten, langlebigen und benutzerfreundlichen aufblasbaren Fenderl\u00f6sung suchen.<\/p>\n","protected":false},"excerpt":{"rendered":"<p>MegaFender Fendress 1070 x 460mm &#8211; Die Fendress Mega Fenders sind sorgf\u00e4ltig entworfen, um gro\u00dfe Boote und Megayachten zu sch\u00fctzen.<\/p>\n","protected":false},"featured_media":5936924,"comment_status":"open","ping_status":"closed","template":"","meta":[],"product_brand":[2935],"product_cat":[1561],"product_tag":[],"class_list":{"0":"post-733070","1":"product","2":"type-product","3":"status-publish","4":"has-post-thumbnail","6":"product_brand-fendress-de","7":"product_cat-fender","9":"first","10":"instock","11":"shipping-taxable","12":"purchasable","13":"product-type-simple"},"_links":{"self":[{"href":"https:\/\/stoic-curie.212-227-153-4.plesk.page\/de\/wp-json\/wp\/v2\/product\/733070","targetHints":{"allow":["GET"]}}],"collection":[{"href":"https:\/\/stoic-curie.212-227-153-4.plesk.page\/de\/wp-json\/wp\/v2\/product"}],"about":[{"href":"https:\/\/stoic-curie.212-227-153-4.plesk.page\/de\/wp-json\/wp\/v2\/types\/product"}],"replies":[{"embeddable":true,"href":"https:\/\/stoic-curie.212-227-153-4.plesk.page\/de\/wp-json\/wp\/v2\/comments?post=733070"}],"version-history":[{"count":0,"href":"https:\/\/stoic-curie.212-227-153-4.plesk.page\/de\/wp-json\/wp\/v2\/product\/733070\/revisions"}],"wp:featuredmedia":[{"embeddable":true,"href":"https:\/\/stoic-curie.212-227-153-4.plesk.page\/de\/wp-json\/wp\/v2\/media\/5936924"}],"wp:attachment":[{"href":"https:\/\/stoic-curie.212-227-153-4.plesk.page\/de\/wp-json\/wp\/v2\/media?parent=733070"}],"wp:term":[{"taxonomy":"product_brand","embeddable":true,"href":"https:\/\/stoic-curie.212-227-153-4.plesk.page\/de\/wp-json\/wp\/v2\/product_brand?post=733070"},{"taxonomy":"product_cat","embeddable":true,"href":"https:\/\/stoic-curie.212-227-153-4.plesk.page\/de\/wp-json\/wp\/v2\/product_cat?post=733070"},{"taxonomy":"product_tag","embeddable":true,"href":"https:\/\/stoic-curie.212-227-153-4.plesk.page\/de\/wp-json\/wp\/v2\/product_tag?post=733070"}],"curies":[{"name":"wp","href":"https:\/\/api.w.org\/{rel}","templated":true}]}}