{"id":733071,"date":"2025-03-03T16:17:58","date_gmt":"2025-03-03T15:17:58","guid":{"rendered":"https:\/\/stoic-curie.212-227-153-4.plesk.page\/producto\/mega-fender-schwarz-1140x460mm\/"},"modified":"2026-02-24T23:34:38","modified_gmt":"2026-02-24T23:34:38","slug":"mega-fender-schwarz-1140x460mm","status":"publish","type":"product","link":"https:\/\/stoic-curie.212-227-153-4.plesk.page\/de\/product\/mega-fender-schwarz-1140x460mm\/","title":{"rendered":"MegaFender Fendress 1140 x 460mm"},"content":{"rendered":"<p>MegaFender Fendress 1140 x 460mm &#8211; <\/p>\n<p style=\"color: rgb(34, 34, 34); font-family: Arial, Helvetica, sans-serif; font-size: small;\">Die Fendress Mega Fenders sind professionell gestaltet, um gro\u00dfe Boote und Mega-Yachten zu sch\u00fctzen. Ihre leichte Konstruktion sorgt f\u00fcr eine einfache Handhabung, w\u00e4hrend das fortschrittliche Ventilsystem und die au\u00dfergew\u00f6hnliche Flexibilit\u00e4t eine unkomplizierte Entleerung und Lagerung selbst in begrenzten R\u00e4umen erm\u00f6glichen.<\/p>\n<p style=\"color: rgb(34, 34, 34); font-family: Arial, Helvetica, sans-serif; font-size: small;\">Diese Fender sind auf Langlebigkeit ausgelegt und verf\u00fcgen \u00fcber robuste Edelstahl-Gurt-Ringe und mit Kevlar\u00ae verst\u00e4rkte Gurte, die eine Zugfestigkeit von bis zu 3,5 Tonnen bieten. Sie kombinieren erfolgreich einen leichten Rahmen mit erheblicher St\u00e4rke.<\/p>\n<p style=\"color: rgb(34, 34, 34); font-family: Arial, Helvetica, sans-serif; font-size: small;\">Wichtige Eigenschaften sind:<\/p>\n<ul style=\"color: rgb(34, 34, 34); font-family: Arial, Helvetica, sans-serif; font-size: small;\">\n<li>Verst\u00e4rkte Streifen f\u00fcr verbesserte Haltbarkeit<\/li>\n<li>Benutzerfreundliche Handhabung f\u00fcr verbesserte Benutzerfreundlichkeit<\/li>\n<li>Edelstahl-D-Ringe f\u00fcr sichere Befestigung<\/li>\n<li>Standard-Wasserdichtes Ventil f\u00fcr bequemes Aufblasen und Ablassen<\/li>\n<\/ul>\n<p style=\"color: rgb(34, 34, 34); font-family: Arial, Helvetica, sans-serif; font-size: small;\">Mit Mega Fenders k\u00f6nnen Bootseigent\u00fcmer sicher sein, dass ihre Boote gut gesch\u00fctzt sind.<\/p>\n<p style=\"color: rgb(34, 34, 34); font-family: Arial, Helvetica, sans-serif; font-size: small;\">Die aufblasbaren Fender von Fendress werden im Fernen Osten hergestellt und sind bei Superyacht-Crews aufgrund ihres leichten, kompakten Designs und ihrer au\u00dfergew\u00f6hnlichen Haltbarkeit sehr gesch\u00e4tzt. Sie bestehen aus einer Kombination aus verdichtetem PVC und Kevlar-Verst\u00e4rkung, was sie widerstandsf\u00e4hig gegen Einstiche und Abnutzung macht.<\/p>\n<p style=\"color: rgb(34, 34, 34); font-family: Arial, Helvetica, sans-serif; font-size: small;\">Die Hauptmerkmale der aufblasbaren Fender von Fendress sind:<\/p>\n<ul style=\"color: rgb(34, 34, 34); font-family: Arial, Helvetica, sans-serif; font-size: small;\">\n<li>Leicht und kompakt: Diese Fender sind erheblich leichter als herk\u00f6mmliche Gummifender, was die Handhabung und Lagerung erleichtert.<\/li>\n<li>Stark und langlebig: Die Mischung aus verdichtetem PVC und Kevlar-Verst\u00e4rkung bietet hervorragenden Schutz gegen Einstiche und Abrieb.<\/li>\n<li>Einfach zu aufblasen und abzulassen: Sie k\u00f6nnen mit jeder Standardpumpe aufgeblasen und schnell zur bequemen Lagerung entleert werden.<\/li>\n<li>Erh\u00e4ltlich in verschiedenen Gr\u00f6\u00dfen: Die Fendress Fender sind in mehreren Gr\u00f6\u00dfen erh\u00e4ltlich, um eine Vielzahl von Booten zu accommodate.<\/li>\n<\/ul>\n<p style=\"color: rgb(34, 34, 34); font-family: Arial, Helvetica, sans-serif; font-size: small;\">Zusammenfassend sind die aufblasbaren Fender von Fendress eine hervorragende Wahl f\u00fcr Superyacht-Crews, die eine leichte, langlebige und benutzerfreundliche L\u00f6sung f\u00fcr aufblasbare Fender suchen.<\/p>\n","protected":false},"excerpt":{"rendered":"<p>MegaFender Fendress 1140 x 460mm &#8211; Die Fendress Mega Fenders sind professionell gestaltet, um gro\u00dfe Boote und Mega-Yachten zu sch\u00fctzen.<\/p>\n","protected":false},"featured_media":5936924,"comment_status":"open","ping_status":"closed","template":"","meta":[],"product_brand":[2935],"product_cat":[1561],"product_tag":[],"class_list":{"0":"post-733071","1":"product","2":"type-product","3":"status-publish","4":"has-post-thumbnail","6":"product_brand-fendress-de","7":"product_cat-fender","9":"first","10":"instock","11":"shipping-taxable","12":"purchasable","13":"product-type-simple"},"_links":{"self":[{"href":"https:\/\/stoic-curie.212-227-153-4.plesk.page\/de\/wp-json\/wp\/v2\/product\/733071","targetHints":{"allow":["GET"]}}],"collection":[{"href":"https:\/\/stoic-curie.212-227-153-4.plesk.page\/de\/wp-json\/wp\/v2\/product"}],"about":[{"href":"https:\/\/stoic-curie.212-227-153-4.plesk.page\/de\/wp-json\/wp\/v2\/types\/product"}],"replies":[{"embeddable":true,"href":"https:\/\/stoic-curie.212-227-153-4.plesk.page\/de\/wp-json\/wp\/v2\/comments?post=733071"}],"version-history":[{"count":0,"href":"https:\/\/stoic-curie.212-227-153-4.plesk.page\/de\/wp-json\/wp\/v2\/product\/733071\/revisions"}],"wp:featuredmedia":[{"embeddable":true,"href":"https:\/\/stoic-curie.212-227-153-4.plesk.page\/de\/wp-json\/wp\/v2\/media\/5936924"}],"wp:attachment":[{"href":"https:\/\/stoic-curie.212-227-153-4.plesk.page\/de\/wp-json\/wp\/v2\/media?parent=733071"}],"wp:term":[{"taxonomy":"product_brand","embeddable":true,"href":"https:\/\/stoic-curie.212-227-153-4.plesk.page\/de\/wp-json\/wp\/v2\/product_brand?post=733071"},{"taxonomy":"product_cat","embeddable":true,"href":"https:\/\/stoic-curie.212-227-153-4.plesk.page\/de\/wp-json\/wp\/v2\/product_cat?post=733071"},{"taxonomy":"product_tag","embeddable":true,"href":"https:\/\/stoic-curie.212-227-153-4.plesk.page\/de\/wp-json\/wp\/v2\/product_tag?post=733071"}],"curies":[{"name":"wp","href":"https:\/\/api.w.org\/{rel}","templated":true}]}}