{"id":733072,"date":"2025-03-03T16:17:58","date_gmt":"2025-03-03T15:17:58","guid":{"rendered":"https:\/\/stoic-curie.212-227-153-4.plesk.page\/producto\/mega-fender-schwarz-1470x460mm\/"},"modified":"2026-02-24T23:34:38","modified_gmt":"2026-02-24T23:34:38","slug":"mega-fender-schwarz-1470x460mm","status":"publish","type":"product","link":"https:\/\/stoic-curie.212-227-153-4.plesk.page\/de\/product\/mega-fender-schwarz-1470x460mm\/","title":{"rendered":"MegaFender Fendress 1470 x 460mm"},"content":{"rendered":"<p>MegaFender Fendress 1470 x 460mm &#8211; <\/p>\n<p style=\"color: rgb(34, 34, 34); font-family: Arial, Helvetica, sans-serif; font-size: small;\">Die Fendress Mega Fenders sind sorgf\u00e4ltig gestaltet, um gro\u00dfe Boote und Mega-Yachten zu sch\u00fctzen. Ihre leichte Bauweise erm\u00f6glicht eine einfache Handhabung, w\u00e4hrend das innovative Ventilsystem und die au\u00dfergew\u00f6hnliche Flexibilit\u00e4t eine unkomplizierte Entleerung und Lagerung selbst in engen R\u00e4umen erm\u00f6glichen.<\/p>\n<p style=\"color: rgb(34, 34, 34); font-family: Arial, Helvetica, sans-serif; font-size: small;\">Diese Fender sind auf Langlebigkeit ausgelegt und verf\u00fcgen \u00fcber robuste Ringe aus rostfreiem Edelstahl und Kevlar\u00ae-verst\u00e4rkte Riemen, die eine Zugfestigkeit von bis zu 3,5 Tonnen bieten. Sie kombinieren effektiv ein leichtes Design mit erheblicher St\u00e4rke.<\/p>\n<p style=\"color: rgb(34, 34, 34); font-family: Arial, Helvetica, sans-serif; font-size: small;\">Zu den wichtigsten Merkmalen geh\u00f6ren:<\/p>\n<ul style=\"color: rgb(34, 34, 34); font-family: Arial, Helvetica, sans-serif; font-size: small;\">\n<li>Verst\u00e4rkte Streifen f\u00fcr erh\u00f6hte Haltbarkeit<\/li>\n<li>Einfache Handhabung f\u00fcr zus\u00e4tzlichen Komfort<\/li>\n<li>D-Ringe aus rostfreiem Edelstahl f\u00fcr sichere Befestigung<\/li>\n<li>Standard-Wasserdichtes Ventil f\u00fcr m\u00fcheloses Aufblasen und Entleeren<\/li>\n<\/ul>\n<p style=\"color: rgb(34, 34, 34); font-family: Arial, Helvetica, sans-serif; font-size: small;\">Mit den Mega Fenders k\u00f6nnen Bootseigent\u00fcmer sicher sein, dass ihre Fahrzeuge gut gesch\u00fctzt sind.<\/p>\n<p style=\"color: rgb(34, 34, 34); font-family: Arial, Helvetica, sans-serif; font-size: small;\">Die aufblasbaren Fender von Fendress werden im Fernen Osten hergestellt und sind bei Superyacht-Crews wegen ihres leichten, kompakten Designs und ihrer au\u00dfergew\u00f6hnlichen Haltbarkeit hoch angesehen. Sie bestehen aus einer Mischung aus konsolidiertem PVC und Kevlar-Verst\u00e4rkung, die sie widerstandsf\u00e4hig gegen Durchstiche und Abnutzung macht.<\/p>\n<p style=\"color: rgb(34, 34, 34); font-family: Arial, Helvetica, sans-serif; font-size: small;\">Die Hauptmerkmale der aufblasbaren Fender von Fendress sind:<\/p>\n<ul style=\"color: rgb(34, 34, 34); font-family: Arial, Helvetica, sans-serif; font-size: small;\">\n<li>Leicht und kompakt: Diese Fender sind erheblich leichter als herk\u00f6mmliche Gummifender, was die Handhabung und Lagerung vereinfacht.<\/li>\n<li>Stark und langlebig: Die Kombination aus konsolidiertem PVC und Kevlar-Verst\u00e4rkung bietet ausgezeichneten Schutz gegen Durchstiche und Abreibungen.<\/li>\n<li>Einfache Aufblaspumpe: Sie k\u00f6nnen mit jeder Standardpumpe aufgeblasen und schnell f\u00fcr die bequeme Lagerung entleert werden.<\/li>\n<li>In verschiedenen Gr\u00f6\u00dfen erh\u00e4ltlich: Fendress-Fender sind in verschiedenen Gr\u00f6\u00dfen erh\u00e4ltlich, um eine Vielzahl von Booten zu ber\u00fccksichtigen.<\/li>\n<\/ul>\n<p style=\"color: rgb(34, 34, 34); font-family: Arial, Helvetica, sans-serif; font-size: small;\">Zusammenfassend sind Fendress aufblasbare Fender eine hervorragende Wahl f\u00fcr Superyacht-Crews, die eine leichte, strapazierf\u00e4hige und benutzerfreundliche L\u00f6sung f\u00fcr aufblasbare Fender suchen.<\/p>\n","protected":false},"excerpt":{"rendered":"<p>MegaFender Fendress 1470 x 460mm &#8211; Die Fendress Mega Fenders sind sorgf\u00e4ltig gestaltet, um gro\u00dfe Boote und Mega-Yachten zu sch\u00fctzen.<\/p>\n","protected":false},"featured_media":5936924,"comment_status":"open","ping_status":"closed","template":"","meta":[],"product_brand":[2935],"product_cat":[1561],"product_tag":[],"class_list":{"0":"post-733072","1":"product","2":"type-product","3":"status-publish","4":"has-post-thumbnail","6":"product_brand-fendress-de","7":"product_cat-fender","9":"first","10":"instock","11":"shipping-taxable","12":"purchasable","13":"product-type-simple"},"_links":{"self":[{"href":"https:\/\/stoic-curie.212-227-153-4.plesk.page\/de\/wp-json\/wp\/v2\/product\/733072","targetHints":{"allow":["GET"]}}],"collection":[{"href":"https:\/\/stoic-curie.212-227-153-4.plesk.page\/de\/wp-json\/wp\/v2\/product"}],"about":[{"href":"https:\/\/stoic-curie.212-227-153-4.plesk.page\/de\/wp-json\/wp\/v2\/types\/product"}],"replies":[{"embeddable":true,"href":"https:\/\/stoic-curie.212-227-153-4.plesk.page\/de\/wp-json\/wp\/v2\/comments?post=733072"}],"version-history":[{"count":0,"href":"https:\/\/stoic-curie.212-227-153-4.plesk.page\/de\/wp-json\/wp\/v2\/product\/733072\/revisions"}],"wp:featuredmedia":[{"embeddable":true,"href":"https:\/\/stoic-curie.212-227-153-4.plesk.page\/de\/wp-json\/wp\/v2\/media\/5936924"}],"wp:attachment":[{"href":"https:\/\/stoic-curie.212-227-153-4.plesk.page\/de\/wp-json\/wp\/v2\/media?parent=733072"}],"wp:term":[{"taxonomy":"product_brand","embeddable":true,"href":"https:\/\/stoic-curie.212-227-153-4.plesk.page\/de\/wp-json\/wp\/v2\/product_brand?post=733072"},{"taxonomy":"product_cat","embeddable":true,"href":"https:\/\/stoic-curie.212-227-153-4.plesk.page\/de\/wp-json\/wp\/v2\/product_cat?post=733072"},{"taxonomy":"product_tag","embeddable":true,"href":"https:\/\/stoic-curie.212-227-153-4.plesk.page\/de\/wp-json\/wp\/v2\/product_tag?post=733072"}],"curies":[{"name":"wp","href":"https:\/\/api.w.org\/{rel}","templated":true}]}}