{"id":733073,"date":"2025-03-03T16:17:58","date_gmt":"2025-03-03T15:17:58","guid":{"rendered":"https:\/\/stoic-curie.212-227-153-4.plesk.page\/producto\/mega-fender-schwarz-1650x660mm\/"},"modified":"2026-02-24T23:34:38","modified_gmt":"2026-02-24T23:34:38","slug":"mega-fender-schwarz-1650x660mm","status":"publish","type":"product","link":"https:\/\/stoic-curie.212-227-153-4.plesk.page\/de\/product\/mega-fender-schwarz-1650x660mm\/","title":{"rendered":"MegaFender Fendress 1650 x 660mm"},"content":{"rendered":"<p>MegaFender Fendress 1650 x 660mm &#8211; <\/p>\n<p style=\"color: rgb(34, 34, 34); font-family: Arial, Helvetica, sans-serif; font-size: small;\">Die Fendress Mega Fenders sind sorgf\u00e4ltig gestaltet, um gro\u00dfe Boote und Mega-Yachten zu sch\u00fctzen. Ihre leichte Bauweise macht sie einfach zu handhaben, w\u00e4hrend das fortschrittliche Ventilsystem und die hervorragende Flexibilit\u00e4t eine einfache Entleerung und Lagerung, auch in engen Bereichen, erm\u00f6glichen.<\/p>\n<p style=\"color: rgb(34, 34, 34); font-family: Arial, Helvetica, sans-serif; font-size: small;\">Diese Fender sind auf Langlebigkeit ausgelegt und verf\u00fcgen \u00fcber starke Ringe aus hochwertigem Edelstahl und Kevlar\u00ae-verst\u00e4rkte Riemen, die eine Zugfestigkeit von bis zu 3,5 Tonnen bieten. Sie kombinieren ein leichtes Design mit beeindruckender St\u00e4rke.<\/p>\n<p style=\"color: rgb(34, 34, 34); font-family: Arial, Helvetica, sans-serif; font-size: small;\">Besondere Merkmale sind:<\/p>\n<ul style=\"color: rgb(34, 34, 34); font-family: Arial, Helvetica, sans-serif; font-size: small;\">\n<li>Verst\u00e4rkte Streifen f\u00fcr verbesserte Haltbarkeit<\/li>\n<li>Einfaches Handling f\u00fcr zus\u00e4tzlichen Komfort<\/li>\n<li>Edelstahl-D-Ringe f\u00fcr sicheren Halt<\/li>\n<li>Standard-Wasserdichtventil f\u00fcr einfache Inflation und Deflation<\/li>\n<\/ul>\n<p style=\"color: rgb(34, 34, 34); font-family: Arial, Helvetica, sans-serif; font-size: small;\">Mit Mega Fenders k\u00f6nnen Bootseigent\u00fcmer sicher sein, dass ihr Schiff gut gesch\u00fctzt ist.<\/p>\n<p style=\"color: rgb(34, 34, 34); font-family: Arial, Helvetica, sans-serif; font-size: small;\">Die aufblasbaren Fender von Fendress werden im Fernen Osten produziert und von Superyacht-Teams aufgrund ihres leichten, kompakten Designs und ihrer au\u00dfergew\u00f6hnlichen Haltbarkeit sehr gesch\u00e4tzt. Sie bestehen aus einer Mischung aus konsolidiertem PVC und Kevlar-Verst\u00e4rkung, was sie stark und schlagfest macht.<\/p>\n<p style=\"color: rgb(34, 34, 34); font-family: Arial, Helvetica, sans-serif; font-size: small;\">Die Hauptmerkmale der aufblasbaren Fender von Fendress sind:<\/p>\n<ul style=\"color: rgb(34, 34, 34); font-family: Arial, Helvetica, sans-serif; font-size: small;\">\n<li>Leicht und kompakt: Diese Fender sind viel leichter als herk\u00f6mmliche Gummifender, was Handhabung und Lagerung erleichtert.<\/li>\n<li>Robust und langlebig: Die Kombination aus konsolidiertem PVC und Kevlar-Verst\u00e4rkung bietet ausgezeichneten Schutz gegen Durchstiche und Abnutzung.<\/li>\n<li>Einfach zu inflatieren und deflatieren: Sie k\u00f6nnen mit jeder Standardpumpe aufgeblasen und schnell f\u00fcr die einfache Lagerung entleert werden.<\/li>\n<li>In verschiedenen Gr\u00f6\u00dfen erh\u00e4ltlich: Fendress Fender sind in mehreren Gr\u00f6\u00dfen erh\u00e4ltlich, um eine Vielzahl von Booten zu passen.<\/li>\n<\/ul>\n<p style=\"color: rgb(34, 34, 34); font-family: Arial, Helvetica, sans-serif; font-size: small;\">Zusammenfassend l\u00e4sst sich sagen, dass die aufblasbaren Fender von Fendress eine hervorragende Option f\u00fcr Superyacht-Teams sind, die nach einer leichten, langlebigen und benutzerfreundlichen L\u00f6sung f\u00fcr aufblasbare Fender suchen.<\/p>\n","protected":false},"excerpt":{"rendered":"<p>MegaFender Fendress 1650 x 660mm &#8211; Die Fendress Mega Fenders sind sorgf\u00e4ltig gestaltet, um gro\u00dfe Boote und Mega-Yachten zu sch\u00fctzen.<\/p>\n","protected":false},"featured_media":5936924,"comment_status":"open","ping_status":"closed","template":"","meta":[],"product_brand":[2935],"product_cat":[1561],"product_tag":[],"class_list":{"0":"post-733073","1":"product","2":"type-product","3":"status-publish","4":"has-post-thumbnail","6":"product_brand-fendress-de","7":"product_cat-fender","9":"first","10":"instock","11":"shipping-taxable","12":"purchasable","13":"product-type-simple"},"_links":{"self":[{"href":"https:\/\/stoic-curie.212-227-153-4.plesk.page\/de\/wp-json\/wp\/v2\/product\/733073","targetHints":{"allow":["GET"]}}],"collection":[{"href":"https:\/\/stoic-curie.212-227-153-4.plesk.page\/de\/wp-json\/wp\/v2\/product"}],"about":[{"href":"https:\/\/stoic-curie.212-227-153-4.plesk.page\/de\/wp-json\/wp\/v2\/types\/product"}],"replies":[{"embeddable":true,"href":"https:\/\/stoic-curie.212-227-153-4.plesk.page\/de\/wp-json\/wp\/v2\/comments?post=733073"}],"version-history":[{"count":0,"href":"https:\/\/stoic-curie.212-227-153-4.plesk.page\/de\/wp-json\/wp\/v2\/product\/733073\/revisions"}],"wp:featuredmedia":[{"embeddable":true,"href":"https:\/\/stoic-curie.212-227-153-4.plesk.page\/de\/wp-json\/wp\/v2\/media\/5936924"}],"wp:attachment":[{"href":"https:\/\/stoic-curie.212-227-153-4.plesk.page\/de\/wp-json\/wp\/v2\/media?parent=733073"}],"wp:term":[{"taxonomy":"product_brand","embeddable":true,"href":"https:\/\/stoic-curie.212-227-153-4.plesk.page\/de\/wp-json\/wp\/v2\/product_brand?post=733073"},{"taxonomy":"product_cat","embeddable":true,"href":"https:\/\/stoic-curie.212-227-153-4.plesk.page\/de\/wp-json\/wp\/v2\/product_cat?post=733073"},{"taxonomy":"product_tag","embeddable":true,"href":"https:\/\/stoic-curie.212-227-153-4.plesk.page\/de\/wp-json\/wp\/v2\/product_tag?post=733073"}],"curies":[{"name":"wp","href":"https:\/\/api.w.org\/{rel}","templated":true}]}}