{"id":733074,"date":"2025-03-03T16:17:59","date_gmt":"2025-03-03T15:17:59","guid":{"rendered":"https:\/\/stoic-curie.212-227-153-4.plesk.page\/producto\/mega-fender-schwarz-1680x610mm\/"},"modified":"2026-02-24T23:34:38","modified_gmt":"2026-02-24T23:34:38","slug":"mega-fender-schwarz-1680x610mm","status":"publish","type":"product","link":"https:\/\/stoic-curie.212-227-153-4.plesk.page\/de\/product\/mega-fender-schwarz-1680x610mm\/","title":{"rendered":"MegaFender Fendress 1680 x 610mm"},"content":{"rendered":"<p>MegaFender Fendress 1680 x 610mm &#8211; <\/p>\n<p style=\"color: rgb(34, 34, 34); font-family: Arial, Helvetica, sans-serif; font-size: small;\">Die Fendress Mega Fender sind sorgf\u00e4ltig entwickelt, um gro\u00dfen Schiffen und Mega-Yachten Schutz zu bieten. Ihr leichtes Design erleichtert die Handhabung, w\u00e4hrend das innovative Ventilsystem und die au\u00dfergew\u00f6hnliche Flexibilit\u00e4t ein m\u00fcheloses Entleeren und Verstauen selbst in engen R\u00e4umen erm\u00f6glichen.<\/p>\n<p style=\"color: rgb(34, 34, 34); font-family: Arial, Helvetica, sans-serif; font-size: small;\">Diese Fender sind auf Langlebigkeit ausgelegt und verf\u00fcgen \u00fcber robuste D-Ringe aus Edelstahl sowie strapazierf\u00e4hige, Kevlar\u00ae-verst\u00e4rkte Riemen, die eine Zugkraft von bis zu 3,5 Tonnen bieten. Sie vereinen ein leichtes Profil mit bemerkenswerter St\u00e4rke.<\/p>\n<p style=\"color: rgb(34, 34, 34); font-family: Arial, Helvetica, sans-serif; font-size: small;\">Zu den Hauptmerkmalen geh\u00f6ren:<\/p>\n<ul style=\"color: rgb(34, 34, 34); font-family: Arial, Helvetica, sans-serif; font-size: small;\">\n<li>Verst\u00e4rkte Streifen f\u00fcr erh\u00f6hte Langlebigkeit<\/li>\n<li>Benutzerfreundliche Handhabung f\u00fcr zus\u00e4tzlichen Komfort<\/li>\n<li>Edelstahl D-Ringe f\u00fcr sichere Befestigung<\/li>\n<li>Standard wasserdichtes Ventil f\u00fcr einfaches Aufblasen und Entleeren<\/li>\n<\/ul>\n<p style=\"color: rgb(34, 34, 34); font-family: Arial, Helvetica, sans-serif; font-size: small;\">Mit Mega Fendern kann man sicher sein, dass das eigene Schiff gut gesch\u00fctzt ist.<\/p>\n<p style=\"color: rgb(34, 34, 34); font-family: Arial, Helvetica, sans-serif; font-size: small;\">Die aufblasbaren Fender von Fendress werden im Fernen Osten hergestellt und von Superyacht-Crews f\u00fcr ihr leichtes, kompaktes Design und ihre au\u00dfergew\u00f6hnliche Haltbarkeit sehr gesch\u00e4tzt. Sie werden aus einer Kombination von konsolidiertem PVC und Kevlar-Verst\u00e4rkung hergestellt, was sie stark und widerstandsf\u00e4hig gegen Durchstiche und Abnutzung macht.<\/p>\n<p style=\"color: rgb(34, 34, 34); font-family: Arial, Helvetica, sans-serif; font-size: small;\">Die Hauptmerkmale der aufblasbaren Fendress Fender sind:<\/p>\n<ul style=\"color: rgb(34, 34, 34); font-family: Arial, Helvetica, sans-serif; font-size: small;\">\n<li>Leicht und kompakt: Diese Fender sind erheblich leichter als herk\u00f6mmliche Gummifender, was die Handhabung und Lagerung erleichtert.<\/li>\n<li>Stark und langlebig: Die Kombination aus konsolidiertem PVC und Kevlar-Verst\u00e4rkung bietet einen hervorragenden Schutz gegen Durchstiche und Abrieb.<\/li>\n<li>Einfaches Aufblasen und Entleeren: Sie k\u00f6nnen mit jeder Standardpumpe aufgeblasen und schnell f\u00fcr eine bequeme Lagerung entleert werden.<\/li>\n<li>In verschiedenen Gr\u00f6\u00dfen erh\u00e4ltlich: Fendress-Fender sind in mehreren Gr\u00f6\u00dfen erh\u00e4ltlich, um eine Vielzahl von Schiffen zu bedienen.<\/li>\n<\/ul>\n<p style=\"color: rgb(34, 34, 34); font-family: Arial, Helvetica, sans-serif; font-size: small;\">Zusammenfassend l\u00e4sst sich sagen, dass die aufblasbaren Fendress Fender eine hervorragende Wahl f\u00fcr Superyacht-Crews darstellen, die nach einer leichten, langlebigen und benutzerfreundlichen aufblasbaren Fenderl\u00f6sung suchen.<\/p>\n","protected":false},"excerpt":{"rendered":"<p>MegaFender Fendress 1680 x 610mm &#8211; Die Fendress Mega Fender sind sorgf\u00e4ltig entwickelt, um gro\u00dfen Schiffen und Mega-Yachten Schutz zu<\/p>\n","protected":false},"featured_media":5936924,"comment_status":"open","ping_status":"closed","template":"","meta":[],"product_brand":[2935],"product_cat":[1561],"product_tag":[],"class_list":{"0":"post-733074","1":"product","2":"type-product","3":"status-publish","4":"has-post-thumbnail","6":"product_brand-fendress-de","7":"product_cat-fender","9":"first","10":"instock","11":"shipping-taxable","12":"purchasable","13":"product-type-simple"},"_links":{"self":[{"href":"https:\/\/stoic-curie.212-227-153-4.plesk.page\/de\/wp-json\/wp\/v2\/product\/733074","targetHints":{"allow":["GET"]}}],"collection":[{"href":"https:\/\/stoic-curie.212-227-153-4.plesk.page\/de\/wp-json\/wp\/v2\/product"}],"about":[{"href":"https:\/\/stoic-curie.212-227-153-4.plesk.page\/de\/wp-json\/wp\/v2\/types\/product"}],"replies":[{"embeddable":true,"href":"https:\/\/stoic-curie.212-227-153-4.plesk.page\/de\/wp-json\/wp\/v2\/comments?post=733074"}],"version-history":[{"count":0,"href":"https:\/\/stoic-curie.212-227-153-4.plesk.page\/de\/wp-json\/wp\/v2\/product\/733074\/revisions"}],"wp:featuredmedia":[{"embeddable":true,"href":"https:\/\/stoic-curie.212-227-153-4.plesk.page\/de\/wp-json\/wp\/v2\/media\/5936924"}],"wp:attachment":[{"href":"https:\/\/stoic-curie.212-227-153-4.plesk.page\/de\/wp-json\/wp\/v2\/media?parent=733074"}],"wp:term":[{"taxonomy":"product_brand","embeddable":true,"href":"https:\/\/stoic-curie.212-227-153-4.plesk.page\/de\/wp-json\/wp\/v2\/product_brand?post=733074"},{"taxonomy":"product_cat","embeddable":true,"href":"https:\/\/stoic-curie.212-227-153-4.plesk.page\/de\/wp-json\/wp\/v2\/product_cat?post=733074"},{"taxonomy":"product_tag","embeddable":true,"href":"https:\/\/stoic-curie.212-227-153-4.plesk.page\/de\/wp-json\/wp\/v2\/product_tag?post=733074"}],"curies":[{"name":"wp","href":"https:\/\/api.w.org\/{rel}","templated":true}]}}