{"id":733075,"date":"2025-03-03T16:17:59","date_gmt":"2025-03-03T15:17:59","guid":{"rendered":"https:\/\/stoic-curie.212-227-153-4.plesk.page\/producto\/mega-fender-schwarz-2440x610mm\/"},"modified":"2026-02-24T23:34:38","modified_gmt":"2026-02-24T23:34:38","slug":"mega-fender-schwarz-2440x610mm","status":"publish","type":"product","link":"https:\/\/stoic-curie.212-227-153-4.plesk.page\/de\/product\/mega-fender-schwarz-2440x610mm\/","title":{"rendered":"MegaFender Fendress 2440 x 610mm"},"content":{"rendered":"<p>MegaFender Fendress 2440 x 610mm &#8211; <\/p>\n<p style=\"color: rgb(34, 34, 34); font-family: Arial, Helvetica, sans-serif; font-size: small;\">Die Fendress Mega Fenders sind sorgf\u00e4ltig hergestellt, um gro\u00dfe Boote und Mega-Yachten zu sch\u00fctzen. Sie sind leicht und einfach zu handhaben. Ihr innovatives Ventilsystem und die hohe Flexibilit\u00e4t machen es leicht, sie zu entleeren und auch in engen Bereichen zu lagern.<\/p>\n<p style=\"color: rgb(34, 34, 34); font-family: Arial, Helvetica, sans-serif; font-size: small;\">Diese Fender sind f\u00fcr Langlebigkeit konzipiert und verf\u00fcgen \u00fcber robuste Ringe aus Edelstahl und Kevlar\u00ae-verst\u00e4rkte Gurte, die eine Zugfestigkeit von bis zu 3,5 Tonnen bieten. Sie vereinen Leichtigkeit mit bemerkenswerter St\u00e4rke.<\/p>\n<p style=\"color: rgb(34, 34, 34); font-family: Arial, Helvetica, sans-serif; font-size: small;\">Einige bemerkenswerte Merkmale sind:<\/p>\n<ul style=\"color: rgb(34, 34, 34); font-family: Arial, Helvetica, sans-serif; font-size: small;\">\n<li>Verst\u00e4rkte Streifen f\u00fcr erh\u00f6hte Haltbarkeit<\/li>\n<li>Benutzerfreundliche Handhabung f\u00fcr Komfort<\/li>\n<li>Edelstahl-D-Ringe f\u00fcr sichere Befestigung<\/li>\n<li>Standard-Wasserdichtes Ventil f\u00fcr einfaches Aufblasen und Entleeren<\/li>\n<\/ul>\n<p style=\"color: rgb(34, 34, 34); font-family: Arial, Helvetica, sans-serif; font-size: small;\">Mit den Mega Fenders k\u00f6nnen Sie sicher sein, dass Ihr Boot gut gesch\u00fctzt ist.<\/p>\n<p style=\"color: rgb(34, 34, 34); font-family: Arial, Helvetica, sans-serif; font-size: small;\">Die aufblasbaren Fender von Fendress werden im Fernen Osten produziert und sind bei Superyacht-Crews wegen ihres leichten, kompakten Designs und ihrer Langlebigkeit sehr beliebt. Sie bestehen aus einer Mischung aus verst\u00e4rktem PVC und Kevlar, was sie stark und widerstandsf\u00e4hig gegen Durchstiche und Abnutzung macht.<\/p>\n<p style=\"color: rgb(34, 34, 34); font-family: Arial, Helvetica, sans-serif; font-size: small;\">Die Hauptmerkmale der aufblasbaren Fender von Fendress sind:<\/p>\n<ul style=\"color: rgb(34, 34, 34); font-family: Arial, Helvetica, sans-serif; font-size: small;\">\n<li>Leicht und kompakt: Sie sind viel leichter als herk\u00f6mmliche Gummifender, was die Handhabung und Lagerung erleichtert.<\/li>\n<li>Stark und langlebig: Die Kombination aus verst\u00e4rktem PVC und Kevlar bietet hervorragenden Schutz gegen Durchstiche und Abnutzungen.<\/li>\n<li>Einfache Auf- und Abblasen: Sie k\u00f6nnen mit jeder Standardpumpe aufgeblasen und schnell f\u00fcr die bequeme Lagerung entleert werden.<\/li>\n<li>In verschiedenen Gr\u00f6\u00dfen erh\u00e4ltlich: Die Fendress-Fender sind in verschiedenen Gr\u00f6\u00dfen erh\u00e4ltlich, um sich an verschiedene Bootgr\u00f6\u00dfen und Anforderungen anzupassen.<\/li>\n<\/ul>\n<p style=\"color: rgb(34, 34, 34); font-family: Arial, Helvetica, sans-serif; font-size: small;\">Zusammenfassend sind die aufblasbaren Fender von Fendress eine hervorragende Wahl f\u00fcr Superyacht-Crews, die nach einem leichten, langlebigen und benutzerfreundlichen aufblasbaren Fender suchen.<\/p>\n","protected":false},"excerpt":{"rendered":"<p>MegaFender Fendress 2440 x 610mm &#8211; Die Fendress Mega Fenders sind sorgf\u00e4ltig hergestellt, um gro\u00dfe Boote und Mega-Yachten zu sch\u00fctzen.<\/p>\n","protected":false},"featured_media":5936924,"comment_status":"open","ping_status":"closed","template":"","meta":[],"product_brand":[2935],"product_cat":[1561],"product_tag":[],"class_list":{"0":"post-733075","1":"product","2":"type-product","3":"status-publish","4":"has-post-thumbnail","6":"product_brand-fendress-de","7":"product_cat-fender","9":"first","10":"instock","11":"shipping-taxable","12":"purchasable","13":"product-type-simple"},"_links":{"self":[{"href":"https:\/\/stoic-curie.212-227-153-4.plesk.page\/de\/wp-json\/wp\/v2\/product\/733075","targetHints":{"allow":["GET"]}}],"collection":[{"href":"https:\/\/stoic-curie.212-227-153-4.plesk.page\/de\/wp-json\/wp\/v2\/product"}],"about":[{"href":"https:\/\/stoic-curie.212-227-153-4.plesk.page\/de\/wp-json\/wp\/v2\/types\/product"}],"replies":[{"embeddable":true,"href":"https:\/\/stoic-curie.212-227-153-4.plesk.page\/de\/wp-json\/wp\/v2\/comments?post=733075"}],"version-history":[{"count":0,"href":"https:\/\/stoic-curie.212-227-153-4.plesk.page\/de\/wp-json\/wp\/v2\/product\/733075\/revisions"}],"wp:featuredmedia":[{"embeddable":true,"href":"https:\/\/stoic-curie.212-227-153-4.plesk.page\/de\/wp-json\/wp\/v2\/media\/5936924"}],"wp:attachment":[{"href":"https:\/\/stoic-curie.212-227-153-4.plesk.page\/de\/wp-json\/wp\/v2\/media?parent=733075"}],"wp:term":[{"taxonomy":"product_brand","embeddable":true,"href":"https:\/\/stoic-curie.212-227-153-4.plesk.page\/de\/wp-json\/wp\/v2\/product_brand?post=733075"},{"taxonomy":"product_cat","embeddable":true,"href":"https:\/\/stoic-curie.212-227-153-4.plesk.page\/de\/wp-json\/wp\/v2\/product_cat?post=733075"},{"taxonomy":"product_tag","embeddable":true,"href":"https:\/\/stoic-curie.212-227-153-4.plesk.page\/de\/wp-json\/wp\/v2\/product_tag?post=733075"}],"curies":[{"name":"wp","href":"https:\/\/api.w.org\/{rel}","templated":true}]}}