{"id":733076,"date":"2025-03-03T16:17:59","date_gmt":"2025-03-03T15:17:59","guid":{"rendered":"https:\/\/stoic-curie.212-227-153-4.plesk.page\/producto\/mega-fender-schwarz-1910x970mm\/"},"modified":"2026-02-24T23:34:38","modified_gmt":"2026-02-24T23:34:38","slug":"mega-fender-schwarz-1910x970mm","status":"publish","type":"product","link":"https:\/\/stoic-curie.212-227-153-4.plesk.page\/de\/product\/mega-fender-schwarz-1910x970mm\/","title":{"rendered":"MegaFender Fendress 1910 x 970mm"},"content":{"rendered":"<p>MegaFender Fendress 1910 x 970mm &#8211; <\/p>\n<p style=\"color: rgb(34, 34, 34); font-family: Arial, Helvetica, sans-serif; font-size: small;\">Die Fendress Mega Fenders wurden professionell entwickelt, um gro\u00dfe Boote und Mega-Yachten zu sch\u00fctzen. Sie sind leicht und einfach zu handhaben. Ihr fortschrittliches Ventilsystem und die hohe Flexibilit\u00e4t machen das Entleeren und die Lagerung einfach, selbst in engen R\u00e4umen.<\/p>\n<p style=\"color: rgb(34, 34, 34); font-family: Arial, Helvetica, sans-serif; font-size: small;\">Diese Fender sind f\u00fcr Langlebigkeit gebaut und verf\u00fcgen \u00fcber starke Ringe aus rostfreiem Edelstahl und Kevlar\u00ae-verst\u00e4rkte Riemen, die eine Zugfestigkeit von bis zu 3,5 Tonnen bieten. Sie vereinen Leichtigkeit und beeindruckende St\u00e4rke.<\/p>\n<p style=\"color: rgb(34, 34, 34); font-family: Arial, Helvetica, sans-serif; font-size: small;\">Zu den wichtigsten Merkmalen geh\u00f6ren:<\/p>\n<ul style=\"color: rgb(34, 34, 34); font-family: Arial, Helvetica, sans-serif; font-size: small;\">\n<li>Verst\u00e4rkte Streifen f\u00fcr zus\u00e4tzliche Haltbarkeit<\/li>\n<li>Einfache Handhabung f\u00fcr den Benutzerkomfort<\/li>\n<li>Rostfreie D-Ringe f\u00fcr sichere Befestigung<\/li>\n<li>Standard-Wasserdichtes Ventil f\u00fcr unkomplizierte Inflation und Deflation<\/li>\n<\/ul>\n<p style=\"color: rgb(34, 34, 34); font-family: Arial, Helvetica, sans-serif; font-size: small;\">Mit dem Mega Fender k\u00f6nnen Sie sicher sein, dass Ihr Boot gut gesch\u00fctzt ist.<\/p>\n<p style=\"color: rgb(34, 34, 34); font-family: Arial, Helvetica, sans-serif; font-size: small;\">Die aufblasbaren Fender von Fendress werden im Fernen Osten hergestellt und sind bei Superyacht-Crews aufgrund ihrer leichten, kompakten Bauweise und Langlebigkeit beliebt. Sie bestehen aus einer Kombination aus konsolidiertem PVC und Kevlar-Verst\u00e4rkung, was sie stark und resistent gegen Durchstiche und Abnutzung macht.<\/p>\n<p style=\"color: rgb(34, 34, 34); font-family: Arial, Helvetica, sans-serif; font-size: small;\">Die Hauptmerkmale der aufblasbaren Fender von Fendress sind:<\/p>\n<ul style=\"color: rgb(34, 34, 34); font-family: Arial, Helvetica, sans-serif; font-size: small;\">\n<li>Leicht und kompakt: Sie sind erheblich leichter als traditionelle Gummifender, was die Handhabung und Lagerung erleichtert.<\/li>\n<li>Stark und langlebig: Die Mischung aus konsolidiertem PVC und Kevlar-Verst\u00e4rkung bietet ausgezeichneten Schutz gegen Durchstiche und Abrieb.<\/li>\n<li>Einfach zu aufblasen und entleeren: Sie k\u00f6nnen mit jeder Standardpumpe aufgeblasen und schnell entleert werden, um eine bequeme Lagerung zu erm\u00f6glichen.<\/li>\n<li>In verschiedenen Gr\u00f6\u00dfen erh\u00e4ltlich: Die Fendress Fender sind in verschiedenen Gr\u00f6\u00dfen erh\u00e4ltlich, um unterschiedlichen Bootgr\u00f6\u00dfen und -bed\u00fcrfnissen gerecht zu werden.<\/li>\n<\/ul>\n<p style=\"color: rgb(34, 34, 34); font-family: Arial, Helvetica, sans-serif; font-size: small;\">Zusammenfassend sind die aufblasbaren Fender von Fendress eine ausgezeichnete Wahl f\u00fcr Superyacht-Crews, die einen leichten, langlebigen und benutzerfreundlichen aufblasbaren Fender suchen.<\/p>\n","protected":false},"excerpt":{"rendered":"<p>MegaFender Fendress 1910 x 970mm &#8211; Die Fendress Mega Fenders wurden professionell entwickelt, um gro\u00dfe Boote und Mega-Yachten zu sch\u00fctzen.<\/p>\n","protected":false},"featured_media":5936924,"comment_status":"open","ping_status":"closed","template":"","meta":[],"product_brand":[2935],"product_cat":[1561],"product_tag":[],"class_list":{"0":"post-733076","1":"product","2":"type-product","3":"status-publish","4":"has-post-thumbnail","6":"product_brand-fendress-de","7":"product_cat-fender","9":"first","10":"instock","11":"shipping-taxable","12":"purchasable","13":"product-type-simple"},"_links":{"self":[{"href":"https:\/\/stoic-curie.212-227-153-4.plesk.page\/de\/wp-json\/wp\/v2\/product\/733076","targetHints":{"allow":["GET"]}}],"collection":[{"href":"https:\/\/stoic-curie.212-227-153-4.plesk.page\/de\/wp-json\/wp\/v2\/product"}],"about":[{"href":"https:\/\/stoic-curie.212-227-153-4.plesk.page\/de\/wp-json\/wp\/v2\/types\/product"}],"replies":[{"embeddable":true,"href":"https:\/\/stoic-curie.212-227-153-4.plesk.page\/de\/wp-json\/wp\/v2\/comments?post=733076"}],"version-history":[{"count":0,"href":"https:\/\/stoic-curie.212-227-153-4.plesk.page\/de\/wp-json\/wp\/v2\/product\/733076\/revisions"}],"wp:featuredmedia":[{"embeddable":true,"href":"https:\/\/stoic-curie.212-227-153-4.plesk.page\/de\/wp-json\/wp\/v2\/media\/5936924"}],"wp:attachment":[{"href":"https:\/\/stoic-curie.212-227-153-4.plesk.page\/de\/wp-json\/wp\/v2\/media?parent=733076"}],"wp:term":[{"taxonomy":"product_brand","embeddable":true,"href":"https:\/\/stoic-curie.212-227-153-4.plesk.page\/de\/wp-json\/wp\/v2\/product_brand?post=733076"},{"taxonomy":"product_cat","embeddable":true,"href":"https:\/\/stoic-curie.212-227-153-4.plesk.page\/de\/wp-json\/wp\/v2\/product_cat?post=733076"},{"taxonomy":"product_tag","embeddable":true,"href":"https:\/\/stoic-curie.212-227-153-4.plesk.page\/de\/wp-json\/wp\/v2\/product_tag?post=733076"}],"curies":[{"name":"wp","href":"https:\/\/api.w.org\/{rel}","templated":true}]}}