{"id":733077,"date":"2025-03-03T16:18:00","date_gmt":"2025-03-03T15:18:00","guid":{"rendered":"https:\/\/stoic-curie.212-227-153-4.plesk.page\/producto\/mega-fender-schwarz-1250x900mm\/"},"modified":"2026-02-24T23:34:38","modified_gmt":"2026-02-24T23:34:38","slug":"mega-fender-schwarz-1250x900mm","status":"publish","type":"product","link":"https:\/\/stoic-curie.212-227-153-4.plesk.page\/de\/product\/mega-fender-schwarz-1250x900mm\/","title":{"rendered":"MegaFender Fendress 1250 x 900mm"},"content":{"rendered":"<p>MegaFender Fendress 1250 x 900mm &#8211; <\/p>\n<p style=\"color: rgb(34, 34, 34); font-family: Arial, Helvetica, sans-serif; font-size: small;\">Die Fendress Mega Fenders sind hervorragend gestaltet, um gro\u00dfe Boote und Mega-Yachten zu sch\u00fctzen. Sie sind leicht und einfach zu handhaben. Ihr avanciertes Ventilsystem und die hohe Flexibilit\u00e4t erm\u00f6glichen eine einfache Entleerung und Lagerung, selbst in engen R\u00e4umen.<\/p>\n<p style=\"color: rgb(34, 34, 34); font-family: Arial, Helvetica, sans-serif; font-size: small;\">Diese Fender sind auf Langlebigkeit ausgelegt und verf\u00fcgen \u00fcber starke Edelstahl-Ringe und mit Kevlar\u00ae verst\u00e4rkte Riemen, die eine Zugfestigkeit von bis zu 3,5 Tonnen bieten. Sie kombinieren Leichtigkeit mit beeindruckender Festigkeit.<\/p>\n<p style=\"color: rgb(34, 34, 34); font-family: Arial, Helvetica, sans-serif; font-size: small;\">Einige Hauptmerkmale sind:<\/p>\n<ul style=\"color: rgb(34, 34, 34); font-family: Arial, Helvetica, sans-serif; font-size: small;\">\n<li>Verst\u00e4rkte Streifen f\u00fcr zus\u00e4tzliche Haltbarkeit<\/li>\n<li>Einfache Handhabung f\u00fcr Benutzerkomfort<\/li>\n<li>Edelstahl-D-Ringe f\u00fcr sichere Befestigung<\/li>\n<li>Standard-Wasserventil f\u00fcr einfaches Aufblasen und Entleeren<\/li>\n<\/ul>\n<p style=\"color: rgb(34, 34, 34); font-family: Arial, Helvetica, sans-serif; font-size: small;\">Mit Mega Fenders k\u00f6nnen Sie sicher sein, dass Ihr Boot gut gesch\u00fctzt ist.<\/p>\n<p style=\"color: rgb(34, 34, 34); font-family: Arial, Helvetica, sans-serif; font-size: small;\">Die aufblasbaren Fendress-Fender werden im Fernen Osten hergestellt und von Superyacht-Crews aufgrund ihres leichten, kompakten Designs und ihrer Widerstandsf\u00e4higkeit bevorzugt. Sie bestehen aus einer Mischung aus konsolidiertem PVC und Kevlar-Verst\u00e4rkung, wodurch sie stark und widerstandsf\u00e4hig gegen Durchstiche und Abnutzung sind.<\/p>\n<p style=\"color: rgb(34, 34, 34); font-family: Arial, Helvetica, sans-serif; font-size: small;\">Die Hauptmerkmale der aufblasbaren Fendress-Fender sind:<\/p>\n<ul style=\"color: rgb(34, 34, 34); font-family: Arial, Helvetica, sans-serif; font-size: small;\">\n<li>Leicht und kompakt: Sie sind deutlich leichter als traditionelle Gummi-Fender, was sie einfacher zu handhaben und zu lagern macht.<\/li>\n<li>Stark und haltbar: Die Kombination aus konsolidiertem PVC und Kevlar-Verst\u00e4rkung bietet hervorragenden Schutz gegen Durchstiche und Abnutzungen.<\/li>\n<li>Einfach zu aufblasen und zu entleeren: Sie k\u00f6nnen mit jeder Standardpumpe aufgeblasen und schnell entleert werden, um die Lagerung zu erleichtern.<\/li>\n<li>In verschiedenen Gr\u00f6\u00dfen erh\u00e4ltlich: Fendress-Fender sind in unterschiedlichen Gr\u00f6\u00dfen erh\u00e4ltlich, um den Bed\u00fcrfnissen verschiedener Boote gerecht zu werden.<\/li>\n<\/ul>\n<p style=\"color: rgb(34, 34, 34); font-family: Arial, Helvetica, sans-serif; font-size: small;\">Zusammenfassend sind die aufblasbaren Fendress-Fender eine ausgezeichnete Wahl f\u00fcr Superyacht-Crews, die nach einem leichten, langlebigen und benutzerfreundlichen aufblasbaren Fender suchen.<\/p>\n","protected":false},"excerpt":{"rendered":"<p>MegaFender Fendress 1250 x 900mm &#8211; Die Fendress Mega Fenders sind hervorragend gestaltet, um gro\u00dfe Boote und Mega-Yachten zu sch\u00fctzen.<\/p>\n","protected":false},"featured_media":5936924,"comment_status":"open","ping_status":"closed","template":"","meta":[],"product_brand":[2935],"product_cat":[1561],"product_tag":[],"class_list":{"0":"post-733077","1":"product","2":"type-product","3":"status-publish","4":"has-post-thumbnail","6":"product_brand-fendress-de","7":"product_cat-fender","9":"first","10":"instock","11":"shipping-taxable","12":"purchasable","13":"product-type-simple"},"_links":{"self":[{"href":"https:\/\/stoic-curie.212-227-153-4.plesk.page\/de\/wp-json\/wp\/v2\/product\/733077","targetHints":{"allow":["GET"]}}],"collection":[{"href":"https:\/\/stoic-curie.212-227-153-4.plesk.page\/de\/wp-json\/wp\/v2\/product"}],"about":[{"href":"https:\/\/stoic-curie.212-227-153-4.plesk.page\/de\/wp-json\/wp\/v2\/types\/product"}],"replies":[{"embeddable":true,"href":"https:\/\/stoic-curie.212-227-153-4.plesk.page\/de\/wp-json\/wp\/v2\/comments?post=733077"}],"version-history":[{"count":0,"href":"https:\/\/stoic-curie.212-227-153-4.plesk.page\/de\/wp-json\/wp\/v2\/product\/733077\/revisions"}],"wp:featuredmedia":[{"embeddable":true,"href":"https:\/\/stoic-curie.212-227-153-4.plesk.page\/de\/wp-json\/wp\/v2\/media\/5936924"}],"wp:attachment":[{"href":"https:\/\/stoic-curie.212-227-153-4.plesk.page\/de\/wp-json\/wp\/v2\/media?parent=733077"}],"wp:term":[{"taxonomy":"product_brand","embeddable":true,"href":"https:\/\/stoic-curie.212-227-153-4.plesk.page\/de\/wp-json\/wp\/v2\/product_brand?post=733077"},{"taxonomy":"product_cat","embeddable":true,"href":"https:\/\/stoic-curie.212-227-153-4.plesk.page\/de\/wp-json\/wp\/v2\/product_cat?post=733077"},{"taxonomy":"product_tag","embeddable":true,"href":"https:\/\/stoic-curie.212-227-153-4.plesk.page\/de\/wp-json\/wp\/v2\/product_tag?post=733077"}],"curies":[{"name":"wp","href":"https:\/\/api.w.org\/{rel}","templated":true}]}}