{"id":733093,"date":"2025-03-03T16:18:04","date_gmt":"2025-03-03T15:18:04","guid":{"rendered":"https:\/\/stoic-curie.212-227-153-4.plesk.page\/producto\/luken-vom-typ-g-groesse-20-aluminium\/"},"modified":"2026-02-24T23:34:38","modified_gmt":"2026-02-24T23:34:38","slug":"luken-vom-typ-g-groesse-20-aluminium","status":"publish","type":"product","link":"https:\/\/stoic-curie.212-227-153-4.plesk.page\/de\/product\/luken-vom-typ-g-groesse-20-aluminium\/","title":{"rendered":"Luken vom Typ G Gr\u00f6\u00dfe 20 Aluminium"},"content":{"rendered":"<p>Luken vom Typ G Gr\u00f6\u00dfe 20 Aluminium &#8211; <\/p>\n<p>Anodisiertes Aluminium Quadratrahmen Goiot-Typ Luke mit leicht rauchgrauem 10 mm Methacrylatglas. Ausgeglichene Dichtungen und Griffe gew\u00e4hrleisten einen wasserdichten Verschluss.<\/p>\n","protected":false},"excerpt":{"rendered":"<p>Luken vom Typ G Gr\u00f6\u00dfe 20 Aluminium &#8211; Anodisiertes Aluminium Quadratrahmen Goiot-Typ Luke mit leicht rauchgrauem 10 mm Methacrylatglas. Ausgeglichene<\/p>\n","protected":false},"featured_media":5936999,"comment_status":"open","ping_status":"closed","template":"","meta":[],"product_brand":[2855],"product_cat":[1415],"product_tag":[],"class_list":{"0":"post-733093","1":"product","2":"type-product","3":"status-publish","4":"has-post-thumbnail","6":"product_brand-can-marine-de","7":"product_cat-bootsluken","9":"first","10":"instock","11":"shipping-taxable","12":"purchasable","13":"product-type-simple"},"_links":{"self":[{"href":"https:\/\/stoic-curie.212-227-153-4.plesk.page\/de\/wp-json\/wp\/v2\/product\/733093","targetHints":{"allow":["GET"]}}],"collection":[{"href":"https:\/\/stoic-curie.212-227-153-4.plesk.page\/de\/wp-json\/wp\/v2\/product"}],"about":[{"href":"https:\/\/stoic-curie.212-227-153-4.plesk.page\/de\/wp-json\/wp\/v2\/types\/product"}],"replies":[{"embeddable":true,"href":"https:\/\/stoic-curie.212-227-153-4.plesk.page\/de\/wp-json\/wp\/v2\/comments?post=733093"}],"version-history":[{"count":0,"href":"https:\/\/stoic-curie.212-227-153-4.plesk.page\/de\/wp-json\/wp\/v2\/product\/733093\/revisions"}],"wp:featuredmedia":[{"embeddable":true,"href":"https:\/\/stoic-curie.212-227-153-4.plesk.page\/de\/wp-json\/wp\/v2\/media\/5936999"}],"wp:attachment":[{"href":"https:\/\/stoic-curie.212-227-153-4.plesk.page\/de\/wp-json\/wp\/v2\/media?parent=733093"}],"wp:term":[{"taxonomy":"product_brand","embeddable":true,"href":"https:\/\/stoic-curie.212-227-153-4.plesk.page\/de\/wp-json\/wp\/v2\/product_brand?post=733093"},{"taxonomy":"product_cat","embeddable":true,"href":"https:\/\/stoic-curie.212-227-153-4.plesk.page\/de\/wp-json\/wp\/v2\/product_cat?post=733093"},{"taxonomy":"product_tag","embeddable":true,"href":"https:\/\/stoic-curie.212-227-153-4.plesk.page\/de\/wp-json\/wp\/v2\/product_tag?post=733093"}],"curies":[{"name":"wp","href":"https:\/\/api.w.org\/{rel}","templated":true}]}}