{"id":733095,"date":"2025-03-03T16:18:05","date_gmt":"2025-03-03T15:18:05","guid":{"rendered":"https:\/\/stoic-curie.212-227-153-4.plesk.page\/producto\/saralon-luken-jba-300-x-300-mm\/"},"modified":"2026-02-24T23:34:38","modified_gmt":"2026-02-24T23:34:38","slug":"saralon-luken-jba-300-x-300-mm","status":"publish","type":"product","link":"https:\/\/stoic-curie.212-227-153-4.plesk.page\/de\/product\/saralon-luken-jba-300-x-300-mm\/","title":{"rendered":"Saralon Luken JBA 300 x 300 mm"},"content":{"rendered":"<p>Saralon Luken JBA 300 x 300 mm &#8211; <\/p>\n<p>Wetter-, schlag-, l\u00f6sungsmittel- und UV-best\u00e4ndiges, nahezu unzerst\u00f6rbares Bel\u00fcftungsfenster aus Saralon-Polypropylenharz. Sto\u00df- und kratzfestes, geh\u00e4rtetes Glasobjektiv sorgt f\u00fcr perfekte Klarheit. Befestigungsring inklusive. H\u00f6he \u00fcber Deck: 28 mm. CE-Zulassungsbereiche: II.<\/p>\n","protected":false},"excerpt":{"rendered":"<p>Saralon Luken JBA 300 x 300 mm &#8211; Wetter-, schlag-, l\u00f6sungsmittel- und UV-best\u00e4ndiges, nahezu unzerst\u00f6rbares Bel\u00fcftungsfenster aus Saralon-Polypropylenharz. Sto\u00df- und<\/p>\n","protected":false},"featured_media":5937016,"comment_status":"open","ping_status":"closed","template":"","meta":[],"product_brand":[3035],"product_cat":[1415],"product_tag":[],"class_list":{"0":"post-733095","1":"product","2":"type-product","3":"status-publish","4":"has-post-thumbnail","6":"product_brand-jba-marine-de","7":"product_cat-bootsluken","9":"first","10":"instock","11":"shipping-taxable","12":"purchasable","13":"product-type-simple"},"_links":{"self":[{"href":"https:\/\/stoic-curie.212-227-153-4.plesk.page\/de\/wp-json\/wp\/v2\/product\/733095","targetHints":{"allow":["GET"]}}],"collection":[{"href":"https:\/\/stoic-curie.212-227-153-4.plesk.page\/de\/wp-json\/wp\/v2\/product"}],"about":[{"href":"https:\/\/stoic-curie.212-227-153-4.plesk.page\/de\/wp-json\/wp\/v2\/types\/product"}],"replies":[{"embeddable":true,"href":"https:\/\/stoic-curie.212-227-153-4.plesk.page\/de\/wp-json\/wp\/v2\/comments?post=733095"}],"version-history":[{"count":0,"href":"https:\/\/stoic-curie.212-227-153-4.plesk.page\/de\/wp-json\/wp\/v2\/product\/733095\/revisions"}],"wp:featuredmedia":[{"embeddable":true,"href":"https:\/\/stoic-curie.212-227-153-4.plesk.page\/de\/wp-json\/wp\/v2\/media\/5937016"}],"wp:attachment":[{"href":"https:\/\/stoic-curie.212-227-153-4.plesk.page\/de\/wp-json\/wp\/v2\/media?parent=733095"}],"wp:term":[{"taxonomy":"product_brand","embeddable":true,"href":"https:\/\/stoic-curie.212-227-153-4.plesk.page\/de\/wp-json\/wp\/v2\/product_brand?post=733095"},{"taxonomy":"product_cat","embeddable":true,"href":"https:\/\/stoic-curie.212-227-153-4.plesk.page\/de\/wp-json\/wp\/v2\/product_cat?post=733095"},{"taxonomy":"product_tag","embeddable":true,"href":"https:\/\/stoic-curie.212-227-153-4.plesk.page\/de\/wp-json\/wp\/v2\/product_tag?post=733095"}],"curies":[{"name":"wp","href":"https:\/\/api.w.org\/{rel}","templated":true}]}}