{"id":733105,"date":"2025-03-03T16:18:07","date_gmt":"2025-03-03T15:18:07","guid":{"rendered":"https:\/\/stoic-curie.212-227-153-4.plesk.page\/producto\/kuehlschrank-vitrifrigo-c42l-12-24v\/"},"modified":"2026-02-24T23:34:38","modified_gmt":"2026-02-24T23:34:38","slug":"kuehlschrank-vitrifrigo-c42l-12-24v","status":"publish","type":"product","link":"https:\/\/stoic-curie.212-227-153-4.plesk.page\/de\/product\/kuehlschrank-vitrifrigo-c42l-12-24v\/","title":{"rendered":"K\u00fchlschrank Vitrifrigo C42L"},"content":{"rendered":"<p>K\u00fchlschrank Vitrifrigo C42L &#8211; <\/p>\n<p style=\"color: rgb(34, 34, 34); font-family: Arial, Helvetica, sans-serif; font-size: small;\">Pr\u00e4sentation des Vitrifrigo C42L Airlock K\u00fchlschrank-Gefrierschrank in Grau. Dieser K\u00fchlschrank arbeitet mit einer externen Danfoss-K\u00fchlungseinheit, die im 12\/24V-Betrieb bis zu 1,5 Meter entfernt platziert werden kann. Er verf\u00fcgt \u00fcber eine umkehrbare T\u00fcr, die f\u00fcr eine Bel\u00fcftung w\u00e4hrend der Nichtbenutzung angepasst werden kann. Die Einheit ist mit einem LED-Licht und einem mechanischen Thermostat ausgestattet, das eine einfache Temperaturregelung erm\u00f6glicht.<\/p>\n<p style=\"color: rgb(34, 34, 34); font-family: Arial, Helvetica, sans-serif; font-size: small;\">Der C42L CHR K\u00fchlschrank-Gefrierschrank aus der Airlock-Serie bietet ein gro\u00dfz\u00fcgiges Gesamtvolumen von 42 Litern, was ihn zu einer ausgezeichneten Wahl f\u00fcr Ihre Bed\u00fcrfnisse macht. Die K\u00fchlungseinheit befindet sich bequem au\u00dferhalb des Hauptfachs.<\/p>\n<p style=\"color: rgb(34, 34, 34); font-family: Arial, Helvetica, sans-serif; font-size: small;\">Zu den bemerkenswerten Merkmalen geh\u00f6ren eine stilvolle graue T\u00fcr mit einem Verriegelungssystem, das ein versehentliches \u00d6ffnen verhindert. Zudem enth\u00e4lt der T\u00fcrgriff einen einzigartigen &#8216;Bel\u00fcftungsposition&#8217;-Mechanismus, der ein teilweises \u00d6ffnen der T\u00fcr erm\u00f6glicht, wenn die Einheit nicht in Gebrauch ist. Dieses Merkmal hilft, Schimmel und unerw\u00fcnschte Ger\u00fcche zu vermeiden und sorgt daf\u00fcr, dass Ihre Lebensmittel frisch bleiben.<\/p>\n<p style=\"color: rgb(34, 34, 34); font-family: Arial, Helvetica, sans-serif; font-size: small;\"><strong>Spezifikationen:<\/strong><\/p>\n<ul style=\"color: rgb(34, 34, 34); font-family: Arial, Helvetica, sans-serif; font-size: small;\">\n<li><strong>T\u00fcr-Oberfl\u00e4che:<\/strong>&nbsp;Laminiert<\/li>\n<li><strong>Kapazit\u00e4t:<\/strong>&nbsp;42 Liter<\/li>\n<li><strong>H\u00f6he:<\/strong>&nbsp;532 mm<\/li>\n<li><strong>L\u00e4nge:<\/strong>&nbsp;380 mm<\/li>\n<li><strong>Tiefe:<\/strong>&nbsp;384 mm<\/li>\n<li><strong>Gewicht:<\/strong>&nbsp;16 kg<\/li>\n<li><strong>Serie:<\/strong>&nbsp;AIRLOCK<\/li>\n<li><strong>Umkehrbare T\u00fcr:<\/strong>&nbsp;Ja<\/li>\n<li><strong>Thermostat:<\/strong>&nbsp;Mechanisch<\/li>\n<li><strong>K\u00fchltechnologie:<\/strong>&nbsp;Kompressor<\/li>\n<li><strong>K\u00fchlger\u00e4t:<\/strong>&nbsp;Extern<\/li>\n<li><strong>T\u00fcr\u00f6ffnung:<\/strong>&nbsp;Einzelne Vorderseite<\/li>\n<li><strong>Spannung:<\/strong>&nbsp;12\/24 VDC<\/li>\n<\/ul>\n<p style=\"color: rgb(34, 34, 34); font-family: Arial, Helvetica, sans-serif; font-size: small;\">Dieser K\u00fchlschrank-Gefrierschrank ist eine zuverl\u00e4ssige und effiziente L\u00f6sung f\u00fcr Ihre K\u00fchlbed\u00fcrfnisse.<\/p>\n","protected":false},"excerpt":{"rendered":"<p>K\u00fchlschrank Vitrifrigo C42L &#8211; Pr\u00e4sentation des Vitrifrigo C42L Airlock K\u00fchlschrank-Gefrierschrank in Grau. Dieser K\u00fchlschrank arbeitet mit einer externen Danfoss-K\u00fchlungseinheit, die<\/p>\n","protected":false},"featured_media":5937037,"comment_status":"open","ping_status":"closed","template":"","meta":[],"product_brand":[3525],"product_cat":[1464],"product_tag":[],"class_list":{"0":"post-733105","1":"product","2":"type-product","3":"status-publish","4":"has-post-thumbnail","6":"product_brand-vitrifrigo-de","7":"product_cat-kuehlschraenke-und-gefriertruhen","9":"first","10":"instock","11":"shipping-taxable","12":"purchasable","13":"product-type-simple"},"_links":{"self":[{"href":"https:\/\/stoic-curie.212-227-153-4.plesk.page\/de\/wp-json\/wp\/v2\/product\/733105","targetHints":{"allow":["GET"]}}],"collection":[{"href":"https:\/\/stoic-curie.212-227-153-4.plesk.page\/de\/wp-json\/wp\/v2\/product"}],"about":[{"href":"https:\/\/stoic-curie.212-227-153-4.plesk.page\/de\/wp-json\/wp\/v2\/types\/product"}],"replies":[{"embeddable":true,"href":"https:\/\/stoic-curie.212-227-153-4.plesk.page\/de\/wp-json\/wp\/v2\/comments?post=733105"}],"version-history":[{"count":0,"href":"https:\/\/stoic-curie.212-227-153-4.plesk.page\/de\/wp-json\/wp\/v2\/product\/733105\/revisions"}],"wp:featuredmedia":[{"embeddable":true,"href":"https:\/\/stoic-curie.212-227-153-4.plesk.page\/de\/wp-json\/wp\/v2\/media\/5937037"}],"wp:attachment":[{"href":"https:\/\/stoic-curie.212-227-153-4.plesk.page\/de\/wp-json\/wp\/v2\/media?parent=733105"}],"wp:term":[{"taxonomy":"product_brand","embeddable":true,"href":"https:\/\/stoic-curie.212-227-153-4.plesk.page\/de\/wp-json\/wp\/v2\/product_brand?post=733105"},{"taxonomy":"product_cat","embeddable":true,"href":"https:\/\/stoic-curie.212-227-153-4.plesk.page\/de\/wp-json\/wp\/v2\/product_cat?post=733105"},{"taxonomy":"product_tag","embeddable":true,"href":"https:\/\/stoic-curie.212-227-153-4.plesk.page\/de\/wp-json\/wp\/v2\/product_tag?post=733105"}],"curies":[{"name":"wp","href":"https:\/\/api.w.org\/{rel}","templated":true}]}}