{"id":733106,"date":"2025-03-03T16:18:07","date_gmt":"2025-03-03T15:18:07","guid":{"rendered":"https:\/\/stoic-curie.212-227-153-4.plesk.page\/producto\/kuehlschrank-vitrifrigo-c75l\/"},"modified":"2026-02-24T23:34:38","modified_gmt":"2026-02-24T23:34:38","slug":"kuehlschrank-vitrifrigo-c75l","status":"publish","type":"product","link":"https:\/\/stoic-curie.212-227-153-4.plesk.page\/de\/product\/kuehlschrank-vitrifrigo-c75l\/","title":{"rendered":"K\u00fchlschrank Vitrifrigo C75L"},"content":{"rendered":"<p>K\u00fchlschrank Vitrifrigo C75L &#8211; <\/p>\n<p style=\"color: rgb(34, 34, 34); font-family: Arial, Helvetica, sans-serif; font-size: small;\"><strong>K\u00fchlschrank-Gefrierkombination, C75L CHR, Grau, Vitrifrigo<\/strong><\/p>\n<p style=\"color: rgb(34, 34, 34); font-family: Arial, Helvetica, sans-serif; font-size: small;\">Die Chromelock C75L CHR K\u00fchlschrank-Gefrierkombination ist eine hervorragende Wahl und bietet ein Gesamtvolumen von 75 Litern, wobei das optionale Gefrierfach 10,2 Liter fasst. Die K\u00e4lteeinheit ist extern positioniert.<\/p>\n<p style=\"color: rgb(34, 34, 34); font-family: Arial, Helvetica, sans-serif; font-size: small;\">Dieses Modell verf\u00fcgt \u00fcber eine graue panelierbare T\u00fcr, die mit einem Schnappverschluss ausgestattet ist, um ein versehentliches \u00d6ffnen zu verhindern.<\/p>\n<p style=\"color: rgb(34, 34, 34); font-family: Arial, Helvetica, sans-serif; font-size: small;\">Zus\u00e4tzlich enth\u00e4lt die T\u00fcr ein einzigartiges &#8220;Bel\u00fcftungsposition&#8221;-System, das in den Griff integriert ist. Dies erm\u00f6glicht eine teilweise \u00d6ffnung w\u00e4hrend der Inaktivit\u00e4t, was zur Vermeidung von Schimmel und unerw\u00fcnschten Ger\u00fcchen beitr\u00e4gt und die Lebensmittelkonservierung verbessert.<\/p>\n<p style=\"color: rgb(34, 34, 34); font-family: Arial, Helvetica, sans-serif; font-size: small;\"><strong>Technische Daten:<\/strong><\/p>\n<ul style=\"color: rgb(34, 34, 34); font-family: Arial, Helvetica, sans-serif; font-size: small;\">\n<li><strong>T\u00fcroberfl\u00e4che:<\/strong> Laminate<\/li>\n<li><strong>Kapazit\u00e4t:<\/strong> 75,00 Liter<\/li>\n<li><strong>H\u00f6he:<\/strong> 622,00 mm<\/li>\n<li><strong>L\u00e4nge:<\/strong> 470,00 mm<\/li>\n<li><strong>Tiefe:<\/strong> 460,00 mm<\/li>\n<li><strong>Gewicht:<\/strong> 18,60 kg<\/li>\n<li><strong>Serie:<\/strong> CHROMELOCK<\/li>\n<li><strong>Umkehrbare T\u00fcr:<\/strong> Ja<\/li>\n<li><strong>Thermostat:<\/strong> Mechanisch<\/li>\n<li><strong>K\u00e4ltetechnologie:<\/strong> Kompressor<\/li>\n<li><strong>K\u00fchleinheit:<\/strong> Extern<\/li>\n<li><strong>T\u00fcr\u00f6ffnung:<\/strong> Einzelt\u00fcr<\/li>\n<li><strong>Spannung:<\/strong> 12\/24 VDC<\/li>\n<\/ul>\n","protected":false},"excerpt":{"rendered":"<p>K\u00fchlschrank Vitrifrigo C75L &#8211; K\u00fchlschrank-Gefrierkombination, C75L CHR, Grau, Vitrifrigo Die Chromelock C75L CHR K\u00fchlschrank-Gefrierkombination ist eine hervorragende Wahl und bietet<\/p>\n","protected":false},"featured_media":5937042,"comment_status":"open","ping_status":"closed","template":"","meta":[],"product_brand":[3525],"product_cat":[1464],"product_tag":[],"class_list":{"0":"post-733106","1":"product","2":"type-product","3":"status-publish","4":"has-post-thumbnail","6":"product_brand-vitrifrigo-de","7":"product_cat-kuehlschraenke-und-gefriertruhen","9":"first","10":"instock","11":"shipping-taxable","12":"purchasable","13":"product-type-simple"},"_links":{"self":[{"href":"https:\/\/stoic-curie.212-227-153-4.plesk.page\/de\/wp-json\/wp\/v2\/product\/733106","targetHints":{"allow":["GET"]}}],"collection":[{"href":"https:\/\/stoic-curie.212-227-153-4.plesk.page\/de\/wp-json\/wp\/v2\/product"}],"about":[{"href":"https:\/\/stoic-curie.212-227-153-4.plesk.page\/de\/wp-json\/wp\/v2\/types\/product"}],"replies":[{"embeddable":true,"href":"https:\/\/stoic-curie.212-227-153-4.plesk.page\/de\/wp-json\/wp\/v2\/comments?post=733106"}],"version-history":[{"count":0,"href":"https:\/\/stoic-curie.212-227-153-4.plesk.page\/de\/wp-json\/wp\/v2\/product\/733106\/revisions"}],"wp:featuredmedia":[{"embeddable":true,"href":"https:\/\/stoic-curie.212-227-153-4.plesk.page\/de\/wp-json\/wp\/v2\/media\/5937042"}],"wp:attachment":[{"href":"https:\/\/stoic-curie.212-227-153-4.plesk.page\/de\/wp-json\/wp\/v2\/media?parent=733106"}],"wp:term":[{"taxonomy":"product_brand","embeddable":true,"href":"https:\/\/stoic-curie.212-227-153-4.plesk.page\/de\/wp-json\/wp\/v2\/product_brand?post=733106"},{"taxonomy":"product_cat","embeddable":true,"href":"https:\/\/stoic-curie.212-227-153-4.plesk.page\/de\/wp-json\/wp\/v2\/product_cat?post=733106"},{"taxonomy":"product_tag","embeddable":true,"href":"https:\/\/stoic-curie.212-227-153-4.plesk.page\/de\/wp-json\/wp\/v2\/product_tag?post=733106"}],"curies":[{"name":"wp","href":"https:\/\/api.w.org\/{rel}","templated":true}]}}