{"id":733108,"date":"2025-03-03T16:18:07","date_gmt":"2025-03-03T15:18:07","guid":{"rendered":"https:\/\/stoic-curie.212-227-153-4.plesk.page\/producto\/3-wege-marineventil-johnson-fernbedienung\/"},"modified":"2026-02-24T23:34:38","modified_gmt":"2026-02-24T23:34:38","slug":"3-wege-marineventil-johnson-fernbedienung","status":"publish","type":"product","link":"https:\/\/stoic-curie.212-227-153-4.plesk.page\/de\/product\/3-wege-marineventil-johnson-fernbedienung\/","title":{"rendered":"3-Wege-Marineventil Johnson (Fernbedienung)"},"content":{"rendered":"<p>3-Wege-Marineventil Johnson (Fernbedienung) &#8211; <\/p>\n<p>3-Wege-Umschaltventil mit Fernbedienungsoption \u00fcber Kabel. Erm\u00f6glicht das Pumpen von Toilettenabf\u00e4llen \u00fcber Bord oder in den Abfalltank.<\/p>\n","protected":false},"excerpt":{"rendered":"<p>3-Wege-Marineventil Johnson (Fernbedienung) &#8211; 3-Wege-Umschaltventil mit Fernbedienungsoption \u00fcber Kabel. Erm\u00f6glicht das Pumpen von Toilettenabf\u00e4llen \u00fcber Bord oder in den Abfalltank.<\/p>\n","protected":false},"featured_media":5937048,"comment_status":"open","ping_status":"closed","template":"","meta":[],"product_brand":[3045],"product_cat":[1362,1374,1383],"product_tag":[],"class_list":{"0":"post-733108","1":"product","2":"type-product","3":"status-publish","4":"has-post-thumbnail","6":"product_brand-johnson-marine-de","7":"product_cat-abwassertanks","8":"product_cat-kunststoff-wasserinstallationsarmaturen","9":"product_cat-marine-ventile","11":"first","12":"instock","13":"shipping-taxable","14":"purchasable","15":"product-type-simple"},"_links":{"self":[{"href":"https:\/\/stoic-curie.212-227-153-4.plesk.page\/de\/wp-json\/wp\/v2\/product\/733108","targetHints":{"allow":["GET"]}}],"collection":[{"href":"https:\/\/stoic-curie.212-227-153-4.plesk.page\/de\/wp-json\/wp\/v2\/product"}],"about":[{"href":"https:\/\/stoic-curie.212-227-153-4.plesk.page\/de\/wp-json\/wp\/v2\/types\/product"}],"replies":[{"embeddable":true,"href":"https:\/\/stoic-curie.212-227-153-4.plesk.page\/de\/wp-json\/wp\/v2\/comments?post=733108"}],"version-history":[{"count":0,"href":"https:\/\/stoic-curie.212-227-153-4.plesk.page\/de\/wp-json\/wp\/v2\/product\/733108\/revisions"}],"wp:featuredmedia":[{"embeddable":true,"href":"https:\/\/stoic-curie.212-227-153-4.plesk.page\/de\/wp-json\/wp\/v2\/media\/5937048"}],"wp:attachment":[{"href":"https:\/\/stoic-curie.212-227-153-4.plesk.page\/de\/wp-json\/wp\/v2\/media?parent=733108"}],"wp:term":[{"taxonomy":"product_brand","embeddable":true,"href":"https:\/\/stoic-curie.212-227-153-4.plesk.page\/de\/wp-json\/wp\/v2\/product_brand?post=733108"},{"taxonomy":"product_cat","embeddable":true,"href":"https:\/\/stoic-curie.212-227-153-4.plesk.page\/de\/wp-json\/wp\/v2\/product_cat?post=733108"},{"taxonomy":"product_tag","embeddable":true,"href":"https:\/\/stoic-curie.212-227-153-4.plesk.page\/de\/wp-json\/wp\/v2\/product_tag?post=733108"}],"curies":[{"name":"wp","href":"https:\/\/api.w.org\/{rel}","templated":true}]}}