{"id":733130,"date":"2025-03-03T16:18:12","date_gmt":"2025-03-03T15:18:12","guid":{"rendered":"https:\/\/stoic-curie.212-227-153-4.plesk.page\/producto\/nautical-bimini-f2-blue-3-boegen-aus-aluminium-200-cm-breite-x-180-cm-laenge-x-110-cm-hoehe\/"},"modified":"2026-02-24T23:34:41","modified_gmt":"2026-02-24T23:34:41","slug":"nautical-bimini-f2-blue-3-boegen-aus-aluminium-200-cm-breite-x-180-cm-laenge-x-110-cm-hoehe","status":"publish","type":"product","link":"https:\/\/stoic-curie.212-227-153-4.plesk.page\/de\/product\/nautical-bimini-f2-blue-3-boegen-aus-aluminium-200-cm-breite-x-180-cm-laenge-x-110-cm-hoehe\/","title":{"rendered":"Nautical Bimini F2 Blue 3 B\u00f6gen aus Aluminium 200 cm Breite x 180 cm L\u00e4nge x 110 cm H\u00f6he"},"content":{"rendered":"<p>Nautical Bimini F2 Blue 3 B\u00f6gen aus Aluminium 200 cm Breite x 180 cm L\u00e4nge x 110 cm H\u00f6he &#8211; <\/p>\n<p>3-Bogen Sonnenschutz-Bimini-Top. Anodisiertes Aluminiumgestell, 100 % Polyester mit PVC-beschichtetem Stoff. 20 mm Rohre.<\/p>\n","protected":false},"excerpt":{"rendered":"<p>Nautical Bimini F2 Blue 3 B\u00f6gen aus Aluminium 200 cm Breite x 180 cm L\u00e4nge x 110 cm H\u00f6he &#8211;<\/p>\n","protected":false},"featured_media":5937078,"comment_status":"open","ping_status":"closed","template":"","meta":[],"product_brand":[3185],"product_cat":[1402],"product_tag":[],"class_list":{"0":"post-733130","1":"product","2":"type-product","3":"status-publish","4":"has-post-thumbnail","6":"product_brand-nettuno-de","7":"product_cat-bimini-verdecke","9":"first","10":"instock","11":"shipping-taxable","12":"purchasable","13":"product-type-simple"},"_links":{"self":[{"href":"https:\/\/stoic-curie.212-227-153-4.plesk.page\/de\/wp-json\/wp\/v2\/product\/733130","targetHints":{"allow":["GET"]}}],"collection":[{"href":"https:\/\/stoic-curie.212-227-153-4.plesk.page\/de\/wp-json\/wp\/v2\/product"}],"about":[{"href":"https:\/\/stoic-curie.212-227-153-4.plesk.page\/de\/wp-json\/wp\/v2\/types\/product"}],"replies":[{"embeddable":true,"href":"https:\/\/stoic-curie.212-227-153-4.plesk.page\/de\/wp-json\/wp\/v2\/comments?post=733130"}],"version-history":[{"count":0,"href":"https:\/\/stoic-curie.212-227-153-4.plesk.page\/de\/wp-json\/wp\/v2\/product\/733130\/revisions"}],"wp:featuredmedia":[{"embeddable":true,"href":"https:\/\/stoic-curie.212-227-153-4.plesk.page\/de\/wp-json\/wp\/v2\/media\/5937078"}],"wp:attachment":[{"href":"https:\/\/stoic-curie.212-227-153-4.plesk.page\/de\/wp-json\/wp\/v2\/media?parent=733130"}],"wp:term":[{"taxonomy":"product_brand","embeddable":true,"href":"https:\/\/stoic-curie.212-227-153-4.plesk.page\/de\/wp-json\/wp\/v2\/product_brand?post=733130"},{"taxonomy":"product_cat","embeddable":true,"href":"https:\/\/stoic-curie.212-227-153-4.plesk.page\/de\/wp-json\/wp\/v2\/product_cat?post=733130"},{"taxonomy":"product_tag","embeddable":true,"href":"https:\/\/stoic-curie.212-227-153-4.plesk.page\/de\/wp-json\/wp\/v2\/product_tag?post=733130"}],"curies":[{"name":"wp","href":"https:\/\/api.w.org\/{rel}","templated":true}]}}