{"id":733136,"date":"2025-03-03T16:18:13","date_gmt":"2025-03-03T15:18:13","guid":{"rendered":"https:\/\/stoic-curie.212-227-153-4.plesk.page\/producto\/zugelassene-rettungsweste-vsg-kid-gelb-30-40-kg-100n\/"},"modified":"2026-02-24T23:34:41","modified_gmt":"2026-02-24T23:34:41","slug":"zugelassene-rettungsweste-vsg-kid-gelb-30-40-kg-100n","status":"publish","type":"product","link":"https:\/\/stoic-curie.212-227-153-4.plesk.page\/de\/product\/zugelassene-rettungsweste-vsg-kid-gelb-30-40-kg-100n\/","title":{"rendered":"Zugelassene Rettungsweste VSG Kid Gelb 30-40 kg 100N"},"content":{"rendered":"<p>Zugelassene Rettungsweste VSG Kid Gelb 30-40 kg 100N &#8211; <\/p>\n<p>100N sehr bequeste und tragbare Kinder-Schwimmweste aus Schaumstoff, EN ISO 12402-4 zertifiziert f\u00fcr Vergn\u00fcgungsfahrten innerhalb von 6 Seemeilen von der K\u00fcste. Merkmale: rei\u00dffestes Gewebe, Kragen f\u00fcr besseren Kopfschutz, Rei\u00dfverschluss, G\u00fcrtel mit Schnellverschluss, Unter- und Schrittgurt, reflektierende Patches und Pfeife. 100N &#8211; Geeignet f\u00fcr Personen, die schwimmen k\u00f6nnen. Nicht geeignet f\u00fcr bewusstlose Personen.<\/p>\n","protected":false},"excerpt":{"rendered":"<p>Zugelassene Rettungsweste VSG Kid Gelb 30-40 kg 100N &#8211; 100N sehr bequeste und tragbare Kinder-Schwimmweste aus Schaumstoff, EN ISO 12402-4<\/p>\n","protected":false},"featured_media":2912398,"comment_status":"open","ping_status":"closed","template":"","meta":[],"product_brand":[2193,3515],"product_cat":[1319],"product_tag":[],"class_list":{"0":"post-733136","1":"product","2":"type-product","3":"status-publish","4":"has-post-thumbnail","6":"product_brand-veleria-san-giorgio","7":"product_brand-veleria-san-giorgio-de","8":"product_cat-rettungswesten-fuer-kinder","10":"first","11":"instock","12":"shipping-taxable","13":"purchasable","14":"product-type-simple"},"_links":{"self":[{"href":"https:\/\/stoic-curie.212-227-153-4.plesk.page\/de\/wp-json\/wp\/v2\/product\/733136","targetHints":{"allow":["GET"]}}],"collection":[{"href":"https:\/\/stoic-curie.212-227-153-4.plesk.page\/de\/wp-json\/wp\/v2\/product"}],"about":[{"href":"https:\/\/stoic-curie.212-227-153-4.plesk.page\/de\/wp-json\/wp\/v2\/types\/product"}],"replies":[{"embeddable":true,"href":"https:\/\/stoic-curie.212-227-153-4.plesk.page\/de\/wp-json\/wp\/v2\/comments?post=733136"}],"version-history":[{"count":0,"href":"https:\/\/stoic-curie.212-227-153-4.plesk.page\/de\/wp-json\/wp\/v2\/product\/733136\/revisions"}],"wp:featuredmedia":[{"embeddable":true,"href":"https:\/\/stoic-curie.212-227-153-4.plesk.page\/de\/wp-json\/"}],"wp:attachment":[{"href":"https:\/\/stoic-curie.212-227-153-4.plesk.page\/de\/wp-json\/wp\/v2\/media?parent=733136"}],"wp:term":[{"taxonomy":"product_brand","embeddable":true,"href":"https:\/\/stoic-curie.212-227-153-4.plesk.page\/de\/wp-json\/wp\/v2\/product_brand?post=733136"},{"taxonomy":"product_cat","embeddable":true,"href":"https:\/\/stoic-curie.212-227-153-4.plesk.page\/de\/wp-json\/wp\/v2\/product_cat?post=733136"},{"taxonomy":"product_tag","embeddable":true,"href":"https:\/\/stoic-curie.212-227-153-4.plesk.page\/de\/wp-json\/wp\/v2\/product_tag?post=733136"}],"curies":[{"name":"wp","href":"https:\/\/api.w.org\/{rel}","templated":true}]}}