{"id":733137,"date":"2025-03-03T16:18:13","date_gmt":"2025-03-03T15:18:13","guid":{"rendered":"https:\/\/stoic-curie.212-227-153-4.plesk.page\/producto\/rettungsweste-baby-safe-150n-bis-15kg\/"},"modified":"2026-02-24T23:34:41","modified_gmt":"2026-02-24T23:34:41","slug":"rettungsweste-baby-safe-150n-bis-15kg","status":"publish","type":"product","link":"https:\/\/stoic-curie.212-227-153-4.plesk.page\/de\/product\/rettungsweste-baby-safe-150n-bis-15kg\/","title":{"rendered":"Rettungsweste Baby Safe 150N bis 15kg"},"content":{"rendered":"<p>Rettungsweste Baby Safe 150N bis 15kg &#8211; <\/p>\n<p>Wir freuen uns, Ihnen unsere 150N Baby-Schaumrettungsweste vorstellen zu d\u00fcrfen, die sowohl f\u00fcr Komfort als auch f\u00fcr Benutzerfreundlichkeit entwickelt wurde. Diese Weste erf\u00fcllt die EN ISO 12402-3-Zertifizierung, was sie f\u00fcr Freizeitboote geeignet macht, die mehr als 6 Meilen von der K\u00fcste entfernt sind. Ihr schwimmf\u00e4higes Design sorgt daf\u00fcr, dass S\u00e4uglinge in der besten Position im Wasser bleiben. Zu den bemerkenswerten Eigenschaften geh\u00f6ren ein Rei\u00dfverschluss, ein verstellbarer Taillengurt, ein Tragegriff, reflektierende Streifen und eine Pfeife. Mit einer 150N-Bewertung ist diese Rettungsweste perfekt f\u00fcr Offshore-Situationen, selbst f\u00fcr Personen, die m\u00f6glicherweise ohnm\u00e4chtig sind.<\/p>\n","protected":false},"excerpt":{"rendered":"<p>Rettungsweste Baby Safe 150N bis 15kg &#8211; Wir freuen uns, Ihnen unsere 150N Baby-Schaumrettungsweste vorstellen zu d\u00fcrfen, die sowohl f\u00fcr<\/p>\n","protected":false},"featured_media":5937092,"comment_status":"open","ping_status":"closed","template":"","meta":[],"product_brand":[3515],"product_cat":[1319],"product_tag":[],"class_list":{"0":"post-733137","1":"product","2":"type-product","3":"status-publish","4":"has-post-thumbnail","6":"product_brand-veleria-san-giorgio-de","7":"product_cat-rettungswesten-fuer-kinder","9":"first","10":"instock","11":"shipping-taxable","12":"purchasable","13":"product-type-simple"},"_links":{"self":[{"href":"https:\/\/stoic-curie.212-227-153-4.plesk.page\/de\/wp-json\/wp\/v2\/product\/733137","targetHints":{"allow":["GET"]}}],"collection":[{"href":"https:\/\/stoic-curie.212-227-153-4.plesk.page\/de\/wp-json\/wp\/v2\/product"}],"about":[{"href":"https:\/\/stoic-curie.212-227-153-4.plesk.page\/de\/wp-json\/wp\/v2\/types\/product"}],"replies":[{"embeddable":true,"href":"https:\/\/stoic-curie.212-227-153-4.plesk.page\/de\/wp-json\/wp\/v2\/comments?post=733137"}],"version-history":[{"count":0,"href":"https:\/\/stoic-curie.212-227-153-4.plesk.page\/de\/wp-json\/wp\/v2\/product\/733137\/revisions"}],"wp:featuredmedia":[{"embeddable":true,"href":"https:\/\/stoic-curie.212-227-153-4.plesk.page\/de\/wp-json\/wp\/v2\/media\/5937092"}],"wp:attachment":[{"href":"https:\/\/stoic-curie.212-227-153-4.plesk.page\/de\/wp-json\/wp\/v2\/media?parent=733137"}],"wp:term":[{"taxonomy":"product_brand","embeddable":true,"href":"https:\/\/stoic-curie.212-227-153-4.plesk.page\/de\/wp-json\/wp\/v2\/product_brand?post=733137"},{"taxonomy":"product_cat","embeddable":true,"href":"https:\/\/stoic-curie.212-227-153-4.plesk.page\/de\/wp-json\/wp\/v2\/product_cat?post=733137"},{"taxonomy":"product_tag","embeddable":true,"href":"https:\/\/stoic-curie.212-227-153-4.plesk.page\/de\/wp-json\/wp\/v2\/product_tag?post=733137"}],"curies":[{"name":"wp","href":"https:\/\/api.w.org\/{rel}","templated":true}]}}