{"id":733151,"date":"2025-03-03T16:18:15","date_gmt":"2025-03-03T15:18:15","guid":{"rendered":"https:\/\/stoic-curie.212-227-153-4.plesk.page\/producto\/abgaskruemmer-original-mercruiser-860235a03\/"},"modified":"2026-02-24T23:34:41","modified_gmt":"2026-02-24T23:34:41","slug":"abgaskruemmer-original-mercruiser-860235a03","status":"publish","type":"product","link":"https:\/\/stoic-curie.212-227-153-4.plesk.page\/de\/product\/abgaskruemmer-original-mercruiser-860235a03\/","title":{"rendered":"Abgaskr\u00fcmmer Mercruiser 860235A03"},"content":{"rendered":"<p>Abgaskr\u00fcmmer Mercruiser 860235A03 &#8211; <\/p>\n<p><span style=\"color: rgb(34, 34, 34); font-family: Arial, Helvetica, sans-serif; font-size: small;\">Wir pr\u00e4sentieren das authentische Mercruiser 860235A03 Abgaskr\u00fcmmer, das mit allen notwendigen Schrauben und einer hochwertigen Dichtung f\u00fcr eine einfache Installation geliefert wird. Dieses spezielle Kr\u00fcmmer ist so konzipiert, dass es mit 3,0L und 3,0L LX-Motoren kompatibel ist, um optimale Leistung und Zuverl\u00e4ssigkeit zu gew\u00e4hrleisten. Er dient als direkter Ersatz f\u00fcr mehrere OEM Mercruiser-Teilenummern, einschlie\u00dflich 806867A12, 806867A2, 806867A3, 806867A8, 806867A9, 816329A3, 860235A03 und 99798A18. Dar\u00fcber hinaus ist er auch ein geeigneter Ersatz f\u00fcr Sierra-Teilenummern 18-1966 und 18-1966-1, was ihn zu einer vielseitigen Wahl f\u00fcr Ihre Marine-Motorbed\u00fcrfnisse macht.<\/span><\/p>\n","protected":false},"excerpt":{"rendered":"<p>Abgaskr\u00fcmmer Mercruiser 860235A03 &#8211; Wir pr\u00e4sentieren das authentische Mercruiser 860235A03 Abgaskr\u00fcmmer, das mit allen notwendigen Schrauben und einer hochwertigen Dichtung<\/p>\n","protected":false},"featured_media":5937129,"comment_status":"open","ping_status":"closed","template":"","meta":[],"product_brand":[3285],"product_cat":[1543],"product_tag":[],"class_list":{"0":"post-733151","1":"product","2":"type-product","3":"status-publish","4":"has-post-thumbnail","6":"product_brand-quicksilver-de","7":"product_cat-marine-ersatzteile-fuer-mercruiser","9":"first","10":"instock","11":"shipping-taxable","12":"purchasable","13":"product-type-simple"},"_links":{"self":[{"href":"https:\/\/stoic-curie.212-227-153-4.plesk.page\/de\/wp-json\/wp\/v2\/product\/733151","targetHints":{"allow":["GET"]}}],"collection":[{"href":"https:\/\/stoic-curie.212-227-153-4.plesk.page\/de\/wp-json\/wp\/v2\/product"}],"about":[{"href":"https:\/\/stoic-curie.212-227-153-4.plesk.page\/de\/wp-json\/wp\/v2\/types\/product"}],"replies":[{"embeddable":true,"href":"https:\/\/stoic-curie.212-227-153-4.plesk.page\/de\/wp-json\/wp\/v2\/comments?post=733151"}],"version-history":[{"count":0,"href":"https:\/\/stoic-curie.212-227-153-4.plesk.page\/de\/wp-json\/wp\/v2\/product\/733151\/revisions"}],"wp:featuredmedia":[{"embeddable":true,"href":"https:\/\/stoic-curie.212-227-153-4.plesk.page\/de\/wp-json\/wp\/v2\/media\/5937129"}],"wp:attachment":[{"href":"https:\/\/stoic-curie.212-227-153-4.plesk.page\/de\/wp-json\/wp\/v2\/media?parent=733151"}],"wp:term":[{"taxonomy":"product_brand","embeddable":true,"href":"https:\/\/stoic-curie.212-227-153-4.plesk.page\/de\/wp-json\/wp\/v2\/product_brand?post=733151"},{"taxonomy":"product_cat","embeddable":true,"href":"https:\/\/stoic-curie.212-227-153-4.plesk.page\/de\/wp-json\/wp\/v2\/product_cat?post=733151"},{"taxonomy":"product_tag","embeddable":true,"href":"https:\/\/stoic-curie.212-227-153-4.plesk.page\/de\/wp-json\/wp\/v2\/product_tag?post=733151"}],"curies":[{"name":"wp","href":"https:\/\/api.w.org\/{rel}","templated":true}]}}