{"id":733154,"date":"2025-03-03T16:18:16","date_gmt":"2025-03-03T15:18:16","guid":{"rendered":"https:\/\/stoic-curie.212-227-153-4.plesk.page\/producto\/motorstossdaempfer-marine-motorhalterungen-l-m20-400kg\/"},"modified":"2026-02-24T23:34:41","modified_gmt":"2026-02-24T23:34:41","slug":"motorstossdaempfer-marine-motorhalterungen-l-m20-400kg","status":"publish","type":"product","link":"https:\/\/stoic-curie.212-227-153-4.plesk.page\/de\/product\/motorstossdaempfer-marine-motorhalterungen-l-m20-400kg\/","title":{"rendered":"Motorsto\u00dfd\u00e4mpfer-Marine Motorhalterungen L M20 400KG"},"content":{"rendered":"<p>Motorsto\u00dfd\u00e4mpfer-Marine Motorhalterungen L M20 400KG &#8211; <\/p>\n<p>Flexible Halterungen f\u00fcr gro\u00dfe Dieselmotoren. <br \/>Nach den Standards von Det Norske Veritas zertifiziert. <br \/>M20-Gewindestift mit einer L\u00e4nge von 130 mm. <br \/>(SH = Shore)<\/p>\n","protected":false},"excerpt":{"rendered":"<p>Motorsto\u00dfd\u00e4mpfer-Marine Motorhalterungen L M20 400KG &#8211; Flexible Halterungen f\u00fcr gro\u00dfe Dieselmotoren. Nach den Standards von Det Norske Veritas zertifiziert. M20-Gewindestift<\/p>\n","protected":false},"featured_media":5937137,"comment_status":"open","ping_status":"closed","template":"","meta":[],"product_brand":[2780],"product_cat":[1537],"product_tag":[],"class_list":{"0":"post-733154","1":"product","2":"type-product","3":"status-publish","4":"has-post-thumbnail","6":"product_brand-ancor-marine-de","7":"product_cat-motorhalterungen","9":"first","10":"instock","11":"shipping-taxable","12":"purchasable","13":"product-type-simple"},"_links":{"self":[{"href":"https:\/\/stoic-curie.212-227-153-4.plesk.page\/de\/wp-json\/wp\/v2\/product\/733154","targetHints":{"allow":["GET"]}}],"collection":[{"href":"https:\/\/stoic-curie.212-227-153-4.plesk.page\/de\/wp-json\/wp\/v2\/product"}],"about":[{"href":"https:\/\/stoic-curie.212-227-153-4.plesk.page\/de\/wp-json\/wp\/v2\/types\/product"}],"replies":[{"embeddable":true,"href":"https:\/\/stoic-curie.212-227-153-4.plesk.page\/de\/wp-json\/wp\/v2\/comments?post=733154"}],"version-history":[{"count":0,"href":"https:\/\/stoic-curie.212-227-153-4.plesk.page\/de\/wp-json\/wp\/v2\/product\/733154\/revisions"}],"wp:featuredmedia":[{"embeddable":true,"href":"https:\/\/stoic-curie.212-227-153-4.plesk.page\/de\/wp-json\/wp\/v2\/media\/5937137"}],"wp:attachment":[{"href":"https:\/\/stoic-curie.212-227-153-4.plesk.page\/de\/wp-json\/wp\/v2\/media?parent=733154"}],"wp:term":[{"taxonomy":"product_brand","embeddable":true,"href":"https:\/\/stoic-curie.212-227-153-4.plesk.page\/de\/wp-json\/wp\/v2\/product_brand?post=733154"},{"taxonomy":"product_cat","embeddable":true,"href":"https:\/\/stoic-curie.212-227-153-4.plesk.page\/de\/wp-json\/wp\/v2\/product_cat?post=733154"},{"taxonomy":"product_tag","embeddable":true,"href":"https:\/\/stoic-curie.212-227-153-4.plesk.page\/de\/wp-json\/wp\/v2\/product_tag?post=733154"}],"curies":[{"name":"wp","href":"https:\/\/api.w.org\/{rel}","templated":true}]}}